{"id":1565,"date":"2025-12-20T02:58:23","date_gmt":"2025-12-20T02:58:23","guid":{"rendered":"https:\/\/noodpakket-emergency.shop\/?post_type=product&#038;p=1565"},"modified":"2025-12-20T02:58:29","modified_gmt":"2025-12-20T02:58:29","slug":"doritos-sweet-chilli-pepper","status":"publish","type":"product","link":"https:\/\/nachtwinkeldelivery.be\/fr\/produit\/doritos-sweet-chilli-pepper\/","title":{"rendered":"Doritos Piment doux"},"content":{"rendered":"<div class=\"product-info-content-block\">\n<h2 class=\"typography_root__18FkK typography_variant-hero__3Hwz5 typography_weight-strong__ZyrR2 typography_hasMargin__26L1z\">Omschrijving<\/h2>\n<div class=\"product-info-description\">\n<ul class=\"product-info-description__list\">\n<li class=\"product-info-description__list-item\">Ma\u00efschips met chilipepersmaak<\/li>\n<li class=\"product-info-description__list-item\">Verpakt onder beschermende atmosfeer.<\/li>\n<\/ul>\n<\/div>\n<div class=\"product-info-content-block product-info-content-block--compact product-info-contents__net-contents\">\n<h4 class=\"typography_root__18FkK typography_variant-subtitle__28-FV typography_weight-strong__ZyrR2 product-info-contents__sub-heading\">Inhoud en gewicht<\/h4>\n<p class=\"typography_root__18FkK typography_variant-paragraph__33rgM typography_hasMargin__26L1z\">200 Gram<\/p>\n<table class=\"product-info-contents__contents-table\">\n<tbody>\n<tr>\n<th class=\"product-info-contents__contents-table-header\">Aantal porties:<\/th>\n<td class=\"product-info-contents__contents-table-cell\">6-7<\/td>\n<\/tr>\n<\/tbody>\n<\/table>\n<\/div>\n<\/div>\n<div class=\"product-info-content-block product-info-ingredients\">\n<h2 class=\"typography_root__18FkK typography_variant-hero__3Hwz5 typography_weight-strong__ZyrR2 typography_hasMargin__26L1z\">Ingredi\u00ebnten<\/h2>\n<p class=\"typography_root__18FkK typography_variant-paragraph__33rgM typography_hasMargin__26L1z\">Ingredi\u00ebnten: ma\u00efs, plantaardige oli\u00ebn (zonnebloem, koolzaad, in wisselende hoeveelheden), chilipepersmaak [suiker, aroma (bevat\u00a0<span class=\"product-info-ingredients__contains-allergen\">SOJA<\/span>,\u00a0<span class=\"product-info-ingredients__contains-allergen\">TARWE<\/span>), gehydrolyseerd\u00a0<span class=\"product-info-ingredients__contains-allergen\">SOJA<\/span>-eiwit, zuurteregelaars (natriumdiacetaat), smaakversterkers (mononatriumglutamaat, dinatrium-5\u2019-ribonucleotiden), chilipeper-extracten, uipoeder, zout, knoflookpoeder, voedingszuur (citroenzuur, appelzuur), kaliumchloride,\u00a0<span class=\"product-info-ingredients__contains-allergen\">SOJA<\/span>,\u00a0<span class=\"product-info-ingredients__contains-allergen\">TARWE<\/span>, kleurstof (paprika-extract)].<\/p>\n<h4 class=\"typography_root__18FkK typography_variant-subtitle__28-FV typography_weight-strong__ZyrR2 product-info-ingredients__sub-heading\">Allergenen informatie<\/h4>\n<p class=\"typography_root__18FkK typography_variant-paragraph__33rgM typography_hasMargin__26L1z product-info-ingredients__content\">Bevat: soja, glutenbevattende granen, tarwe.<\/p>\n<\/div>\n<div class=\"product-info-content-block product-info-nutritions\">\n<h2 class=\"typography_root__18FkK typography_variant-hero__3Hwz5 typography_weight-strong__ZyrR2 typography_hasMargin__26L1z\">Voedingswaarden<\/h2>\n<p class=\"typography_root__18FkK typography_variant-paragraph__33rgM typography_hasMargin__26L1z\">Deze waarden gelden voor het onbereide product.<\/p>\n<table class=\"product-info-nutritions__table\">\n<thead>\n<tr>\n<th scope=\"col\">Soort<\/th>\n<th scope=\"col\">Per 100 Gram.<\/th>\n<\/tr>\n<\/thead>\n<tbody>\n<tr>\n<td class=\"\">Energie<\/td>\n<td>2003 kJ (478 kcal)<\/td>\n<\/tr>\n<tr>\n<td class=\"\">Vet<\/td>\n<td>21 g<\/td>\n<\/tr>\n<tr>\n<td class=\"indent\">Waarvan verzadigd<\/td>\n<td>2 g<\/td>\n<\/tr>\n<tr>\n<td class=\"\">Koolhydraten<\/td>\n<td>62 g<\/td>\n<\/tr>\n<tr>\n<td class=\"indent\">Waarvan suikers<\/td>\n<td>5.3 g<\/td>\n<\/tr>\n<tr>\n<td class=\"\">Voedingsvezel<\/td>\n<td>6.2 g<\/td>\n<\/tr>\n<tr>\n<td class=\"\">Eiwitten<\/td>\n<td>6.2 g<\/td>\n<\/tr>\n<tr>\n<td class=\"\">Zout<\/td>\n<td>1.1 g<\/td>\n<\/tr>\n<\/tbody>\n<\/table>\n<\/div>\n<p>&nbsp;<\/p>\n","protected":false},"excerpt":{"rendered":"<p>Omschrijving Ma\u00efschips met chilipepersmaak Verpakt onder beschermende atmosfeer. Inhoud en gewicht 200 Gram Aantal porties: 6-7 Ingredi\u00ebnten Ingredi\u00ebnten: ma\u00efs, plantaardige oli\u00ebn (zonnebloem, koolzaad, in wisselende hoeveelheden), chilipepersmaak [suiker, aroma (bevat\u00a0SOJA,\u00a0TARWE), gehydrolyseerd\u00a0SOJA-eiwit, zuurteregelaars (natriumdiacetaat), smaakversterkers (mononatriumglutamaat, dinatrium-5\u2019-ribonucleotiden), chilipeper-extracten, uipoeder, zout, knoflookpoeder, voedingszuur (citroenzuur, appelzuur), kaliumchloride,\u00a0SOJA,\u00a0TARWE, kleurstof (paprika-extract)]. Allergenen informatie Bevat: soja,<\/p>\n","protected":false},"featured_media":1403,"comment_status":"open","ping_status":"closed","template":"","meta":[],"product_brand":[],"product_cat":[99],"product_tag":[],"class_list":{"0":"post-1565","1":"product","2":"type-product","3":"status-publish","4":"has-post-thumbnail","6":"product_cat-foods","8":"first","9":"instock","10":"taxable","11":"shipping-taxable","12":"purchasable","13":"product-type-simple"},"yoast_head":"<!-- This site is optimized with the Yoast SEO plugin v27.1.1 - https:\/\/yoast.com\/product\/yoast-seo-wordpress\/ -->\n<title>Doritos Sweet chilli pepper - Nachtwinkel Delivery Antwerpen<\/title>\n<meta name=\"robots\" content=\"index, follow, max-snippet:-1, max-image-preview:large, max-video-preview:-1\" \/>\n<link rel=\"canonical\" href=\"https:\/\/nachtwinkeldelivery.be\/fr\/produit\/doritos-sweet-chilli-pepper\/\" \/>\n<meta property=\"og:locale\" content=\"fr_FR\" \/>\n<meta property=\"og:type\" content=\"article\" \/>\n<meta property=\"og:title\" content=\"Doritos Sweet chilli pepper - Nachtwinkel Delivery Antwerpen\" \/>\n<meta property=\"og:description\" content=\"Omschrijving Ma\u00efschips met chilipepersmaak Verpakt onder beschermende atmosfeer. Inhoud en gewicht 200 Gram Aantal porties: 6-7 Ingredi\u00ebnten Ingredi\u00ebnten: ma\u00efs, plantaardige oli\u00ebn (zonnebloem, koolzaad, in wisselende hoeveelheden), chilipepersmaak [suiker, aroma (bevat\u00a0SOJA,\u00a0TARWE), gehydrolyseerd\u00a0SOJA-eiwit, zuurteregelaars (natriumdiacetaat), smaakversterkers (mononatriumglutamaat, dinatrium-5\u2019-ribonucleotiden), chilipeper-extracten, uipoeder, zout, knoflookpoeder, voedingszuur (citroenzuur, appelzuur), kaliumchloride,\u00a0SOJA,\u00a0TARWE, kleurstof (paprika-extract)]. Allergenen informatie Bevat: soja,\" \/>\n<meta property=\"og:url\" content=\"https:\/\/nachtwinkeldelivery.be\/fr\/produit\/doritos-sweet-chilli-pepper\/\" \/>\n<meta property=\"og:site_name\" content=\"Nachtwinkel Delivery Antwerpen\" \/>\n<meta property=\"article:publisher\" content=\"https:\/\/web.facebook.com\/p\/Nachtwinkeldelivery-100063950088979\/\" \/>\n<meta property=\"article:modified_time\" content=\"2025-12-20T02:58:29+00:00\" \/>\n<meta property=\"og:image\" content=\"https:\/\/nachtwinkeldelivery.be\/wp-content\/uploads\/2025\/12\/AHI_434d5032333032393135_3_LowRes_JPG.jpg\" \/>\n\t<meta property=\"og:image:width\" content=\"708\" \/>\n\t<meta property=\"og:image:height\" content=\"708\" \/>\n\t<meta property=\"og:image:type\" content=\"image\/jpeg\" \/>\n<meta name=\"twitter:card\" content=\"summary_large_image\" \/>\n<script type=\"application\/ld+json\" class=\"yoast-schema-graph\">{\"@context\":\"https:\/\/schema.org\",\"@graph\":[{\"@type\":\"WebPage\",\"@id\":\"https:\/\/nachtwinkeldelivery.be\/product\/doritos-sweet-chilli-pepper\/\",\"url\":\"https:\/\/nachtwinkeldelivery.be\/product\/doritos-sweet-chilli-pepper\/\",\"name\":\"Doritos Sweet chilli pepper - Nachtwinkel Delivery Antwerpen\",\"isPartOf\":{\"@id\":\"https:\/\/nachtwinkeldelivery.be\/#website\"},\"primaryImageOfPage\":{\"@id\":\"https:\/\/nachtwinkeldelivery.be\/product\/doritos-sweet-chilli-pepper\/#primaryimage\"},\"image\":{\"@id\":\"https:\/\/nachtwinkeldelivery.be\/product\/doritos-sweet-chilli-pepper\/#primaryimage\"},\"thumbnailUrl\":\"https:\/\/i0.wp.com\/nachtwinkeldelivery.be\/wp-content\/uploads\/2025\/12\/AHI_434d5032333032393135_3_LowRes_JPG.jpg?fit=708%2C708&ssl=1\",\"datePublished\":\"2025-12-20T02:58:23+00:00\",\"dateModified\":\"2025-12-20T02:58:29+00:00\",\"breadcrumb\":{\"@id\":\"https:\/\/nachtwinkeldelivery.be\/product\/doritos-sweet-chilli-pepper\/#breadcrumb\"},\"inLanguage\":\"fr-BE\",\"potentialAction\":[{\"@type\":\"ReadAction\",\"target\":[\"https:\/\/nachtwinkeldelivery.be\/product\/doritos-sweet-chilli-pepper\/\"]}]},{\"@type\":\"ImageObject\",\"inLanguage\":\"fr-BE\",\"@id\":\"https:\/\/nachtwinkeldelivery.be\/product\/doritos-sweet-chilli-pepper\/#primaryimage\",\"url\":\"https:\/\/i0.wp.com\/nachtwinkeldelivery.be\/wp-content\/uploads\/2025\/12\/AHI_434d5032333032393135_3_LowRes_JPG.jpg?fit=708%2C708&ssl=1\",\"contentUrl\":\"https:\/\/i0.wp.com\/nachtwinkeldelivery.be\/wp-content\/uploads\/2025\/12\/AHI_434d5032333032393135_3_LowRes_JPG.jpg?fit=708%2C708&ssl=1\",\"width\":708,\"height\":708},{\"@type\":\"BreadcrumbList\",\"@id\":\"https:\/\/nachtwinkeldelivery.be\/product\/doritos-sweet-chilli-pepper\/#breadcrumb\",\"itemListElement\":[{\"@type\":\"ListItem\",\"position\":1,\"name\":\"Home\",\"item\":\"https:\/\/nachtwinkeldelivery.be\/\"},{\"@type\":\"ListItem\",\"position\":2,\"name\":\"Shop\",\"item\":\"https:\/\/nachtwinkeldelivery.be\/shop\/\"},{\"@type\":\"ListItem\",\"position\":3,\"name\":\"Doritos Sweet chilli pepper\"}]},{\"@type\":\"WebSite\",\"@id\":\"https:\/\/nachtwinkeldelivery.be\/#website\",\"url\":\"https:\/\/nachtwinkeldelivery.be\/\",\"name\":\"Nachtwinkel Delivery Antwerpen\",\"description\":\"Nachtwinkel Delivery\",\"publisher\":{\"@id\":\"https:\/\/nachtwinkeldelivery.be\/#organization\"},\"potentialAction\":[{\"@type\":\"SearchAction\",\"target\":{\"@type\":\"EntryPoint\",\"urlTemplate\":\"https:\/\/nachtwinkeldelivery.be\/?s={search_term_string}\"},\"query-input\":{\"@type\":\"PropertyValueSpecification\",\"valueRequired\":true,\"valueName\":\"search_term_string\"}}],\"inLanguage\":\"fr-BE\"},{\"@type\":\"Organization\",\"@id\":\"https:\/\/nachtwinkeldelivery.be\/#organization\",\"name\":\"Nachtwinkel Delivery Antwerpen\",\"url\":\"https:\/\/nachtwinkeldelivery.be\/\",\"logo\":{\"@type\":\"ImageObject\",\"inLanguage\":\"fr-BE\",\"@id\":\"https:\/\/nachtwinkeldelivery.be\/#\/schema\/logo\/image\/\",\"url\":\"https:\/\/nachtwinkeldelivery.be\/wp-content\/uploads\/2025\/12\/Gemini_Generated_Image_8hhdu98hhdu98hhd-removebg-preview.png\",\"contentUrl\":\"https:\/\/nachtwinkeldelivery.be\/wp-content\/uploads\/2025\/12\/Gemini_Generated_Image_8hhdu98hhdu98hhd-removebg-preview.png\",\"width\":939,\"height\":266,\"caption\":\"Nachtwinkel Delivery Antwerpen\"},\"image\":{\"@id\":\"https:\/\/nachtwinkeldelivery.be\/#\/schema\/logo\/image\/\"},\"sameAs\":[\"https:\/\/web.facebook.com\/p\/Nachtwinkeldelivery-100063950088979\/\"]}]}<\/script>\n<!-- \/ Yoast SEO plugin. -->","yoast_head_json":{"title":"Doritos Sweet chilli pepper - Nachtwinkel Delivery Antwerpen","robots":{"index":"index","follow":"follow","max-snippet":"max-snippet:-1","max-image-preview":"max-image-preview:large","max-video-preview":"max-video-preview:-1"},"canonical":"https:\/\/nachtwinkeldelivery.be\/fr\/produit\/doritos-sweet-chilli-pepper\/","og_locale":"fr_FR","og_type":"article","og_title":"Doritos Sweet chilli pepper - Nachtwinkel Delivery Antwerpen","og_description":"Omschrijving Ma\u00efschips met chilipepersmaak Verpakt onder beschermende atmosfeer. Inhoud en gewicht 200 Gram Aantal porties: 6-7 Ingredi\u00ebnten Ingredi\u00ebnten: ma\u00efs, plantaardige oli\u00ebn (zonnebloem, koolzaad, in wisselende hoeveelheden), chilipepersmaak [suiker, aroma (bevat\u00a0SOJA,\u00a0TARWE), gehydrolyseerd\u00a0SOJA-eiwit, zuurteregelaars (natriumdiacetaat), smaakversterkers (mononatriumglutamaat, dinatrium-5\u2019-ribonucleotiden), chilipeper-extracten, uipoeder, zout, knoflookpoeder, voedingszuur (citroenzuur, appelzuur), kaliumchloride,\u00a0SOJA,\u00a0TARWE, kleurstof (paprika-extract)]. Allergenen informatie Bevat: soja,","og_url":"https:\/\/nachtwinkeldelivery.be\/fr\/produit\/doritos-sweet-chilli-pepper\/","og_site_name":"Nachtwinkel Delivery Antwerpen","article_publisher":"https:\/\/web.facebook.com\/p\/Nachtwinkeldelivery-100063950088979\/","article_modified_time":"2025-12-20T02:58:29+00:00","og_image":[{"width":708,"height":708,"url":"https:\/\/nachtwinkeldelivery.be\/wp-content\/uploads\/2025\/12\/AHI_434d5032333032393135_3_LowRes_JPG.jpg","type":"image\/jpeg"}],"twitter_card":"summary_large_image","schema":{"@context":"https:\/\/schema.org","@graph":[{"@type":"WebPage","@id":"https:\/\/nachtwinkeldelivery.be\/product\/doritos-sweet-chilli-pepper\/","url":"https:\/\/nachtwinkeldelivery.be\/product\/doritos-sweet-chilli-pepper\/","name":"Doritos Sweet chilli pepper - Nachtwinkel Delivery Antwerpen","isPartOf":{"@id":"https:\/\/nachtwinkeldelivery.be\/#website"},"primaryImageOfPage":{"@id":"https:\/\/nachtwinkeldelivery.be\/product\/doritos-sweet-chilli-pepper\/#primaryimage"},"image":{"@id":"https:\/\/nachtwinkeldelivery.be\/product\/doritos-sweet-chilli-pepper\/#primaryimage"},"thumbnailUrl":"https:\/\/i0.wp.com\/nachtwinkeldelivery.be\/wp-content\/uploads\/2025\/12\/AHI_434d5032333032393135_3_LowRes_JPG.jpg?fit=708%2C708&ssl=1","datePublished":"2025-12-20T02:58:23+00:00","dateModified":"2025-12-20T02:58:29+00:00","breadcrumb":{"@id":"https:\/\/nachtwinkeldelivery.be\/product\/doritos-sweet-chilli-pepper\/#breadcrumb"},"inLanguage":"fr-BE","potentialAction":[{"@type":"ReadAction","target":["https:\/\/nachtwinkeldelivery.be\/product\/doritos-sweet-chilli-pepper\/"]}]},{"@type":"ImageObject","inLanguage":"fr-BE","@id":"https:\/\/nachtwinkeldelivery.be\/product\/doritos-sweet-chilli-pepper\/#primaryimage","url":"https:\/\/i0.wp.com\/nachtwinkeldelivery.be\/wp-content\/uploads\/2025\/12\/AHI_434d5032333032393135_3_LowRes_JPG.jpg?fit=708%2C708&ssl=1","contentUrl":"https:\/\/i0.wp.com\/nachtwinkeldelivery.be\/wp-content\/uploads\/2025\/12\/AHI_434d5032333032393135_3_LowRes_JPG.jpg?fit=708%2C708&ssl=1","width":708,"height":708},{"@type":"BreadcrumbList","@id":"https:\/\/nachtwinkeldelivery.be\/product\/doritos-sweet-chilli-pepper\/#breadcrumb","itemListElement":[{"@type":"ListItem","position":1,"name":"Home","item":"https:\/\/nachtwinkeldelivery.be\/"},{"@type":"ListItem","position":2,"name":"Shop","item":"https:\/\/nachtwinkeldelivery.be\/shop\/"},{"@type":"ListItem","position":3,"name":"Doritos Sweet chilli pepper"}]},{"@type":"WebSite","@id":"https:\/\/nachtwinkeldelivery.be\/#website","url":"https:\/\/nachtwinkeldelivery.be\/","name":"Livraison Nightshop Anvers","description":"Nachtwinkel Delivery","publisher":{"@id":"https:\/\/nachtwinkeldelivery.be\/#organization"},"potentialAction":[{"@type":"SearchAction","target":{"@type":"EntryPoint","urlTemplate":"https:\/\/nachtwinkeldelivery.be\/?s={search_term_string}"},"query-input":{"@type":"PropertyValueSpecification","valueRequired":true,"valueName":"search_term_string"}}],"inLanguage":"fr-BE"},{"@type":"Organization","@id":"https:\/\/nachtwinkeldelivery.be\/#organization","name":"Livraison Nightshop Anvers","url":"https:\/\/nachtwinkeldelivery.be\/","logo":{"@type":"ImageObject","inLanguage":"fr-BE","@id":"https:\/\/nachtwinkeldelivery.be\/#\/schema\/logo\/image\/","url":"https:\/\/nachtwinkeldelivery.be\/wp-content\/uploads\/2025\/12\/Gemini_Generated_Image_8hhdu98hhdu98hhd-removebg-preview.png","contentUrl":"https:\/\/nachtwinkeldelivery.be\/wp-content\/uploads\/2025\/12\/Gemini_Generated_Image_8hhdu98hhdu98hhd-removebg-preview.png","width":939,"height":266,"caption":"Nachtwinkel Delivery Antwerpen"},"image":{"@id":"https:\/\/nachtwinkeldelivery.be\/#\/schema\/logo\/image\/"},"sameAs":["https:\/\/web.facebook.com\/p\/Nachtwinkeldelivery-100063950088979\/"]}]}},"jetpack_sharing_enabled":true,"_links":{"self":[{"href":"https:\/\/nachtwinkeldelivery.be\/fr\/wp-json\/wp\/v2\/product\/1565","targetHints":{"allow":["GET"]}}],"collection":[{"href":"https:\/\/nachtwinkeldelivery.be\/fr\/wp-json\/wp\/v2\/product"}],"about":[{"href":"https:\/\/nachtwinkeldelivery.be\/fr\/wp-json\/wp\/v2\/types\/product"}],"replies":[{"embeddable":true,"href":"https:\/\/nachtwinkeldelivery.be\/fr\/wp-json\/wp\/v2\/comments?post=1565"}],"wp:featuredmedia":[{"embeddable":true,"href":"https:\/\/nachtwinkeldelivery.be\/fr\/wp-json\/wp\/v2\/media\/1403"}],"wp:attachment":[{"href":"https:\/\/nachtwinkeldelivery.be\/fr\/wp-json\/wp\/v2\/media?parent=1565"}],"wp:term":[{"taxonomy":"product_brand","embeddable":true,"href":"https:\/\/nachtwinkeldelivery.be\/fr\/wp-json\/wp\/v2\/product_brand?post=1565"},{"taxonomy":"product_cat","embeddable":true,"href":"https:\/\/nachtwinkeldelivery.be\/fr\/wp-json\/wp\/v2\/product_cat?post=1565"},{"taxonomy":"product_tag","embeddable":true,"href":"https:\/\/nachtwinkeldelivery.be\/fr\/wp-json\/wp\/v2\/product_tag?post=1565"}],"curies":[{"name":"wp","href":"https:\/\/api.w.org\/{rel}","templated":true}]}}