{"id":1568,"date":"2025-12-20T02:58:23","date_gmt":"2025-12-20T02:58:23","guid":{"rendered":"https:\/\/noodpakket-emergency.shop\/?post_type=product&#038;p=1568"},"modified":"2025-12-20T02:58:29","modified_gmt":"2025-12-20T02:58:29","slug":"martini-schuimwijn-brut-75cl","status":"publish","type":"product","link":"https:\/\/nachtwinkeldelivery.be\/fr\/produit\/martini-schuimwijn-brut-75cl\/","title":{"rendered":"Martini vin mousseux brut 75cL"},"content":{"rendered":"<p>Avec le lancement de Martini Brut, Martini renoue avec son riche pass\u00e9 de spumante. En effet, la production du premier vin mousseux Martini remonte \u00e0 1863.<\/p>\n<p>Les vins mousseux Martini connaissent rapidement un grand succ\u00e8s et, d\u00e8s 1900, les deux premi\u00e8res vari\u00e9t\u00e9s sont vendues en Chine, en Turquie, au Mexique et m\u00eame en Russie.<\/p>\n<p>Les Martini Spumantes sont \u00e9labor\u00e9s \u00e0 partir d'un m\u00e9lange complexe et d\u00e9licat de plus de cinq c\u00e9pages, dont le muscat, la malvoisie, le prosecco, le chardonnay et le brachetto.<\/p>\n<p><span class=\"\">La consommation d'alcool est interdite aux mineurs de moins de 16 ans.\u00a0<\/span><img data-recalc-dims=\"1\" loading=\"lazy\" decoding=\"async\" class=\"alignnone wp-image-30 additional-class lazyloaded\" src=\"https:\/\/i0.wp.com\/night-owl.be\/wp-content\/uploads\/2019\/03\/picot-16-300x200.gif?resize=45%2C30&#038;ssl=1\" alt=\"\" width=\"45\" height=\"30\" data-lazy-src=\"https:\/\/i0.wp.com\/night-owl.be\/wp-content\/uploads\/2019\/03\/picot-16-300x200.gif?ssl=1\" data-was-processed=\"true\" \/><\/p>","protected":false},"excerpt":{"rendered":"<p>Met de lancering van Martini Brut knoopte Martini opnieuw aan met haar rijke spumante verleden. De productie van de eerste Martini schuimwijn dateert namelijk reeds van 1863. De Martini mousserende wijnen werden al snel een groot succes en tegen het jaar 1900 werden de twee eerste varianten verkocht tot in<\/p>","protected":false},"featured_media":1434,"comment_status":"open","ping_status":"closed","template":"","meta":[],"product_brand":[],"product_cat":[96],"product_tag":[],"class_list":{"0":"post-1568","1":"product","2":"type-product","3":"status-publish","4":"has-post-thumbnail","6":"product_cat-alcohol","8":"first","9":"instock","10":"taxable","11":"shipping-taxable","12":"purchasable","13":"product-type-simple"},"yoast_head":"<!-- This site is optimized with the Yoast SEO plugin v27.1.1 - https:\/\/yoast.com\/product\/yoast-seo-wordpress\/ -->\n<title>Martini schuimwijn brut 75cL - Nachtwinkel Delivery Antwerpen<\/title>\n<meta name=\"robots\" content=\"index, follow, max-snippet:-1, max-image-preview:large, max-video-preview:-1\" \/>\n<link rel=\"canonical\" href=\"https:\/\/nachtwinkeldelivery.be\/fr\/produit\/martini-schuimwijn-brut-75cl\/\" \/>\n<meta property=\"og:locale\" content=\"fr_FR\" \/>\n<meta property=\"og:type\" content=\"article\" \/>\n<meta property=\"og:title\" content=\"Martini schuimwijn brut 75cL - Nachtwinkel Delivery Antwerpen\" \/>\n<meta property=\"og:description\" content=\"Met de lancering van Martini Brut knoopte Martini opnieuw aan met haar rijke spumante verleden. De productie van de eerste Martini schuimwijn dateert namelijk reeds van 1863. De Martini mousserende wijnen werden al snel een groot succes en tegen het jaar 1900 werden de twee eerste varianten verkocht tot in\" \/>\n<meta property=\"og:url\" content=\"https:\/\/nachtwinkeldelivery.be\/fr\/produit\/martini-schuimwijn-brut-75cl\/\" \/>\n<meta property=\"og:site_name\" content=\"Nachtwinkel Delivery Antwerpen\" \/>\n<meta property=\"article:publisher\" content=\"https:\/\/web.facebook.com\/p\/Nachtwinkeldelivery-100063950088979\/\" \/>\n<meta property=\"article:modified_time\" content=\"2025-12-20T02:58:29+00:00\" \/>\n<meta property=\"og:image\" content=\"https:\/\/nachtwinkeldelivery.be\/wp-content\/uploads\/2025\/12\/Schuimwijnen_martini_brut.jpg\" \/>\n\t<meta property=\"og:image:width\" content=\"700\" \/>\n\t<meta property=\"og:image:height\" content=\"700\" \/>\n\t<meta property=\"og:image:type\" content=\"image\/jpeg\" \/>\n<meta name=\"twitter:card\" content=\"summary_large_image\" \/>\n<script type=\"application\/ld+json\" class=\"yoast-schema-graph\">{\"@context\":\"https:\/\/schema.org\",\"@graph\":[{\"@type\":\"WebPage\",\"@id\":\"https:\/\/nachtwinkeldelivery.be\/product\/martini-schuimwijn-brut-75cl\/\",\"url\":\"https:\/\/nachtwinkeldelivery.be\/product\/martini-schuimwijn-brut-75cl\/\",\"name\":\"Martini schuimwijn brut 75cL - Nachtwinkel Delivery Antwerpen\",\"isPartOf\":{\"@id\":\"https:\/\/nachtwinkeldelivery.be\/#website\"},\"primaryImageOfPage\":{\"@id\":\"https:\/\/nachtwinkeldelivery.be\/product\/martini-schuimwijn-brut-75cl\/#primaryimage\"},\"image\":{\"@id\":\"https:\/\/nachtwinkeldelivery.be\/product\/martini-schuimwijn-brut-75cl\/#primaryimage\"},\"thumbnailUrl\":\"https:\/\/i0.wp.com\/nachtwinkeldelivery.be\/wp-content\/uploads\/2025\/12\/Schuimwijnen_martini_brut.jpg?fit=700%2C700&ssl=1\",\"datePublished\":\"2025-12-20T02:58:23+00:00\",\"dateModified\":\"2025-12-20T02:58:29+00:00\",\"breadcrumb\":{\"@id\":\"https:\/\/nachtwinkeldelivery.be\/product\/martini-schuimwijn-brut-75cl\/#breadcrumb\"},\"inLanguage\":\"fr-BE\",\"potentialAction\":[{\"@type\":\"ReadAction\",\"target\":[\"https:\/\/nachtwinkeldelivery.be\/product\/martini-schuimwijn-brut-75cl\/\"]}]},{\"@type\":\"ImageObject\",\"inLanguage\":\"fr-BE\",\"@id\":\"https:\/\/nachtwinkeldelivery.be\/product\/martini-schuimwijn-brut-75cl\/#primaryimage\",\"url\":\"https:\/\/i0.wp.com\/nachtwinkeldelivery.be\/wp-content\/uploads\/2025\/12\/Schuimwijnen_martini_brut.jpg?fit=700%2C700&ssl=1\",\"contentUrl\":\"https:\/\/i0.wp.com\/nachtwinkeldelivery.be\/wp-content\/uploads\/2025\/12\/Schuimwijnen_martini_brut.jpg?fit=700%2C700&ssl=1\",\"width\":700,\"height\":700},{\"@type\":\"BreadcrumbList\",\"@id\":\"https:\/\/nachtwinkeldelivery.be\/product\/martini-schuimwijn-brut-75cl\/#breadcrumb\",\"itemListElement\":[{\"@type\":\"ListItem\",\"position\":1,\"name\":\"Home\",\"item\":\"https:\/\/nachtwinkeldelivery.be\/\"},{\"@type\":\"ListItem\",\"position\":2,\"name\":\"Shop\",\"item\":\"https:\/\/nachtwinkeldelivery.be\/shop\/\"},{\"@type\":\"ListItem\",\"position\":3,\"name\":\"Martini schuimwijn brut 75cL\"}]},{\"@type\":\"WebSite\",\"@id\":\"https:\/\/nachtwinkeldelivery.be\/#website\",\"url\":\"https:\/\/nachtwinkeldelivery.be\/\",\"name\":\"Nachtwinkel Delivery Antwerpen\",\"description\":\"Nachtwinkel Delivery\",\"publisher\":{\"@id\":\"https:\/\/nachtwinkeldelivery.be\/#organization\"},\"potentialAction\":[{\"@type\":\"SearchAction\",\"target\":{\"@type\":\"EntryPoint\",\"urlTemplate\":\"https:\/\/nachtwinkeldelivery.be\/?s={search_term_string}\"},\"query-input\":{\"@type\":\"PropertyValueSpecification\",\"valueRequired\":true,\"valueName\":\"search_term_string\"}}],\"inLanguage\":\"fr-BE\"},{\"@type\":\"Organization\",\"@id\":\"https:\/\/nachtwinkeldelivery.be\/#organization\",\"name\":\"Nachtwinkel Delivery Antwerpen\",\"url\":\"https:\/\/nachtwinkeldelivery.be\/\",\"logo\":{\"@type\":\"ImageObject\",\"inLanguage\":\"fr-BE\",\"@id\":\"https:\/\/nachtwinkeldelivery.be\/#\/schema\/logo\/image\/\",\"url\":\"https:\/\/nachtwinkeldelivery.be\/wp-content\/uploads\/2025\/12\/Gemini_Generated_Image_8hhdu98hhdu98hhd-removebg-preview.png\",\"contentUrl\":\"https:\/\/nachtwinkeldelivery.be\/wp-content\/uploads\/2025\/12\/Gemini_Generated_Image_8hhdu98hhdu98hhd-removebg-preview.png\",\"width\":939,\"height\":266,\"caption\":\"Nachtwinkel Delivery Antwerpen\"},\"image\":{\"@id\":\"https:\/\/nachtwinkeldelivery.be\/#\/schema\/logo\/image\/\"},\"sameAs\":[\"https:\/\/web.facebook.com\/p\/Nachtwinkeldelivery-100063950088979\/\"]}]}<\/script>\n<!-- \/ Yoast SEO plugin. -->","yoast_head_json":{"title":"Martini schuimwijn brut 75cL - Nachtwinkel Delivery Antwerpen","robots":{"index":"index","follow":"follow","max-snippet":"max-snippet:-1","max-image-preview":"max-image-preview:large","max-video-preview":"max-video-preview:-1"},"canonical":"https:\/\/nachtwinkeldelivery.be\/fr\/produit\/martini-schuimwijn-brut-75cl\/","og_locale":"fr_FR","og_type":"article","og_title":"Martini schuimwijn brut 75cL - Nachtwinkel Delivery Antwerpen","og_description":"Met de lancering van Martini Brut knoopte Martini opnieuw aan met haar rijke spumante verleden. De productie van de eerste Martini schuimwijn dateert namelijk reeds van 1863. De Martini mousserende wijnen werden al snel een groot succes en tegen het jaar 1900 werden de twee eerste varianten verkocht tot in","og_url":"https:\/\/nachtwinkeldelivery.be\/fr\/produit\/martini-schuimwijn-brut-75cl\/","og_site_name":"Nachtwinkel Delivery Antwerpen","article_publisher":"https:\/\/web.facebook.com\/p\/Nachtwinkeldelivery-100063950088979\/","article_modified_time":"2025-12-20T02:58:29+00:00","og_image":[{"width":700,"height":700,"url":"https:\/\/nachtwinkeldelivery.be\/wp-content\/uploads\/2025\/12\/Schuimwijnen_martini_brut.jpg","type":"image\/jpeg"}],"twitter_card":"summary_large_image","schema":{"@context":"https:\/\/schema.org","@graph":[{"@type":"WebPage","@id":"https:\/\/nachtwinkeldelivery.be\/product\/martini-schuimwijn-brut-75cl\/","url":"https:\/\/nachtwinkeldelivery.be\/product\/martini-schuimwijn-brut-75cl\/","name":"Martini schuimwijn brut 75cL - Nachtwinkel Delivery Antwerpen","isPartOf":{"@id":"https:\/\/nachtwinkeldelivery.be\/#website"},"primaryImageOfPage":{"@id":"https:\/\/nachtwinkeldelivery.be\/product\/martini-schuimwijn-brut-75cl\/#primaryimage"},"image":{"@id":"https:\/\/nachtwinkeldelivery.be\/product\/martini-schuimwijn-brut-75cl\/#primaryimage"},"thumbnailUrl":"https:\/\/i0.wp.com\/nachtwinkeldelivery.be\/wp-content\/uploads\/2025\/12\/Schuimwijnen_martini_brut.jpg?fit=700%2C700&ssl=1","datePublished":"2025-12-20T02:58:23+00:00","dateModified":"2025-12-20T02:58:29+00:00","breadcrumb":{"@id":"https:\/\/nachtwinkeldelivery.be\/product\/martini-schuimwijn-brut-75cl\/#breadcrumb"},"inLanguage":"fr-BE","potentialAction":[{"@type":"ReadAction","target":["https:\/\/nachtwinkeldelivery.be\/product\/martini-schuimwijn-brut-75cl\/"]}]},{"@type":"ImageObject","inLanguage":"fr-BE","@id":"https:\/\/nachtwinkeldelivery.be\/product\/martini-schuimwijn-brut-75cl\/#primaryimage","url":"https:\/\/i0.wp.com\/nachtwinkeldelivery.be\/wp-content\/uploads\/2025\/12\/Schuimwijnen_martini_brut.jpg?fit=700%2C700&ssl=1","contentUrl":"https:\/\/i0.wp.com\/nachtwinkeldelivery.be\/wp-content\/uploads\/2025\/12\/Schuimwijnen_martini_brut.jpg?fit=700%2C700&ssl=1","width":700,"height":700},{"@type":"BreadcrumbList","@id":"https:\/\/nachtwinkeldelivery.be\/product\/martini-schuimwijn-brut-75cl\/#breadcrumb","itemListElement":[{"@type":"ListItem","position":1,"name":"Home","item":"https:\/\/nachtwinkeldelivery.be\/"},{"@type":"ListItem","position":2,"name":"Shop","item":"https:\/\/nachtwinkeldelivery.be\/shop\/"},{"@type":"ListItem","position":3,"name":"Martini schuimwijn brut 75cL"}]},{"@type":"WebSite","@id":"https:\/\/nachtwinkeldelivery.be\/#website","url":"https:\/\/nachtwinkeldelivery.be\/","name":"Livraison Nightshop Anvers","description":"Nachtwinkel Delivery","publisher":{"@id":"https:\/\/nachtwinkeldelivery.be\/#organization"},"potentialAction":[{"@type":"SearchAction","target":{"@type":"EntryPoint","urlTemplate":"https:\/\/nachtwinkeldelivery.be\/?s={search_term_string}"},"query-input":{"@type":"PropertyValueSpecification","valueRequired":true,"valueName":"search_term_string"}}],"inLanguage":"fr-BE"},{"@type":"Organization","@id":"https:\/\/nachtwinkeldelivery.be\/#organization","name":"Livraison Nightshop Anvers","url":"https:\/\/nachtwinkeldelivery.be\/","logo":{"@type":"ImageObject","inLanguage":"fr-BE","@id":"https:\/\/nachtwinkeldelivery.be\/#\/schema\/logo\/image\/","url":"https:\/\/nachtwinkeldelivery.be\/wp-content\/uploads\/2025\/12\/Gemini_Generated_Image_8hhdu98hhdu98hhd-removebg-preview.png","contentUrl":"https:\/\/nachtwinkeldelivery.be\/wp-content\/uploads\/2025\/12\/Gemini_Generated_Image_8hhdu98hhdu98hhd-removebg-preview.png","width":939,"height":266,"caption":"Nachtwinkel Delivery Antwerpen"},"image":{"@id":"https:\/\/nachtwinkeldelivery.be\/#\/schema\/logo\/image\/"},"sameAs":["https:\/\/web.facebook.com\/p\/Nachtwinkeldelivery-100063950088979\/"]}]}},"jetpack_sharing_enabled":true,"_links":{"self":[{"href":"https:\/\/nachtwinkeldelivery.be\/fr\/wp-json\/wp\/v2\/product\/1568","targetHints":{"allow":["GET"]}}],"collection":[{"href":"https:\/\/nachtwinkeldelivery.be\/fr\/wp-json\/wp\/v2\/product"}],"about":[{"href":"https:\/\/nachtwinkeldelivery.be\/fr\/wp-json\/wp\/v2\/types\/product"}],"replies":[{"embeddable":true,"href":"https:\/\/nachtwinkeldelivery.be\/fr\/wp-json\/wp\/v2\/comments?post=1568"}],"wp:featuredmedia":[{"embeddable":true,"href":"https:\/\/nachtwinkeldelivery.be\/fr\/wp-json\/wp\/v2\/media\/1434"}],"wp:attachment":[{"href":"https:\/\/nachtwinkeldelivery.be\/fr\/wp-json\/wp\/v2\/media?parent=1568"}],"wp:term":[{"taxonomy":"product_brand","embeddable":true,"href":"https:\/\/nachtwinkeldelivery.be\/fr\/wp-json\/wp\/v2\/product_brand?post=1568"},{"taxonomy":"product_cat","embeddable":true,"href":"https:\/\/nachtwinkeldelivery.be\/fr\/wp-json\/wp\/v2\/product_cat?post=1568"},{"taxonomy":"product_tag","embeddable":true,"href":"https:\/\/nachtwinkeldelivery.be\/fr\/wp-json\/wp\/v2\/product_tag?post=1568"}],"curies":[{"name":"wp","href":"https:\/\/api.w.org\/{rel}","templated":true}]}}