{"id":1589,"date":"2025-12-20T02:58:31","date_gmt":"2025-12-20T02:58:31","guid":{"rendered":"https:\/\/noodpakket-emergency.shop\/?post_type=product&#038;p=1589"},"modified":"2025-12-20T02:58:36","modified_gmt":"2025-12-20T02:58:36","slug":"bombay-london-dry-gin-70cl","status":"publish","type":"product","link":"https:\/\/nachtwinkeldelivery.be\/fr\/produit\/bombay-london-dry-gin-70cl\/","title":{"rendered":"Bombay London Dry Gin 70cl"},"content":{"rendered":"<p>\u00c0 servir de pr\u00e9f\u00e9rence avec du tonic, de la glace et une tranche de citron. Le G&amp;T classique ne peut pas \u00eatre plus traditionnel que cela et l'utilisation du Bombay Dry permet d'obtenir un cocktail frais et propre qui met en valeur les ar\u00f4mes de geni\u00e8vre et de citron frais.<\/p>\n<div class=\"woocommerce-product-details__short-description\">\n<p><span class=\"goog-text-highlight\">La consommation d'alcool est interdite aux mineurs\u00a0<\/span><img data-recalc-dims=\"1\" loading=\"lazy\" decoding=\"async\" class=\"alignnone wp-image-20 additional-class lazyloaded\" src=\"https:\/\/i0.wp.com\/night-owl.be\/wp-content\/uploads\/2019\/03\/moins18-299x300.png?resize=20%2C20&#038;ssl=1\" alt=\"\" width=\"20\" height=\"20\" data-lazy-src=\"https:\/\/i0.wp.com\/night-owl.be\/wp-content\/uploads\/2019\/03\/moins18-299x300.png?ssl=1\" data-was-processed=\"true\" \/><\/p>\n<p><img data-recalc-dims=\"1\" loading=\"lazy\" decoding=\"async\" class=\"alignnone size-full wp-image-3795\" src=\"https:\/\/i0.wp.com\/nachtwinkeldelivery.be\/wp-content\/uploads\/2020\/09\/47400.jpg?resize=202%2C250&#038;ssl=1\" alt=\"\" width=\"202\" height=\"250\" \/><\/p>\n<\/div>","protected":false},"excerpt":{"rendered":"<p>Best geserveerd met tonic, ijs en een schijfje citroen. De klassieke G&amp;T is niet traditioneler dan dit en het gebruik van Bombay Dry zorgt voor een frisse, schone cocktail die goed is voor jeneverbessen en verse citroensmaken. Alcoholgebruik is verboden voor minderjarigen\u00a0<\/p>","protected":false},"featured_media":1473,"comment_status":"open","ping_status":"closed","template":"","meta":[],"product_brand":[],"product_cat":[96],"product_tag":[],"class_list":{"0":"post-1589","1":"product","2":"type-product","3":"status-publish","4":"has-post-thumbnail","6":"product_cat-alcohol","8":"first","9":"instock","10":"taxable","11":"shipping-taxable","12":"purchasable","13":"product-type-simple"},"yoast_head":"<!-- This site is optimized with the Yoast SEO plugin v27.1.1 - https:\/\/yoast.com\/product\/yoast-seo-wordpress\/ -->\n<title>Bombay London Dry Gin 70cl - Nachtwinkel Delivery Antwerpen<\/title>\n<meta name=\"robots\" content=\"index, follow, max-snippet:-1, max-image-preview:large, max-video-preview:-1\" \/>\n<link rel=\"canonical\" href=\"https:\/\/nachtwinkeldelivery.be\/fr\/produit\/bombay-london-dry-gin-70cl\/\" \/>\n<meta property=\"og:locale\" content=\"fr_FR\" \/>\n<meta property=\"og:type\" content=\"article\" \/>\n<meta property=\"og:title\" content=\"Bombay London Dry Gin 70cl - Nachtwinkel Delivery Antwerpen\" \/>\n<meta property=\"og:description\" content=\"Best geserveerd met tonic, ijs en een schijfje citroen. De klassieke G&amp;T is niet traditioneler dan dit en het gebruik van Bombay Dry zorgt voor een frisse, schone cocktail die goed is voor jeneverbessen en verse citroensmaken. Alcoholgebruik is verboden voor minderjarigen\u00a0\" \/>\n<meta property=\"og:url\" content=\"https:\/\/nachtwinkeldelivery.be\/fr\/produit\/bombay-london-dry-gin-70cl\/\" \/>\n<meta property=\"og:site_name\" content=\"Nachtwinkel Delivery Antwerpen\" \/>\n<meta property=\"article:publisher\" content=\"https:\/\/web.facebook.com\/p\/Nachtwinkeldelivery-100063950088979\/\" \/>\n<meta property=\"article:modified_time\" content=\"2025-12-20T02:58:36+00:00\" \/>\n<meta property=\"og:image\" content=\"https:\/\/nachtwinkeldelivery.be\/wp-content\/uploads\/2025\/12\/bombay-original-1266600.jpg\" \/>\n\t<meta property=\"og:image:width\" content=\"800\" \/>\n\t<meta property=\"og:image:height\" content=\"800\" \/>\n\t<meta property=\"og:image:type\" content=\"image\/jpeg\" \/>\n<meta name=\"twitter:card\" content=\"summary_large_image\" \/>\n<script type=\"application\/ld+json\" class=\"yoast-schema-graph\">{\"@context\":\"https:\/\/schema.org\",\"@graph\":[{\"@type\":\"WebPage\",\"@id\":\"https:\/\/nachtwinkeldelivery.be\/product\/bombay-london-dry-gin-70cl\/\",\"url\":\"https:\/\/nachtwinkeldelivery.be\/product\/bombay-london-dry-gin-70cl\/\",\"name\":\"Bombay London Dry Gin 70cl - Nachtwinkel Delivery Antwerpen\",\"isPartOf\":{\"@id\":\"https:\/\/nachtwinkeldelivery.be\/#website\"},\"primaryImageOfPage\":{\"@id\":\"https:\/\/nachtwinkeldelivery.be\/product\/bombay-london-dry-gin-70cl\/#primaryimage\"},\"image\":{\"@id\":\"https:\/\/nachtwinkeldelivery.be\/product\/bombay-london-dry-gin-70cl\/#primaryimage\"},\"thumbnailUrl\":\"https:\/\/i0.wp.com\/nachtwinkeldelivery.be\/wp-content\/uploads\/2025\/12\/bombay-original-1266600.jpg?fit=800%2C800&ssl=1\",\"datePublished\":\"2025-12-20T02:58:31+00:00\",\"dateModified\":\"2025-12-20T02:58:36+00:00\",\"breadcrumb\":{\"@id\":\"https:\/\/nachtwinkeldelivery.be\/product\/bombay-london-dry-gin-70cl\/#breadcrumb\"},\"inLanguage\":\"fr-BE\",\"potentialAction\":[{\"@type\":\"ReadAction\",\"target\":[\"https:\/\/nachtwinkeldelivery.be\/product\/bombay-london-dry-gin-70cl\/\"]}]},{\"@type\":\"ImageObject\",\"inLanguage\":\"fr-BE\",\"@id\":\"https:\/\/nachtwinkeldelivery.be\/product\/bombay-london-dry-gin-70cl\/#primaryimage\",\"url\":\"https:\/\/i0.wp.com\/nachtwinkeldelivery.be\/wp-content\/uploads\/2025\/12\/bombay-original-1266600.jpg?fit=800%2C800&ssl=1\",\"contentUrl\":\"https:\/\/i0.wp.com\/nachtwinkeldelivery.be\/wp-content\/uploads\/2025\/12\/bombay-original-1266600.jpg?fit=800%2C800&ssl=1\",\"width\":800,\"height\":800},{\"@type\":\"BreadcrumbList\",\"@id\":\"https:\/\/nachtwinkeldelivery.be\/product\/bombay-london-dry-gin-70cl\/#breadcrumb\",\"itemListElement\":[{\"@type\":\"ListItem\",\"position\":1,\"name\":\"Home\",\"item\":\"https:\/\/nachtwinkeldelivery.be\/\"},{\"@type\":\"ListItem\",\"position\":2,\"name\":\"Shop\",\"item\":\"https:\/\/nachtwinkeldelivery.be\/shop\/\"},{\"@type\":\"ListItem\",\"position\":3,\"name\":\"Bombay London Dry Gin 70cl\"}]},{\"@type\":\"WebSite\",\"@id\":\"https:\/\/nachtwinkeldelivery.be\/#website\",\"url\":\"https:\/\/nachtwinkeldelivery.be\/\",\"name\":\"Nachtwinkel Delivery Antwerpen\",\"description\":\"Nachtwinkel Delivery\",\"publisher\":{\"@id\":\"https:\/\/nachtwinkeldelivery.be\/#organization\"},\"potentialAction\":[{\"@type\":\"SearchAction\",\"target\":{\"@type\":\"EntryPoint\",\"urlTemplate\":\"https:\/\/nachtwinkeldelivery.be\/?s={search_term_string}\"},\"query-input\":{\"@type\":\"PropertyValueSpecification\",\"valueRequired\":true,\"valueName\":\"search_term_string\"}}],\"inLanguage\":\"fr-BE\"},{\"@type\":\"Organization\",\"@id\":\"https:\/\/nachtwinkeldelivery.be\/#organization\",\"name\":\"Nachtwinkel Delivery Antwerpen\",\"url\":\"https:\/\/nachtwinkeldelivery.be\/\",\"logo\":{\"@type\":\"ImageObject\",\"inLanguage\":\"fr-BE\",\"@id\":\"https:\/\/nachtwinkeldelivery.be\/#\/schema\/logo\/image\/\",\"url\":\"https:\/\/nachtwinkeldelivery.be\/wp-content\/uploads\/2025\/12\/Gemini_Generated_Image_8hhdu98hhdu98hhd-removebg-preview.png\",\"contentUrl\":\"https:\/\/nachtwinkeldelivery.be\/wp-content\/uploads\/2025\/12\/Gemini_Generated_Image_8hhdu98hhdu98hhd-removebg-preview.png\",\"width\":939,\"height\":266,\"caption\":\"Nachtwinkel Delivery Antwerpen\"},\"image\":{\"@id\":\"https:\/\/nachtwinkeldelivery.be\/#\/schema\/logo\/image\/\"},\"sameAs\":[\"https:\/\/web.facebook.com\/p\/Nachtwinkeldelivery-100063950088979\/\"]}]}<\/script>\n<!-- \/ Yoast SEO plugin. -->","yoast_head_json":{"title":"Bombay London Dry Gin 70cl - Nachtwinkel Delivery Antwerpen","robots":{"index":"index","follow":"follow","max-snippet":"max-snippet:-1","max-image-preview":"max-image-preview:large","max-video-preview":"max-video-preview:-1"},"canonical":"https:\/\/nachtwinkeldelivery.be\/fr\/produit\/bombay-london-dry-gin-70cl\/","og_locale":"fr_FR","og_type":"article","og_title":"Bombay London Dry Gin 70cl - Nachtwinkel Delivery Antwerpen","og_description":"Best geserveerd met tonic, ijs en een schijfje citroen. De klassieke G&amp;T is niet traditioneler dan dit en het gebruik van Bombay Dry zorgt voor een frisse, schone cocktail die goed is voor jeneverbessen en verse citroensmaken. Alcoholgebruik is verboden voor minderjarigen\u00a0","og_url":"https:\/\/nachtwinkeldelivery.be\/fr\/produit\/bombay-london-dry-gin-70cl\/","og_site_name":"Nachtwinkel Delivery Antwerpen","article_publisher":"https:\/\/web.facebook.com\/p\/Nachtwinkeldelivery-100063950088979\/","article_modified_time":"2025-12-20T02:58:36+00:00","og_image":[{"width":800,"height":800,"url":"https:\/\/nachtwinkeldelivery.be\/wp-content\/uploads\/2025\/12\/bombay-original-1266600.jpg","type":"image\/jpeg"}],"twitter_card":"summary_large_image","schema":{"@context":"https:\/\/schema.org","@graph":[{"@type":"WebPage","@id":"https:\/\/nachtwinkeldelivery.be\/product\/bombay-london-dry-gin-70cl\/","url":"https:\/\/nachtwinkeldelivery.be\/product\/bombay-london-dry-gin-70cl\/","name":"Bombay London Dry Gin 70cl - Nachtwinkel Delivery Antwerpen","isPartOf":{"@id":"https:\/\/nachtwinkeldelivery.be\/#website"},"primaryImageOfPage":{"@id":"https:\/\/nachtwinkeldelivery.be\/product\/bombay-london-dry-gin-70cl\/#primaryimage"},"image":{"@id":"https:\/\/nachtwinkeldelivery.be\/product\/bombay-london-dry-gin-70cl\/#primaryimage"},"thumbnailUrl":"https:\/\/i0.wp.com\/nachtwinkeldelivery.be\/wp-content\/uploads\/2025\/12\/bombay-original-1266600.jpg?fit=800%2C800&ssl=1","datePublished":"2025-12-20T02:58:31+00:00","dateModified":"2025-12-20T02:58:36+00:00","breadcrumb":{"@id":"https:\/\/nachtwinkeldelivery.be\/product\/bombay-london-dry-gin-70cl\/#breadcrumb"},"inLanguage":"fr-BE","potentialAction":[{"@type":"ReadAction","target":["https:\/\/nachtwinkeldelivery.be\/product\/bombay-london-dry-gin-70cl\/"]}]},{"@type":"ImageObject","inLanguage":"fr-BE","@id":"https:\/\/nachtwinkeldelivery.be\/product\/bombay-london-dry-gin-70cl\/#primaryimage","url":"https:\/\/i0.wp.com\/nachtwinkeldelivery.be\/wp-content\/uploads\/2025\/12\/bombay-original-1266600.jpg?fit=800%2C800&ssl=1","contentUrl":"https:\/\/i0.wp.com\/nachtwinkeldelivery.be\/wp-content\/uploads\/2025\/12\/bombay-original-1266600.jpg?fit=800%2C800&ssl=1","width":800,"height":800},{"@type":"BreadcrumbList","@id":"https:\/\/nachtwinkeldelivery.be\/product\/bombay-london-dry-gin-70cl\/#breadcrumb","itemListElement":[{"@type":"ListItem","position":1,"name":"Home","item":"https:\/\/nachtwinkeldelivery.be\/"},{"@type":"ListItem","position":2,"name":"Shop","item":"https:\/\/nachtwinkeldelivery.be\/shop\/"},{"@type":"ListItem","position":3,"name":"Bombay London Dry Gin 70cl"}]},{"@type":"WebSite","@id":"https:\/\/nachtwinkeldelivery.be\/#website","url":"https:\/\/nachtwinkeldelivery.be\/","name":"Livraison Nightshop Anvers","description":"Nachtwinkel Delivery","publisher":{"@id":"https:\/\/nachtwinkeldelivery.be\/#organization"},"potentialAction":[{"@type":"SearchAction","target":{"@type":"EntryPoint","urlTemplate":"https:\/\/nachtwinkeldelivery.be\/?s={search_term_string}"},"query-input":{"@type":"PropertyValueSpecification","valueRequired":true,"valueName":"search_term_string"}}],"inLanguage":"fr-BE"},{"@type":"Organization","@id":"https:\/\/nachtwinkeldelivery.be\/#organization","name":"Livraison Nightshop Anvers","url":"https:\/\/nachtwinkeldelivery.be\/","logo":{"@type":"ImageObject","inLanguage":"fr-BE","@id":"https:\/\/nachtwinkeldelivery.be\/#\/schema\/logo\/image\/","url":"https:\/\/nachtwinkeldelivery.be\/wp-content\/uploads\/2025\/12\/Gemini_Generated_Image_8hhdu98hhdu98hhd-removebg-preview.png","contentUrl":"https:\/\/nachtwinkeldelivery.be\/wp-content\/uploads\/2025\/12\/Gemini_Generated_Image_8hhdu98hhdu98hhd-removebg-preview.png","width":939,"height":266,"caption":"Nachtwinkel Delivery Antwerpen"},"image":{"@id":"https:\/\/nachtwinkeldelivery.be\/#\/schema\/logo\/image\/"},"sameAs":["https:\/\/web.facebook.com\/p\/Nachtwinkeldelivery-100063950088979\/"]}]}},"jetpack_sharing_enabled":true,"_links":{"self":[{"href":"https:\/\/nachtwinkeldelivery.be\/fr\/wp-json\/wp\/v2\/product\/1589","targetHints":{"allow":["GET"]}}],"collection":[{"href":"https:\/\/nachtwinkeldelivery.be\/fr\/wp-json\/wp\/v2\/product"}],"about":[{"href":"https:\/\/nachtwinkeldelivery.be\/fr\/wp-json\/wp\/v2\/types\/product"}],"replies":[{"embeddable":true,"href":"https:\/\/nachtwinkeldelivery.be\/fr\/wp-json\/wp\/v2\/comments?post=1589"}],"wp:featuredmedia":[{"embeddable":true,"href":"https:\/\/nachtwinkeldelivery.be\/fr\/wp-json\/wp\/v2\/media\/1473"}],"wp:attachment":[{"href":"https:\/\/nachtwinkeldelivery.be\/fr\/wp-json\/wp\/v2\/media?parent=1589"}],"wp:term":[{"taxonomy":"product_brand","embeddable":true,"href":"https:\/\/nachtwinkeldelivery.be\/fr\/wp-json\/wp\/v2\/product_brand?post=1589"},{"taxonomy":"product_cat","embeddable":true,"href":"https:\/\/nachtwinkeldelivery.be\/fr\/wp-json\/wp\/v2\/product_cat?post=1589"},{"taxonomy":"product_tag","embeddable":true,"href":"https:\/\/nachtwinkeldelivery.be\/fr\/wp-json\/wp\/v2\/product_tag?post=1589"}],"curies":[{"name":"wp","href":"https:\/\/api.w.org\/{rel}","templated":true}]}}