{"id":1603,"date":"2025-12-20T02:58:39","date_gmt":"2025-12-20T02:58:39","guid":{"rendered":"https:\/\/noodpakket-emergency.shop\/?post_type=product&#038;p=1603"},"modified":"2025-12-20T02:58:41","modified_gmt":"2025-12-20T02:58:41","slug":"ciroc-white-grape-vodka-70cl","status":"publish","type":"product","link":"https:\/\/nachtwinkeldelivery.be\/fr\/produit\/ciroc-white-grape-vodka-70cl\/","title":{"rendered":"C\u00eeroc Vodka raisin blanc 70cl"},"content":{"rendered":"<div class=\"collapsible\">\n<div id=\"ficha-collapsible\" class=\"collapsible-content\" aria-hidden=\"false\">\n<div id=\"kenmerken\" class=\"description_ficha\">\n<div class=\"attributes-container\">\n<table>\n<tbody>\n<tr class=\"categories spirits\">\n<th class=\"attribute label\" title=\"cat\u00e9gorie\">Cat\u00e9gorie :<\/th>\n<td class=\"data\"><a title=\"Vodka\" href=\"https:\/\/www.drinksco.nl\/vodka\">Vodka<\/a>\u00a0(spiritueux)<\/td>\n<\/tr>\n<tr>\n<th class=\"attribute label\" title=\"Producteur\">Producteur :<\/th>\n<td class=\"maker data\"><a class=\"bodegas\" title=\"C\u00eeroc\" href=\"https:\/\/www.drinksco.nl\/wijnmakerijen\/ciroc\">C\u00eeroc<\/a><\/td>\n<\/tr>\n<tr>\n<th class=\"attribute label\" title=\"Volume\">Volume :<\/th>\n<td class=\"tamanos data\">70cl<\/td>\n<\/tr>\n<tr class=\"volume\">\n<th class=\"attribute label\" title=\"Teneur en alcool\">Teneur en alcool :<\/th>\n<td class=\"data\">37.5%<\/td>\n<\/tr>\n<tr>\n<th class=\"attribute label\" title=\"pays\">Pays :<\/th>\n<td class=\"data\"><a title=\"Spiritueux de France\" href=\"https:\/\/www.drinksco.nl\/gedistilleerd:k:vodka:n:frankrijk\">France<\/a><\/td>\n<\/tr>\n<tr>\n<th class=\"attribute label\" title=\"Type de vodka\">Type de vodka :<\/th>\n<td class=\"data\">Avec ar\u00f4me ajout\u00e9<\/td>\n<\/tr>\n<\/tbody>\n<\/table>\n<\/div>\n<\/div>\n<p>Vodka avec ar\u00f4me ajout\u00e9 fabriqu\u00e9e par C\u00eeroc (\u20ac41.06), C\u00eeroc White Grape Vodka spirit manufactured in France containing an alcoholic strength of 37.5\u00ba (spiritueux de vodka de raisin blanc fabriqu\u00e9 en France avec un titre alcoom\u00e9trique de 37,5\u00ba).<\/p><\/div>\n<\/div>\n<div class=\"collapsible\">\n<h2 data-expandable=\"elaboration-collapsible\" aria-expanded=\"true\" aria-controls=\"elaboration-collapsible\"><\/h2>\n<\/div>","protected":false},"excerpt":{"rendered":"<p>Categorie: Vodka\u00a0(Gedistilleerd) Producent: C\u00eeroc Volume: 70cl Alcoholpercentage: 37.5% Land: Frankrijk Soort Wodka: Met Toegevoegde Smaak Vodka Met toegevoegde smaak vervaardigd door C\u00eeroc (41,06\u20ac), C\u00eeroc White Grape Vodka gedistilleerde drank vervaardigd in Frankrijk die een alcoholgraad van 37.5\u00ba bevat.<\/p>","protected":false},"featured_media":1489,"comment_status":"open","ping_status":"closed","template":"","meta":[],"product_brand":[],"product_cat":[96],"product_tag":[],"class_list":{"0":"post-1603","1":"product","2":"type-product","3":"status-publish","4":"has-post-thumbnail","6":"product_cat-alcohol","8":"first","9":"instock","10":"taxable","11":"shipping-taxable","12":"purchasable","13":"product-type-simple"},"yoast_head":"<!-- This site is optimized with the Yoast SEO plugin v27.1.1 - https:\/\/yoast.com\/product\/yoast-seo-wordpress\/ -->\n<title>C\u00eeroc White Grape Vodka 70cl - Nachtwinkel Delivery Antwerpen<\/title>\n<meta name=\"robots\" content=\"index, follow, max-snippet:-1, max-image-preview:large, max-video-preview:-1\" \/>\n<link rel=\"canonical\" href=\"https:\/\/nachtwinkeldelivery.be\/fr\/produit\/ciroc-white-grape-vodka-70cl\/\" \/>\n<meta property=\"og:locale\" content=\"fr_FR\" \/>\n<meta property=\"og:type\" content=\"article\" \/>\n<meta property=\"og:title\" content=\"C\u00eeroc White Grape Vodka 70cl - Nachtwinkel Delivery Antwerpen\" \/>\n<meta property=\"og:description\" content=\"Categorie: Vodka\u00a0(Gedistilleerd) Producent: C\u00eeroc Volume: 70cl Alcoholpercentage: 37.5% Land: Frankrijk Soort Wodka: Met Toegevoegde Smaak Vodka Met toegevoegde smaak vervaardigd door C\u00eeroc (41,06\u20ac), C\u00eeroc White Grape Vodka gedistilleerde drank vervaardigd in Frankrijk die een alcoholgraad van 37.5\u00ba bevat.\" \/>\n<meta property=\"og:url\" content=\"https:\/\/nachtwinkeldelivery.be\/fr\/produit\/ciroc-white-grape-vodka-70cl\/\" \/>\n<meta property=\"og:site_name\" content=\"Nachtwinkel Delivery Antwerpen\" \/>\n<meta property=\"article:publisher\" content=\"https:\/\/web.facebook.com\/p\/Nachtwinkeldelivery-100063950088979\/\" \/>\n<meta property=\"article:modified_time\" content=\"2025-12-20T02:58:41+00:00\" \/>\n<meta property=\"og:image\" content=\"https:\/\/nachtwinkeldelivery.be\/wp-content\/uploads\/2025\/12\/ciroc-white-grape-vodka-1531012.jpg\" \/>\n\t<meta property=\"og:image:width\" content=\"600\" \/>\n\t<meta property=\"og:image:height\" content=\"600\" \/>\n\t<meta property=\"og:image:type\" content=\"image\/jpeg\" \/>\n<meta name=\"twitter:card\" content=\"summary_large_image\" \/>\n<script type=\"application\/ld+json\" class=\"yoast-schema-graph\">{\"@context\":\"https:\/\/schema.org\",\"@graph\":[{\"@type\":\"WebPage\",\"@id\":\"https:\/\/nachtwinkeldelivery.be\/product\/ciroc-white-grape-vodka-70cl\/\",\"url\":\"https:\/\/nachtwinkeldelivery.be\/product\/ciroc-white-grape-vodka-70cl\/\",\"name\":\"C\u00eeroc White Grape Vodka 70cl - Nachtwinkel Delivery Antwerpen\",\"isPartOf\":{\"@id\":\"https:\/\/nachtwinkeldelivery.be\/#website\"},\"primaryImageOfPage\":{\"@id\":\"https:\/\/nachtwinkeldelivery.be\/product\/ciroc-white-grape-vodka-70cl\/#primaryimage\"},\"image\":{\"@id\":\"https:\/\/nachtwinkeldelivery.be\/product\/ciroc-white-grape-vodka-70cl\/#primaryimage\"},\"thumbnailUrl\":\"https:\/\/i0.wp.com\/nachtwinkeldelivery.be\/wp-content\/uploads\/2025\/12\/ciroc-white-grape-vodka-1531012.jpg?fit=600%2C600&ssl=1\",\"datePublished\":\"2025-12-20T02:58:39+00:00\",\"dateModified\":\"2025-12-20T02:58:41+00:00\",\"breadcrumb\":{\"@id\":\"https:\/\/nachtwinkeldelivery.be\/product\/ciroc-white-grape-vodka-70cl\/#breadcrumb\"},\"inLanguage\":\"fr-BE\",\"potentialAction\":[{\"@type\":\"ReadAction\",\"target\":[\"https:\/\/nachtwinkeldelivery.be\/product\/ciroc-white-grape-vodka-70cl\/\"]}]},{\"@type\":\"ImageObject\",\"inLanguage\":\"fr-BE\",\"@id\":\"https:\/\/nachtwinkeldelivery.be\/product\/ciroc-white-grape-vodka-70cl\/#primaryimage\",\"url\":\"https:\/\/i0.wp.com\/nachtwinkeldelivery.be\/wp-content\/uploads\/2025\/12\/ciroc-white-grape-vodka-1531012.jpg?fit=600%2C600&ssl=1\",\"contentUrl\":\"https:\/\/i0.wp.com\/nachtwinkeldelivery.be\/wp-content\/uploads\/2025\/12\/ciroc-white-grape-vodka-1531012.jpg?fit=600%2C600&ssl=1\",\"width\":600,\"height\":600},{\"@type\":\"BreadcrumbList\",\"@id\":\"https:\/\/nachtwinkeldelivery.be\/product\/ciroc-white-grape-vodka-70cl\/#breadcrumb\",\"itemListElement\":[{\"@type\":\"ListItem\",\"position\":1,\"name\":\"Home\",\"item\":\"https:\/\/nachtwinkeldelivery.be\/\"},{\"@type\":\"ListItem\",\"position\":2,\"name\":\"Shop\",\"item\":\"https:\/\/nachtwinkeldelivery.be\/shop\/\"},{\"@type\":\"ListItem\",\"position\":3,\"name\":\"C\u00eeroc White Grape Vodka 70cl\"}]},{\"@type\":\"WebSite\",\"@id\":\"https:\/\/nachtwinkeldelivery.be\/#website\",\"url\":\"https:\/\/nachtwinkeldelivery.be\/\",\"name\":\"Nachtwinkel Delivery Antwerpen\",\"description\":\"Nachtwinkel Delivery\",\"publisher\":{\"@id\":\"https:\/\/nachtwinkeldelivery.be\/#organization\"},\"potentialAction\":[{\"@type\":\"SearchAction\",\"target\":{\"@type\":\"EntryPoint\",\"urlTemplate\":\"https:\/\/nachtwinkeldelivery.be\/?s={search_term_string}\"},\"query-input\":{\"@type\":\"PropertyValueSpecification\",\"valueRequired\":true,\"valueName\":\"search_term_string\"}}],\"inLanguage\":\"fr-BE\"},{\"@type\":\"Organization\",\"@id\":\"https:\/\/nachtwinkeldelivery.be\/#organization\",\"name\":\"Nachtwinkel Delivery Antwerpen\",\"url\":\"https:\/\/nachtwinkeldelivery.be\/\",\"logo\":{\"@type\":\"ImageObject\",\"inLanguage\":\"fr-BE\",\"@id\":\"https:\/\/nachtwinkeldelivery.be\/#\/schema\/logo\/image\/\",\"url\":\"https:\/\/nachtwinkeldelivery.be\/wp-content\/uploads\/2025\/12\/Gemini_Generated_Image_8hhdu98hhdu98hhd-removebg-preview.png\",\"contentUrl\":\"https:\/\/nachtwinkeldelivery.be\/wp-content\/uploads\/2025\/12\/Gemini_Generated_Image_8hhdu98hhdu98hhd-removebg-preview.png\",\"width\":939,\"height\":266,\"caption\":\"Nachtwinkel Delivery Antwerpen\"},\"image\":{\"@id\":\"https:\/\/nachtwinkeldelivery.be\/#\/schema\/logo\/image\/\"},\"sameAs\":[\"https:\/\/web.facebook.com\/p\/Nachtwinkeldelivery-100063950088979\/\"]}]}<\/script>\n<!-- \/ Yoast SEO plugin. -->","yoast_head_json":{"title":"C\u00eeroc White Grape Vodka 70cl - Nachtwinkel Delivery Antwerpen","robots":{"index":"index","follow":"follow","max-snippet":"max-snippet:-1","max-image-preview":"max-image-preview:large","max-video-preview":"max-video-preview:-1"},"canonical":"https:\/\/nachtwinkeldelivery.be\/fr\/produit\/ciroc-white-grape-vodka-70cl\/","og_locale":"fr_FR","og_type":"article","og_title":"C\u00eeroc White Grape Vodka 70cl - Nachtwinkel Delivery Antwerpen","og_description":"Categorie: Vodka\u00a0(Gedistilleerd) Producent: C\u00eeroc Volume: 70cl Alcoholpercentage: 37.5% Land: Frankrijk Soort Wodka: Met Toegevoegde Smaak Vodka Met toegevoegde smaak vervaardigd door C\u00eeroc (41,06\u20ac), C\u00eeroc White Grape Vodka gedistilleerde drank vervaardigd in Frankrijk die een alcoholgraad van 37.5\u00ba bevat.","og_url":"https:\/\/nachtwinkeldelivery.be\/fr\/produit\/ciroc-white-grape-vodka-70cl\/","og_site_name":"Nachtwinkel Delivery Antwerpen","article_publisher":"https:\/\/web.facebook.com\/p\/Nachtwinkeldelivery-100063950088979\/","article_modified_time":"2025-12-20T02:58:41+00:00","og_image":[{"width":600,"height":600,"url":"https:\/\/nachtwinkeldelivery.be\/wp-content\/uploads\/2025\/12\/ciroc-white-grape-vodka-1531012.jpg","type":"image\/jpeg"}],"twitter_card":"summary_large_image","schema":{"@context":"https:\/\/schema.org","@graph":[{"@type":"WebPage","@id":"https:\/\/nachtwinkeldelivery.be\/product\/ciroc-white-grape-vodka-70cl\/","url":"https:\/\/nachtwinkeldelivery.be\/product\/ciroc-white-grape-vodka-70cl\/","name":"C\u00eeroc White Grape Vodka 70cl - Nachtwinkel Delivery Antwerpen","isPartOf":{"@id":"https:\/\/nachtwinkeldelivery.be\/#website"},"primaryImageOfPage":{"@id":"https:\/\/nachtwinkeldelivery.be\/product\/ciroc-white-grape-vodka-70cl\/#primaryimage"},"image":{"@id":"https:\/\/nachtwinkeldelivery.be\/product\/ciroc-white-grape-vodka-70cl\/#primaryimage"},"thumbnailUrl":"https:\/\/i0.wp.com\/nachtwinkeldelivery.be\/wp-content\/uploads\/2025\/12\/ciroc-white-grape-vodka-1531012.jpg?fit=600%2C600&ssl=1","datePublished":"2025-12-20T02:58:39+00:00","dateModified":"2025-12-20T02:58:41+00:00","breadcrumb":{"@id":"https:\/\/nachtwinkeldelivery.be\/product\/ciroc-white-grape-vodka-70cl\/#breadcrumb"},"inLanguage":"fr-BE","potentialAction":[{"@type":"ReadAction","target":["https:\/\/nachtwinkeldelivery.be\/product\/ciroc-white-grape-vodka-70cl\/"]}]},{"@type":"ImageObject","inLanguage":"fr-BE","@id":"https:\/\/nachtwinkeldelivery.be\/product\/ciroc-white-grape-vodka-70cl\/#primaryimage","url":"https:\/\/i0.wp.com\/nachtwinkeldelivery.be\/wp-content\/uploads\/2025\/12\/ciroc-white-grape-vodka-1531012.jpg?fit=600%2C600&ssl=1","contentUrl":"https:\/\/i0.wp.com\/nachtwinkeldelivery.be\/wp-content\/uploads\/2025\/12\/ciroc-white-grape-vodka-1531012.jpg?fit=600%2C600&ssl=1","width":600,"height":600},{"@type":"BreadcrumbList","@id":"https:\/\/nachtwinkeldelivery.be\/product\/ciroc-white-grape-vodka-70cl\/#breadcrumb","itemListElement":[{"@type":"ListItem","position":1,"name":"Home","item":"https:\/\/nachtwinkeldelivery.be\/"},{"@type":"ListItem","position":2,"name":"Shop","item":"https:\/\/nachtwinkeldelivery.be\/shop\/"},{"@type":"ListItem","position":3,"name":"C\u00eeroc White Grape Vodka 70cl"}]},{"@type":"WebSite","@id":"https:\/\/nachtwinkeldelivery.be\/#website","url":"https:\/\/nachtwinkeldelivery.be\/","name":"Livraison Nightshop Anvers","description":"Nachtwinkel Delivery","publisher":{"@id":"https:\/\/nachtwinkeldelivery.be\/#organization"},"potentialAction":[{"@type":"SearchAction","target":{"@type":"EntryPoint","urlTemplate":"https:\/\/nachtwinkeldelivery.be\/?s={search_term_string}"},"query-input":{"@type":"PropertyValueSpecification","valueRequired":true,"valueName":"search_term_string"}}],"inLanguage":"fr-BE"},{"@type":"Organization","@id":"https:\/\/nachtwinkeldelivery.be\/#organization","name":"Livraison Nightshop Anvers","url":"https:\/\/nachtwinkeldelivery.be\/","logo":{"@type":"ImageObject","inLanguage":"fr-BE","@id":"https:\/\/nachtwinkeldelivery.be\/#\/schema\/logo\/image\/","url":"https:\/\/nachtwinkeldelivery.be\/wp-content\/uploads\/2025\/12\/Gemini_Generated_Image_8hhdu98hhdu98hhd-removebg-preview.png","contentUrl":"https:\/\/nachtwinkeldelivery.be\/wp-content\/uploads\/2025\/12\/Gemini_Generated_Image_8hhdu98hhdu98hhd-removebg-preview.png","width":939,"height":266,"caption":"Nachtwinkel Delivery Antwerpen"},"image":{"@id":"https:\/\/nachtwinkeldelivery.be\/#\/schema\/logo\/image\/"},"sameAs":["https:\/\/web.facebook.com\/p\/Nachtwinkeldelivery-100063950088979\/"]}]}},"jetpack_sharing_enabled":true,"_links":{"self":[{"href":"https:\/\/nachtwinkeldelivery.be\/fr\/wp-json\/wp\/v2\/product\/1603","targetHints":{"allow":["GET"]}}],"collection":[{"href":"https:\/\/nachtwinkeldelivery.be\/fr\/wp-json\/wp\/v2\/product"}],"about":[{"href":"https:\/\/nachtwinkeldelivery.be\/fr\/wp-json\/wp\/v2\/types\/product"}],"replies":[{"embeddable":true,"href":"https:\/\/nachtwinkeldelivery.be\/fr\/wp-json\/wp\/v2\/comments?post=1603"}],"wp:featuredmedia":[{"embeddable":true,"href":"https:\/\/nachtwinkeldelivery.be\/fr\/wp-json\/wp\/v2\/media\/1489"}],"wp:attachment":[{"href":"https:\/\/nachtwinkeldelivery.be\/fr\/wp-json\/wp\/v2\/media?parent=1603"}],"wp:term":[{"taxonomy":"product_brand","embeddable":true,"href":"https:\/\/nachtwinkeldelivery.be\/fr\/wp-json\/wp\/v2\/product_brand?post=1603"},{"taxonomy":"product_cat","embeddable":true,"href":"https:\/\/nachtwinkeldelivery.be\/fr\/wp-json\/wp\/v2\/product_cat?post=1603"},{"taxonomy":"product_tag","embeddable":true,"href":"https:\/\/nachtwinkeldelivery.be\/fr\/wp-json\/wp\/v2\/product_tag?post=1603"}],"curies":[{"name":"wp","href":"https:\/\/api.w.org\/{rel}","templated":true}]}}