{"id":1609,"date":"2025-12-20T02:58:39","date_gmt":"2025-12-20T02:58:39","guid":{"rendered":"https:\/\/noodpakket-emergency.shop\/?post_type=product&#038;p=1609"},"modified":"2025-12-20T02:58:43","modified_gmt":"2025-12-20T02:58:43","slug":"freixenet-cordon-negro-brut-gran-seleccion","status":"publish","type":"product","link":"https:\/\/nachtwinkeldelivery.be\/fr\/produit\/freixenet-cordon-negro-brut-gran-seleccion\/","title":{"rendered":"Freixenet Cord\u00f3n Negro Brut Gran Selecci\u00f3n"},"content":{"rendered":"<p class=\"title\">Freixenet Cord\u00f3n Negro Brut Gran Selecci\u00f3n (Macabeo, Parellada, Viura et Xarel-lo)<\/p>\n<div class=\"text-read-more\">\n<p>NOTES D'ESSAI :<\/p>\n<ul>\n<li>Aspect : Jaune p\u00e2le avec une bonne effervescence r\u00e9guli\u00e8re.<\/li>\n<li>Nez : notes de pomme verte et de fruits tropicaux, banane et ananas.<\/li>\n<li>Bouche : \u00e9l\u00e9gante, notes accentu\u00e9es de fruits frais.<\/li>\n<\/ul>\n<p>ORIGINE DU NOM : Cava<\/p>\n<p>VIGNOBLE : Xarel.lo, Macabeo et Parellada sont trois vari\u00e9t\u00e9s indig\u00e8nes de Penedes, Catalogne, sud de l'Espagne. La cave Freixenet \u00e9labore le cava Freixenet Cord\u00f3n Negro Brut Gran Selecci\u00f3n. L'entreprise, dont le si\u00e8ge se trouve \u00e0 San Sadurn\u00ed de Noya, a \u00e9t\u00e9 fond\u00e9e en 1889 et a toujours travaill\u00e9 dans le secteur du vin, avec ses propres vignobles.<\/p>\n<p>RAISINS : Parellada, Macabeo et Xarello.<\/p>\n<p>Vieillissement : Il peut vieillir quelques ann\u00e9es en cave froide.<\/p>\n<p>D\u00c9TAILS DE L'\u00c9LABORATION : Le Freixenet Cord\u00f3n Negro Brut Gran Selecci\u00f3n est un vin mousseux \u00e9labor\u00e9 selon la m\u00e9thode classique. Les vendanges sont effectu\u00e9es \u00e0 des moments diff\u00e9rents en fonction de la maturit\u00e9 des diff\u00e9rentes vari\u00e9t\u00e9s : elles commencent \u00e0 la fin du mois d'ao\u00fbt avec le Macabeo, et se terminent au d\u00e9but du mois d'octobre en recueillant le raisin Parellada. Le jus obtenu par pressurage, d\u00e9cant\u00e9 24 heures avant d'\u00eatre vers\u00e9 dans les cuves de fermentation, qui commencent \u00e0 monter \u00e0 une temp\u00e9rature d'environ 15\u00b0C. Ce processus dure 10 \u00e0 12 jours. La seconde fermentation dure entre 12 et 18 mois et se d\u00e9roule en bouteille, comme le veut la m\u00e9thode champenoise.<\/p>\n<p>Mariage : C'est une excellente entr\u00e9e. avec du grand gibier, des p\u00e2tes et du risotto.<\/p>\n<p>TEMP\u00c9RATURE : 8-10\u00b0C<\/p>\n<\/div>","protected":false},"excerpt":{"rendered":"<p>Freixenet Cord\u00f3n Negro Brut Gran Selecci\u00f3n (Macabeo, Parellada, Viura en Xarel\u00b7lo) PROEFNOTITIES: Uitzicht: Lichtgeel met een constante en goed bruisen. Neus: hints van groene appel en tropisch fruit, bananen en ananas. Smaak: elegant, geaccentueerd noten van vers fruit. OORSPRONG VAN NAAM: Cava VINEYARD: Xarel.lo, Macabeo en Parellada zijn drie inheemse<\/p>","protected":false},"featured_media":1510,"comment_status":"open","ping_status":"closed","template":"","meta":[],"product_brand":[],"product_cat":[96],"product_tag":[],"class_list":{"0":"post-1609","1":"product","2":"type-product","3":"status-publish","4":"has-post-thumbnail","6":"product_cat-alcohol","8":"first","9":"instock","10":"taxable","11":"shipping-taxable","12":"purchasable","13":"product-type-simple"},"yoast_head":"<!-- This site is optimized with the Yoast SEO plugin v27.1.1 - https:\/\/yoast.com\/product\/yoast-seo-wordpress\/ -->\n<title>Freixenet Cord\u00f3n Negro Brut Gran Selecci\u00f3n - Nachtwinkel Delivery Antwerpen<\/title>\n<meta name=\"robots\" content=\"index, follow, max-snippet:-1, max-image-preview:large, max-video-preview:-1\" \/>\n<link rel=\"canonical\" href=\"https:\/\/nachtwinkeldelivery.be\/fr\/produit\/freixenet-cordon-negro-brut-gran-seleccion\/\" \/>\n<meta property=\"og:locale\" content=\"fr_FR\" \/>\n<meta property=\"og:type\" content=\"article\" \/>\n<meta property=\"og:title\" content=\"Freixenet Cord\u00f3n Negro Brut Gran Selecci\u00f3n - Nachtwinkel Delivery Antwerpen\" \/>\n<meta property=\"og:description\" content=\"Freixenet Cord\u00f3n Negro Brut Gran Selecci\u00f3n (Macabeo, Parellada, Viura en Xarel\u00b7lo) PROEFNOTITIES: Uitzicht: Lichtgeel met een constante en goed bruisen. Neus: hints van groene appel en tropisch fruit, bananen en ananas. Smaak: elegant, geaccentueerd noten van vers fruit. OORSPRONG VAN NAAM: Cava VINEYARD: Xarel.lo, Macabeo en Parellada zijn drie inheemse\" \/>\n<meta property=\"og:url\" content=\"https:\/\/nachtwinkeldelivery.be\/fr\/produit\/freixenet-cordon-negro-brut-gran-seleccion\/\" \/>\n<meta property=\"og:site_name\" content=\"Nachtwinkel Delivery Antwerpen\" \/>\n<meta property=\"article:publisher\" content=\"https:\/\/web.facebook.com\/p\/Nachtwinkeldelivery-100063950088979\/\" \/>\n<meta property=\"article:modified_time\" content=\"2025-12-20T02:58:43+00:00\" \/>\n<meta property=\"og:image\" content=\"https:\/\/nachtwinkeldelivery.be\/wp-content\/uploads\/2025\/12\/iNBtMej3QpeejhFMG_JExA_pb_600x600.png\" \/>\n\t<meta property=\"og:image:width\" content=\"600\" \/>\n\t<meta property=\"og:image:height\" content=\"600\" \/>\n\t<meta property=\"og:image:type\" content=\"image\/png\" \/>\n<meta name=\"twitter:card\" content=\"summary_large_image\" \/>\n<meta name=\"twitter:label1\" content=\"Dur\u00e9e de lecture est.\" \/>\n\t<meta name=\"twitter:data1\" content=\"1 minute\" \/>\n<script type=\"application\/ld+json\" class=\"yoast-schema-graph\">{\"@context\":\"https:\/\/schema.org\",\"@graph\":[{\"@type\":\"WebPage\",\"@id\":\"https:\/\/nachtwinkeldelivery.be\/product\/freixenet-cordon-negro-brut-gran-seleccion\/\",\"url\":\"https:\/\/nachtwinkeldelivery.be\/product\/freixenet-cordon-negro-brut-gran-seleccion\/\",\"name\":\"Freixenet Cord\u00f3n Negro Brut Gran Selecci\u00f3n - Nachtwinkel Delivery Antwerpen\",\"isPartOf\":{\"@id\":\"https:\/\/nachtwinkeldelivery.be\/#website\"},\"primaryImageOfPage\":{\"@id\":\"https:\/\/nachtwinkeldelivery.be\/product\/freixenet-cordon-negro-brut-gran-seleccion\/#primaryimage\"},\"image\":{\"@id\":\"https:\/\/nachtwinkeldelivery.be\/product\/freixenet-cordon-negro-brut-gran-seleccion\/#primaryimage\"},\"thumbnailUrl\":\"https:\/\/i0.wp.com\/nachtwinkeldelivery.be\/wp-content\/uploads\/2025\/12\/iNBtMej3QpeejhFMG_JExA_pb_600x600.png?fit=600%2C600&ssl=1\",\"datePublished\":\"2025-12-20T02:58:39+00:00\",\"dateModified\":\"2025-12-20T02:58:43+00:00\",\"breadcrumb\":{\"@id\":\"https:\/\/nachtwinkeldelivery.be\/product\/freixenet-cordon-negro-brut-gran-seleccion\/#breadcrumb\"},\"inLanguage\":\"fr-BE\",\"potentialAction\":[{\"@type\":\"ReadAction\",\"target\":[\"https:\/\/nachtwinkeldelivery.be\/product\/freixenet-cordon-negro-brut-gran-seleccion\/\"]}]},{\"@type\":\"ImageObject\",\"inLanguage\":\"fr-BE\",\"@id\":\"https:\/\/nachtwinkeldelivery.be\/product\/freixenet-cordon-negro-brut-gran-seleccion\/#primaryimage\",\"url\":\"https:\/\/i0.wp.com\/nachtwinkeldelivery.be\/wp-content\/uploads\/2025\/12\/iNBtMej3QpeejhFMG_JExA_pb_600x600.png?fit=600%2C600&ssl=1\",\"contentUrl\":\"https:\/\/i0.wp.com\/nachtwinkeldelivery.be\/wp-content\/uploads\/2025\/12\/iNBtMej3QpeejhFMG_JExA_pb_600x600.png?fit=600%2C600&ssl=1\",\"width\":600,\"height\":600},{\"@type\":\"BreadcrumbList\",\"@id\":\"https:\/\/nachtwinkeldelivery.be\/product\/freixenet-cordon-negro-brut-gran-seleccion\/#breadcrumb\",\"itemListElement\":[{\"@type\":\"ListItem\",\"position\":1,\"name\":\"Home\",\"item\":\"https:\/\/nachtwinkeldelivery.be\/\"},{\"@type\":\"ListItem\",\"position\":2,\"name\":\"Shop\",\"item\":\"https:\/\/nachtwinkeldelivery.be\/shop\/\"},{\"@type\":\"ListItem\",\"position\":3,\"name\":\"Freixenet Cord\u00f3n Negro Brut Gran Selecci\u00f3n\"}]},{\"@type\":\"WebSite\",\"@id\":\"https:\/\/nachtwinkeldelivery.be\/#website\",\"url\":\"https:\/\/nachtwinkeldelivery.be\/\",\"name\":\"Nachtwinkel Delivery Antwerpen\",\"description\":\"Nachtwinkel Delivery\",\"publisher\":{\"@id\":\"https:\/\/nachtwinkeldelivery.be\/#organization\"},\"potentialAction\":[{\"@type\":\"SearchAction\",\"target\":{\"@type\":\"EntryPoint\",\"urlTemplate\":\"https:\/\/nachtwinkeldelivery.be\/?s={search_term_string}\"},\"query-input\":{\"@type\":\"PropertyValueSpecification\",\"valueRequired\":true,\"valueName\":\"search_term_string\"}}],\"inLanguage\":\"fr-BE\"},{\"@type\":\"Organization\",\"@id\":\"https:\/\/nachtwinkeldelivery.be\/#organization\",\"name\":\"Nachtwinkel Delivery Antwerpen\",\"url\":\"https:\/\/nachtwinkeldelivery.be\/\",\"logo\":{\"@type\":\"ImageObject\",\"inLanguage\":\"fr-BE\",\"@id\":\"https:\/\/nachtwinkeldelivery.be\/#\/schema\/logo\/image\/\",\"url\":\"https:\/\/nachtwinkeldelivery.be\/wp-content\/uploads\/2025\/12\/Gemini_Generated_Image_8hhdu98hhdu98hhd-removebg-preview.png\",\"contentUrl\":\"https:\/\/nachtwinkeldelivery.be\/wp-content\/uploads\/2025\/12\/Gemini_Generated_Image_8hhdu98hhdu98hhd-removebg-preview.png\",\"width\":939,\"height\":266,\"caption\":\"Nachtwinkel Delivery Antwerpen\"},\"image\":{\"@id\":\"https:\/\/nachtwinkeldelivery.be\/#\/schema\/logo\/image\/\"},\"sameAs\":[\"https:\/\/web.facebook.com\/p\/Nachtwinkeldelivery-100063950088979\/\"]}]}<\/script>\n<!-- \/ Yoast SEO plugin. -->","yoast_head_json":{"title":"Freixenet Cord\u00f3n Negro Brut Gran Selecci\u00f3n - Nachtwinkel Delivery Antwerpen","robots":{"index":"index","follow":"follow","max-snippet":"max-snippet:-1","max-image-preview":"max-image-preview:large","max-video-preview":"max-video-preview:-1"},"canonical":"https:\/\/nachtwinkeldelivery.be\/fr\/produit\/freixenet-cordon-negro-brut-gran-seleccion\/","og_locale":"fr_FR","og_type":"article","og_title":"Freixenet Cord\u00f3n Negro Brut Gran Selecci\u00f3n - Nachtwinkel Delivery Antwerpen","og_description":"Freixenet Cord\u00f3n Negro Brut Gran Selecci\u00f3n (Macabeo, Parellada, Viura en Xarel\u00b7lo) PROEFNOTITIES: Uitzicht: Lichtgeel met een constante en goed bruisen. Neus: hints van groene appel en tropisch fruit, bananen en ananas. Smaak: elegant, geaccentueerd noten van vers fruit. OORSPRONG VAN NAAM: Cava VINEYARD: Xarel.lo, Macabeo en Parellada zijn drie inheemse","og_url":"https:\/\/nachtwinkeldelivery.be\/fr\/produit\/freixenet-cordon-negro-brut-gran-seleccion\/","og_site_name":"Nachtwinkel Delivery Antwerpen","article_publisher":"https:\/\/web.facebook.com\/p\/Nachtwinkeldelivery-100063950088979\/","article_modified_time":"2025-12-20T02:58:43+00:00","og_image":[{"width":600,"height":600,"url":"https:\/\/nachtwinkeldelivery.be\/wp-content\/uploads\/2025\/12\/iNBtMej3QpeejhFMG_JExA_pb_600x600.png","type":"image\/png"}],"twitter_card":"summary_large_image","twitter_misc":{"Dur\u00e9e de lecture est.":"1 minute"},"schema":{"@context":"https:\/\/schema.org","@graph":[{"@type":"WebPage","@id":"https:\/\/nachtwinkeldelivery.be\/product\/freixenet-cordon-negro-brut-gran-seleccion\/","url":"https:\/\/nachtwinkeldelivery.be\/product\/freixenet-cordon-negro-brut-gran-seleccion\/","name":"Freixenet Cord\u00f3n Negro Brut Gran Selecci\u00f3n - Nachtwinkel Delivery Antwerpen","isPartOf":{"@id":"https:\/\/nachtwinkeldelivery.be\/#website"},"primaryImageOfPage":{"@id":"https:\/\/nachtwinkeldelivery.be\/product\/freixenet-cordon-negro-brut-gran-seleccion\/#primaryimage"},"image":{"@id":"https:\/\/nachtwinkeldelivery.be\/product\/freixenet-cordon-negro-brut-gran-seleccion\/#primaryimage"},"thumbnailUrl":"https:\/\/i0.wp.com\/nachtwinkeldelivery.be\/wp-content\/uploads\/2025\/12\/iNBtMej3QpeejhFMG_JExA_pb_600x600.png?fit=600%2C600&ssl=1","datePublished":"2025-12-20T02:58:39+00:00","dateModified":"2025-12-20T02:58:43+00:00","breadcrumb":{"@id":"https:\/\/nachtwinkeldelivery.be\/product\/freixenet-cordon-negro-brut-gran-seleccion\/#breadcrumb"},"inLanguage":"fr-BE","potentialAction":[{"@type":"ReadAction","target":["https:\/\/nachtwinkeldelivery.be\/product\/freixenet-cordon-negro-brut-gran-seleccion\/"]}]},{"@type":"ImageObject","inLanguage":"fr-BE","@id":"https:\/\/nachtwinkeldelivery.be\/product\/freixenet-cordon-negro-brut-gran-seleccion\/#primaryimage","url":"https:\/\/i0.wp.com\/nachtwinkeldelivery.be\/wp-content\/uploads\/2025\/12\/iNBtMej3QpeejhFMG_JExA_pb_600x600.png?fit=600%2C600&ssl=1","contentUrl":"https:\/\/i0.wp.com\/nachtwinkeldelivery.be\/wp-content\/uploads\/2025\/12\/iNBtMej3QpeejhFMG_JExA_pb_600x600.png?fit=600%2C600&ssl=1","width":600,"height":600},{"@type":"BreadcrumbList","@id":"https:\/\/nachtwinkeldelivery.be\/product\/freixenet-cordon-negro-brut-gran-seleccion\/#breadcrumb","itemListElement":[{"@type":"ListItem","position":1,"name":"Home","item":"https:\/\/nachtwinkeldelivery.be\/"},{"@type":"ListItem","position":2,"name":"Shop","item":"https:\/\/nachtwinkeldelivery.be\/shop\/"},{"@type":"ListItem","position":3,"name":"Freixenet Cord\u00f3n Negro Brut Gran Selecci\u00f3n"}]},{"@type":"WebSite","@id":"https:\/\/nachtwinkeldelivery.be\/#website","url":"https:\/\/nachtwinkeldelivery.be\/","name":"Livraison Nightshop Anvers","description":"Nachtwinkel Delivery","publisher":{"@id":"https:\/\/nachtwinkeldelivery.be\/#organization"},"potentialAction":[{"@type":"SearchAction","target":{"@type":"EntryPoint","urlTemplate":"https:\/\/nachtwinkeldelivery.be\/?s={search_term_string}"},"query-input":{"@type":"PropertyValueSpecification","valueRequired":true,"valueName":"search_term_string"}}],"inLanguage":"fr-BE"},{"@type":"Organization","@id":"https:\/\/nachtwinkeldelivery.be\/#organization","name":"Livraison Nightshop Anvers","url":"https:\/\/nachtwinkeldelivery.be\/","logo":{"@type":"ImageObject","inLanguage":"fr-BE","@id":"https:\/\/nachtwinkeldelivery.be\/#\/schema\/logo\/image\/","url":"https:\/\/nachtwinkeldelivery.be\/wp-content\/uploads\/2025\/12\/Gemini_Generated_Image_8hhdu98hhdu98hhd-removebg-preview.png","contentUrl":"https:\/\/nachtwinkeldelivery.be\/wp-content\/uploads\/2025\/12\/Gemini_Generated_Image_8hhdu98hhdu98hhd-removebg-preview.png","width":939,"height":266,"caption":"Nachtwinkel Delivery Antwerpen"},"image":{"@id":"https:\/\/nachtwinkeldelivery.be\/#\/schema\/logo\/image\/"},"sameAs":["https:\/\/web.facebook.com\/p\/Nachtwinkeldelivery-100063950088979\/"]}]}},"jetpack_sharing_enabled":true,"_links":{"self":[{"href":"https:\/\/nachtwinkeldelivery.be\/fr\/wp-json\/wp\/v2\/product\/1609","targetHints":{"allow":["GET"]}}],"collection":[{"href":"https:\/\/nachtwinkeldelivery.be\/fr\/wp-json\/wp\/v2\/product"}],"about":[{"href":"https:\/\/nachtwinkeldelivery.be\/fr\/wp-json\/wp\/v2\/types\/product"}],"replies":[{"embeddable":true,"href":"https:\/\/nachtwinkeldelivery.be\/fr\/wp-json\/wp\/v2\/comments?post=1609"}],"wp:featuredmedia":[{"embeddable":true,"href":"https:\/\/nachtwinkeldelivery.be\/fr\/wp-json\/wp\/v2\/media\/1510"}],"wp:attachment":[{"href":"https:\/\/nachtwinkeldelivery.be\/fr\/wp-json\/wp\/v2\/media?parent=1609"}],"wp:term":[{"taxonomy":"product_brand","embeddable":true,"href":"https:\/\/nachtwinkeldelivery.be\/fr\/wp-json\/wp\/v2\/product_brand?post=1609"},{"taxonomy":"product_cat","embeddable":true,"href":"https:\/\/nachtwinkeldelivery.be\/fr\/wp-json\/wp\/v2\/product_cat?post=1609"},{"taxonomy":"product_tag","embeddable":true,"href":"https:\/\/nachtwinkeldelivery.be\/fr\/wp-json\/wp\/v2\/product_tag?post=1609"}],"curies":[{"name":"wp","href":"https:\/\/api.w.org\/{rel}","templated":true}]}}