{"id":1617,"date":"2025-12-20T02:58:40","date_gmt":"2025-12-20T02:58:40","guid":{"rendered":"https:\/\/noodpakket-emergency.shop\/?post_type=product&#038;p=1617"},"modified":"2025-12-20T02:58:44","modified_gmt":"2025-12-20T02:58:44","slug":"stella-artois-25cl-krat","status":"publish","type":"product","link":"https:\/\/nachtwinkeldelivery.be\/fr\/produit\/stella-artois-25cl-krat\/","title":{"rendered":"Stella Artois 25cl crate"},"content":{"rendered":"<p>Savoureuse et rafra\u00eechissante, brass\u00e9e pour \u00eatre appr\u00e9ci\u00e9e.<br \/>\nL'art et la science de la d\u00e9gustation de Stella Artois vont des ingr\u00e9dients les plus raffin\u00e9s au calice sp\u00e9cialement con\u00e7u pour la servir, en passant par le rituel exigeant de la coul\u00e9e en neuf \u00e9tapes.<\/p>","protected":false},"excerpt":{"rendered":"<p>Smaakvol en verfrissend, gebrouwen om van te genieten.\u200b De kunst en wetenschap om te genieten van Stella Artois gaan van de meest verfijnde ingredi\u00ebnten en de speciaal vervaardigde chalice waarin het wordt geserveerd, tot het veeleisende uitschenkritueel in negen stappen. \u200b<\/p>","protected":false},"featured_media":1521,"comment_status":"open","ping_status":"closed","template":"","meta":[],"product_brand":[],"product_cat":[96,97],"product_tag":[],"class_list":{"0":"post-1617","1":"product","2":"type-product","3":"status-publish","4":"has-post-thumbnail","6":"product_cat-alcohol","7":"product_cat-beer","9":"first","10":"instock","11":"taxable","12":"shipping-taxable","13":"purchasable","14":"product-type-simple"},"yoast_head":"<!-- This site is optimized with the Yoast SEO plugin v27.1.1 - https:\/\/yoast.com\/product\/yoast-seo-wordpress\/ -->\n<title>Stella Artois 25cl krat - Nachtwinkel Delivery Antwerpen<\/title>\n<meta name=\"robots\" content=\"index, follow, max-snippet:-1, max-image-preview:large, max-video-preview:-1\" \/>\n<link rel=\"canonical\" href=\"https:\/\/nachtwinkeldelivery.be\/fr\/produit\/stella-artois-25cl-krat\/\" \/>\n<meta property=\"og:locale\" content=\"fr_FR\" \/>\n<meta property=\"og:type\" content=\"article\" \/>\n<meta property=\"og:title\" content=\"Stella Artois 25cl krat - Nachtwinkel Delivery Antwerpen\" \/>\n<meta property=\"og:description\" content=\"Smaakvol en verfrissend, gebrouwen om van te genieten.\u200b De kunst en wetenschap om te genieten van Stella Artois gaan van de meest verfijnde ingredi\u00ebnten en de speciaal vervaardigde chalice waarin het wordt geserveerd, tot het veeleisende uitschenkritueel in negen stappen. \u200b\" \/>\n<meta property=\"og:url\" content=\"https:\/\/nachtwinkeldelivery.be\/fr\/produit\/stella-artois-25cl-krat\/\" \/>\n<meta property=\"og:site_name\" content=\"Nachtwinkel Delivery Antwerpen\" \/>\n<meta property=\"article:publisher\" content=\"https:\/\/web.facebook.com\/p\/Nachtwinkeldelivery-100063950088979\/\" \/>\n<meta property=\"article:modified_time\" content=\"2025-12-20T02:58:44+00:00\" \/>\n<meta property=\"og:image\" content=\"https:\/\/nachtwinkeldelivery.be\/wp-content\/uploads\/2025\/12\/image-1.jpg\" \/>\n\t<meta property=\"og:image:width\" content=\"800\" \/>\n\t<meta property=\"og:image:height\" content=\"800\" \/>\n\t<meta property=\"og:image:type\" content=\"image\/jpeg\" \/>\n<meta name=\"twitter:card\" content=\"summary_large_image\" \/>\n<script type=\"application\/ld+json\" class=\"yoast-schema-graph\">{\"@context\":\"https:\/\/schema.org\",\"@graph\":[{\"@type\":\"WebPage\",\"@id\":\"https:\/\/nachtwinkeldelivery.be\/product\/stella-artois-25cl-krat\/\",\"url\":\"https:\/\/nachtwinkeldelivery.be\/product\/stella-artois-25cl-krat\/\",\"name\":\"Stella Artois 25cl krat - Nachtwinkel Delivery Antwerpen\",\"isPartOf\":{\"@id\":\"https:\/\/nachtwinkeldelivery.be\/#website\"},\"primaryImageOfPage\":{\"@id\":\"https:\/\/nachtwinkeldelivery.be\/product\/stella-artois-25cl-krat\/#primaryimage\"},\"image\":{\"@id\":\"https:\/\/nachtwinkeldelivery.be\/product\/stella-artois-25cl-krat\/#primaryimage\"},\"thumbnailUrl\":\"https:\/\/i0.wp.com\/nachtwinkeldelivery.be\/wp-content\/uploads\/2025\/12\/image-1.jpg?fit=800%2C800&ssl=1\",\"datePublished\":\"2025-12-20T02:58:40+00:00\",\"dateModified\":\"2025-12-20T02:58:44+00:00\",\"breadcrumb\":{\"@id\":\"https:\/\/nachtwinkeldelivery.be\/product\/stella-artois-25cl-krat\/#breadcrumb\"},\"inLanguage\":\"fr-BE\",\"potentialAction\":[{\"@type\":\"ReadAction\",\"target\":[\"https:\/\/nachtwinkeldelivery.be\/product\/stella-artois-25cl-krat\/\"]}]},{\"@type\":\"ImageObject\",\"inLanguage\":\"fr-BE\",\"@id\":\"https:\/\/nachtwinkeldelivery.be\/product\/stella-artois-25cl-krat\/#primaryimage\",\"url\":\"https:\/\/i0.wp.com\/nachtwinkeldelivery.be\/wp-content\/uploads\/2025\/12\/image-1.jpg?fit=800%2C800&ssl=1\",\"contentUrl\":\"https:\/\/i0.wp.com\/nachtwinkeldelivery.be\/wp-content\/uploads\/2025\/12\/image-1.jpg?fit=800%2C800&ssl=1\",\"width\":800,\"height\":800},{\"@type\":\"BreadcrumbList\",\"@id\":\"https:\/\/nachtwinkeldelivery.be\/product\/stella-artois-25cl-krat\/#breadcrumb\",\"itemListElement\":[{\"@type\":\"ListItem\",\"position\":1,\"name\":\"Home\",\"item\":\"https:\/\/nachtwinkeldelivery.be\/\"},{\"@type\":\"ListItem\",\"position\":2,\"name\":\"Shop\",\"item\":\"https:\/\/nachtwinkeldelivery.be\/shop\/\"},{\"@type\":\"ListItem\",\"position\":3,\"name\":\"Stella Artois 25cl krat\"}]},{\"@type\":\"WebSite\",\"@id\":\"https:\/\/nachtwinkeldelivery.be\/#website\",\"url\":\"https:\/\/nachtwinkeldelivery.be\/\",\"name\":\"Nachtwinkel Delivery Antwerpen\",\"description\":\"Nachtwinkel Delivery\",\"publisher\":{\"@id\":\"https:\/\/nachtwinkeldelivery.be\/#organization\"},\"potentialAction\":[{\"@type\":\"SearchAction\",\"target\":{\"@type\":\"EntryPoint\",\"urlTemplate\":\"https:\/\/nachtwinkeldelivery.be\/?s={search_term_string}\"},\"query-input\":{\"@type\":\"PropertyValueSpecification\",\"valueRequired\":true,\"valueName\":\"search_term_string\"}}],\"inLanguage\":\"fr-BE\"},{\"@type\":\"Organization\",\"@id\":\"https:\/\/nachtwinkeldelivery.be\/#organization\",\"name\":\"Nachtwinkel Delivery Antwerpen\",\"url\":\"https:\/\/nachtwinkeldelivery.be\/\",\"logo\":{\"@type\":\"ImageObject\",\"inLanguage\":\"fr-BE\",\"@id\":\"https:\/\/nachtwinkeldelivery.be\/#\/schema\/logo\/image\/\",\"url\":\"https:\/\/nachtwinkeldelivery.be\/wp-content\/uploads\/2025\/12\/Gemini_Generated_Image_8hhdu98hhdu98hhd-removebg-preview.png\",\"contentUrl\":\"https:\/\/nachtwinkeldelivery.be\/wp-content\/uploads\/2025\/12\/Gemini_Generated_Image_8hhdu98hhdu98hhd-removebg-preview.png\",\"width\":939,\"height\":266,\"caption\":\"Nachtwinkel Delivery Antwerpen\"},\"image\":{\"@id\":\"https:\/\/nachtwinkeldelivery.be\/#\/schema\/logo\/image\/\"},\"sameAs\":[\"https:\/\/web.facebook.com\/p\/Nachtwinkeldelivery-100063950088979\/\"]}]}<\/script>\n<!-- \/ Yoast SEO plugin. -->","yoast_head_json":{"title":"Stella Artois 25cl krat - Nachtwinkel Delivery Antwerpen","robots":{"index":"index","follow":"follow","max-snippet":"max-snippet:-1","max-image-preview":"max-image-preview:large","max-video-preview":"max-video-preview:-1"},"canonical":"https:\/\/nachtwinkeldelivery.be\/fr\/produit\/stella-artois-25cl-krat\/","og_locale":"fr_FR","og_type":"article","og_title":"Stella Artois 25cl krat - Nachtwinkel Delivery Antwerpen","og_description":"Smaakvol en verfrissend, gebrouwen om van te genieten.\u200b De kunst en wetenschap om te genieten van Stella Artois gaan van de meest verfijnde ingredi\u00ebnten en de speciaal vervaardigde chalice waarin het wordt geserveerd, tot het veeleisende uitschenkritueel in negen stappen. \u200b","og_url":"https:\/\/nachtwinkeldelivery.be\/fr\/produit\/stella-artois-25cl-krat\/","og_site_name":"Nachtwinkel Delivery Antwerpen","article_publisher":"https:\/\/web.facebook.com\/p\/Nachtwinkeldelivery-100063950088979\/","article_modified_time":"2025-12-20T02:58:44+00:00","og_image":[{"width":800,"height":800,"url":"https:\/\/nachtwinkeldelivery.be\/wp-content\/uploads\/2025\/12\/image-1.jpg","type":"image\/jpeg"}],"twitter_card":"summary_large_image","schema":{"@context":"https:\/\/schema.org","@graph":[{"@type":"WebPage","@id":"https:\/\/nachtwinkeldelivery.be\/product\/stella-artois-25cl-krat\/","url":"https:\/\/nachtwinkeldelivery.be\/product\/stella-artois-25cl-krat\/","name":"Stella Artois 25cl krat - Nachtwinkel Delivery Antwerpen","isPartOf":{"@id":"https:\/\/nachtwinkeldelivery.be\/#website"},"primaryImageOfPage":{"@id":"https:\/\/nachtwinkeldelivery.be\/product\/stella-artois-25cl-krat\/#primaryimage"},"image":{"@id":"https:\/\/nachtwinkeldelivery.be\/product\/stella-artois-25cl-krat\/#primaryimage"},"thumbnailUrl":"https:\/\/i0.wp.com\/nachtwinkeldelivery.be\/wp-content\/uploads\/2025\/12\/image-1.jpg?fit=800%2C800&ssl=1","datePublished":"2025-12-20T02:58:40+00:00","dateModified":"2025-12-20T02:58:44+00:00","breadcrumb":{"@id":"https:\/\/nachtwinkeldelivery.be\/product\/stella-artois-25cl-krat\/#breadcrumb"},"inLanguage":"fr-BE","potentialAction":[{"@type":"ReadAction","target":["https:\/\/nachtwinkeldelivery.be\/product\/stella-artois-25cl-krat\/"]}]},{"@type":"ImageObject","inLanguage":"fr-BE","@id":"https:\/\/nachtwinkeldelivery.be\/product\/stella-artois-25cl-krat\/#primaryimage","url":"https:\/\/i0.wp.com\/nachtwinkeldelivery.be\/wp-content\/uploads\/2025\/12\/image-1.jpg?fit=800%2C800&ssl=1","contentUrl":"https:\/\/i0.wp.com\/nachtwinkeldelivery.be\/wp-content\/uploads\/2025\/12\/image-1.jpg?fit=800%2C800&ssl=1","width":800,"height":800},{"@type":"BreadcrumbList","@id":"https:\/\/nachtwinkeldelivery.be\/product\/stella-artois-25cl-krat\/#breadcrumb","itemListElement":[{"@type":"ListItem","position":1,"name":"Home","item":"https:\/\/nachtwinkeldelivery.be\/"},{"@type":"ListItem","position":2,"name":"Shop","item":"https:\/\/nachtwinkeldelivery.be\/shop\/"},{"@type":"ListItem","position":3,"name":"Stella Artois 25cl krat"}]},{"@type":"WebSite","@id":"https:\/\/nachtwinkeldelivery.be\/#website","url":"https:\/\/nachtwinkeldelivery.be\/","name":"Livraison Nightshop Anvers","description":"Nachtwinkel Delivery","publisher":{"@id":"https:\/\/nachtwinkeldelivery.be\/#organization"},"potentialAction":[{"@type":"SearchAction","target":{"@type":"EntryPoint","urlTemplate":"https:\/\/nachtwinkeldelivery.be\/?s={search_term_string}"},"query-input":{"@type":"PropertyValueSpecification","valueRequired":true,"valueName":"search_term_string"}}],"inLanguage":"fr-BE"},{"@type":"Organization","@id":"https:\/\/nachtwinkeldelivery.be\/#organization","name":"Livraison Nightshop Anvers","url":"https:\/\/nachtwinkeldelivery.be\/","logo":{"@type":"ImageObject","inLanguage":"fr-BE","@id":"https:\/\/nachtwinkeldelivery.be\/#\/schema\/logo\/image\/","url":"https:\/\/nachtwinkeldelivery.be\/wp-content\/uploads\/2025\/12\/Gemini_Generated_Image_8hhdu98hhdu98hhd-removebg-preview.png","contentUrl":"https:\/\/nachtwinkeldelivery.be\/wp-content\/uploads\/2025\/12\/Gemini_Generated_Image_8hhdu98hhdu98hhd-removebg-preview.png","width":939,"height":266,"caption":"Nachtwinkel Delivery Antwerpen"},"image":{"@id":"https:\/\/nachtwinkeldelivery.be\/#\/schema\/logo\/image\/"},"sameAs":["https:\/\/web.facebook.com\/p\/Nachtwinkeldelivery-100063950088979\/"]}]}},"jetpack_sharing_enabled":true,"_links":{"self":[{"href":"https:\/\/nachtwinkeldelivery.be\/fr\/wp-json\/wp\/v2\/product\/1617","targetHints":{"allow":["GET"]}}],"collection":[{"href":"https:\/\/nachtwinkeldelivery.be\/fr\/wp-json\/wp\/v2\/product"}],"about":[{"href":"https:\/\/nachtwinkeldelivery.be\/fr\/wp-json\/wp\/v2\/types\/product"}],"replies":[{"embeddable":true,"href":"https:\/\/nachtwinkeldelivery.be\/fr\/wp-json\/wp\/v2\/comments?post=1617"}],"wp:featuredmedia":[{"embeddable":true,"href":"https:\/\/nachtwinkeldelivery.be\/fr\/wp-json\/wp\/v2\/media\/1521"}],"wp:attachment":[{"href":"https:\/\/nachtwinkeldelivery.be\/fr\/wp-json\/wp\/v2\/media?parent=1617"}],"wp:term":[{"taxonomy":"product_brand","embeddable":true,"href":"https:\/\/nachtwinkeldelivery.be\/fr\/wp-json\/wp\/v2\/product_brand?post=1617"},{"taxonomy":"product_cat","embeddable":true,"href":"https:\/\/nachtwinkeldelivery.be\/fr\/wp-json\/wp\/v2\/product_cat?post=1617"},{"taxonomy":"product_tag","embeddable":true,"href":"https:\/\/nachtwinkeldelivery.be\/fr\/wp-json\/wp\/v2\/product_tag?post=1617"}],"curies":[{"name":"wp","href":"https:\/\/api.w.org\/{rel}","templated":true}]}}