{"id":1618,"date":"2025-12-20T02:58:40","date_gmt":"2025-12-20T02:58:40","guid":{"rendered":"https:\/\/noodpakket-emergency.shop\/?post_type=product&#038;p=1618"},"modified":"2025-12-20T02:58:44","modified_gmt":"2025-12-20T02:58:44","slug":"elixir-danvers-liqueur-07-l","status":"publish","type":"product","link":"https:\/\/nachtwinkeldelivery.be\/fr\/produit\/elixir-danvers-liqueur-07-l\/","title":{"rendered":"Elixir d'Anvers Liqueur 0.7 L"},"content":{"rendered":"<p><strong>Elixir d'Anvers<\/strong>\u00a0est une liqueur originaire de Belgique. La liqueur est de couleur jaune et est distill\u00e9e dans la grande ville d'Anvers depuis 1863. Le processus de pr\u00e9paration suit une ancienne recette qui ne compte qu'environ 32 vari\u00e9t\u00e9s diff\u00e9rentes.\u00a0<strong>herbes<\/strong>\u00a0et\u00a0<strong>botanique<\/strong> ingr\u00e9dients. Cette combinaison est laiss\u00e9e au repos dans du ch\u00eane pour obtenir une saveur riche.<\/p>","protected":false},"excerpt":{"rendered":"<p>Elixir d\u2019Anvers\u00a0is een likeur die zijn oorsprong vindt in Belgi\u00eb. De likeur is geel van kleur en wordt al sinds het jaar\u00a01863 gedistilleerd in de grote stad Antwerpen. Het bereidingsproces gaat volgens een oud recept dat maar zo\u2019n 32 verschillende\u00a0kruiden\u00a0en\u00a0botanische ingredi\u00ebnten bevat. Deze combinatie laat men rusten op eikenhout om<\/p>","protected":false},"featured_media":1522,"comment_status":"open","ping_status":"closed","template":"","meta":[],"product_brand":[],"product_cat":[96],"product_tag":[],"class_list":{"0":"post-1618","1":"product","2":"type-product","3":"status-publish","4":"has-post-thumbnail","6":"product_cat-alcohol","8":"first","9":"instock","10":"taxable","11":"shipping-taxable","12":"purchasable","13":"product-type-simple"},"yoast_head":"<!-- This site is optimized with the Yoast SEO plugin v27.1.1 - https:\/\/yoast.com\/product\/yoast-seo-wordpress\/ -->\n<title>Elixir d&#039;Anvers Liqueur 0,7 L - Nachtwinkel Delivery Antwerpen<\/title>\n<meta name=\"robots\" content=\"index, follow, max-snippet:-1, max-image-preview:large, max-video-preview:-1\" \/>\n<link rel=\"canonical\" href=\"https:\/\/nachtwinkeldelivery.be\/fr\/produit\/elixir-danvers-liqueur-07-l\/\" \/>\n<meta property=\"og:locale\" content=\"fr_FR\" \/>\n<meta property=\"og:type\" content=\"article\" \/>\n<meta property=\"og:title\" content=\"Elixir d&#039;Anvers Liqueur 0,7 L - Nachtwinkel Delivery Antwerpen\" \/>\n<meta property=\"og:description\" content=\"Elixir d\u2019Anvers\u00a0is een likeur die zijn oorsprong vindt in Belgi\u00eb. De likeur is geel van kleur en wordt al sinds het jaar\u00a01863 gedistilleerd in de grote stad Antwerpen. Het bereidingsproces gaat volgens een oud recept dat maar zo\u2019n 32 verschillende\u00a0kruiden\u00a0en\u00a0botanische ingredi\u00ebnten bevat. Deze combinatie laat men rusten op eikenhout om\" \/>\n<meta property=\"og:url\" content=\"https:\/\/nachtwinkeldelivery.be\/fr\/produit\/elixir-danvers-liqueur-07-l\/\" \/>\n<meta property=\"og:site_name\" content=\"Nachtwinkel Delivery Antwerpen\" \/>\n<meta property=\"article:publisher\" content=\"https:\/\/web.facebook.com\/p\/Nachtwinkeldelivery-100063950088979\/\" \/>\n<meta property=\"article:modified_time\" content=\"2025-12-20T02:58:44+00:00\" \/>\n<meta property=\"og:image\" content=\"https:\/\/nachtwinkeldelivery.be\/wp-content\/uploads\/2025\/12\/10889505.jpg\" \/>\n\t<meta property=\"og:image:width\" content=\"600\" \/>\n\t<meta property=\"og:image:height\" content=\"600\" \/>\n\t<meta property=\"og:image:type\" content=\"image\/jpeg\" \/>\n<meta name=\"twitter:card\" content=\"summary_large_image\" \/>\n<script type=\"application\/ld+json\" class=\"yoast-schema-graph\">{\"@context\":\"https:\/\/schema.org\",\"@graph\":[{\"@type\":\"WebPage\",\"@id\":\"https:\/\/nachtwinkeldelivery.be\/product\/elixir-danvers-liqueur-07-l\/\",\"url\":\"https:\/\/nachtwinkeldelivery.be\/product\/elixir-danvers-liqueur-07-l\/\",\"name\":\"Elixir d'Anvers Liqueur 0,7 L - Nachtwinkel Delivery Antwerpen\",\"isPartOf\":{\"@id\":\"https:\/\/nachtwinkeldelivery.be\/#website\"},\"primaryImageOfPage\":{\"@id\":\"https:\/\/nachtwinkeldelivery.be\/product\/elixir-danvers-liqueur-07-l\/#primaryimage\"},\"image\":{\"@id\":\"https:\/\/nachtwinkeldelivery.be\/product\/elixir-danvers-liqueur-07-l\/#primaryimage\"},\"thumbnailUrl\":\"https:\/\/i0.wp.com\/nachtwinkeldelivery.be\/wp-content\/uploads\/2025\/12\/10889505.jpg?fit=600%2C600&ssl=1\",\"datePublished\":\"2025-12-20T02:58:40+00:00\",\"dateModified\":\"2025-12-20T02:58:44+00:00\",\"breadcrumb\":{\"@id\":\"https:\/\/nachtwinkeldelivery.be\/product\/elixir-danvers-liqueur-07-l\/#breadcrumb\"},\"inLanguage\":\"fr-BE\",\"potentialAction\":[{\"@type\":\"ReadAction\",\"target\":[\"https:\/\/nachtwinkeldelivery.be\/product\/elixir-danvers-liqueur-07-l\/\"]}]},{\"@type\":\"ImageObject\",\"inLanguage\":\"fr-BE\",\"@id\":\"https:\/\/nachtwinkeldelivery.be\/product\/elixir-danvers-liqueur-07-l\/#primaryimage\",\"url\":\"https:\/\/i0.wp.com\/nachtwinkeldelivery.be\/wp-content\/uploads\/2025\/12\/10889505.jpg?fit=600%2C600&ssl=1\",\"contentUrl\":\"https:\/\/i0.wp.com\/nachtwinkeldelivery.be\/wp-content\/uploads\/2025\/12\/10889505.jpg?fit=600%2C600&ssl=1\",\"width\":600,\"height\":600},{\"@type\":\"BreadcrumbList\",\"@id\":\"https:\/\/nachtwinkeldelivery.be\/product\/elixir-danvers-liqueur-07-l\/#breadcrumb\",\"itemListElement\":[{\"@type\":\"ListItem\",\"position\":1,\"name\":\"Home\",\"item\":\"https:\/\/nachtwinkeldelivery.be\/\"},{\"@type\":\"ListItem\",\"position\":2,\"name\":\"Shop\",\"item\":\"https:\/\/nachtwinkeldelivery.be\/shop\/\"},{\"@type\":\"ListItem\",\"position\":3,\"name\":\"Elixir d&#8217;Anvers Liqueur 0,7 L\"}]},{\"@type\":\"WebSite\",\"@id\":\"https:\/\/nachtwinkeldelivery.be\/#website\",\"url\":\"https:\/\/nachtwinkeldelivery.be\/\",\"name\":\"Nachtwinkel Delivery Antwerpen\",\"description\":\"Nachtwinkel Delivery\",\"publisher\":{\"@id\":\"https:\/\/nachtwinkeldelivery.be\/#organization\"},\"potentialAction\":[{\"@type\":\"SearchAction\",\"target\":{\"@type\":\"EntryPoint\",\"urlTemplate\":\"https:\/\/nachtwinkeldelivery.be\/?s={search_term_string}\"},\"query-input\":{\"@type\":\"PropertyValueSpecification\",\"valueRequired\":true,\"valueName\":\"search_term_string\"}}],\"inLanguage\":\"fr-BE\"},{\"@type\":\"Organization\",\"@id\":\"https:\/\/nachtwinkeldelivery.be\/#organization\",\"name\":\"Nachtwinkel Delivery Antwerpen\",\"url\":\"https:\/\/nachtwinkeldelivery.be\/\",\"logo\":{\"@type\":\"ImageObject\",\"inLanguage\":\"fr-BE\",\"@id\":\"https:\/\/nachtwinkeldelivery.be\/#\/schema\/logo\/image\/\",\"url\":\"https:\/\/nachtwinkeldelivery.be\/wp-content\/uploads\/2025\/12\/Gemini_Generated_Image_8hhdu98hhdu98hhd-removebg-preview.png\",\"contentUrl\":\"https:\/\/nachtwinkeldelivery.be\/wp-content\/uploads\/2025\/12\/Gemini_Generated_Image_8hhdu98hhdu98hhd-removebg-preview.png\",\"width\":939,\"height\":266,\"caption\":\"Nachtwinkel Delivery Antwerpen\"},\"image\":{\"@id\":\"https:\/\/nachtwinkeldelivery.be\/#\/schema\/logo\/image\/\"},\"sameAs\":[\"https:\/\/web.facebook.com\/p\/Nachtwinkeldelivery-100063950088979\/\"]}]}<\/script>\n<!-- \/ Yoast SEO plugin. -->","yoast_head_json":{"title":"Elixir d'Anvers Liqueur 0,7 L - Nachtwinkel Delivery Antwerpen","robots":{"index":"index","follow":"follow","max-snippet":"max-snippet:-1","max-image-preview":"max-image-preview:large","max-video-preview":"max-video-preview:-1"},"canonical":"https:\/\/nachtwinkeldelivery.be\/fr\/produit\/elixir-danvers-liqueur-07-l\/","og_locale":"fr_FR","og_type":"article","og_title":"Elixir d'Anvers Liqueur 0,7 L - Nachtwinkel Delivery Antwerpen","og_description":"Elixir d\u2019Anvers\u00a0is een likeur die zijn oorsprong vindt in Belgi\u00eb. De likeur is geel van kleur en wordt al sinds het jaar\u00a01863 gedistilleerd in de grote stad Antwerpen. Het bereidingsproces gaat volgens een oud recept dat maar zo\u2019n 32 verschillende\u00a0kruiden\u00a0en\u00a0botanische ingredi\u00ebnten bevat. Deze combinatie laat men rusten op eikenhout om","og_url":"https:\/\/nachtwinkeldelivery.be\/fr\/produit\/elixir-danvers-liqueur-07-l\/","og_site_name":"Nachtwinkel Delivery Antwerpen","article_publisher":"https:\/\/web.facebook.com\/p\/Nachtwinkeldelivery-100063950088979\/","article_modified_time":"2025-12-20T02:58:44+00:00","og_image":[{"width":600,"height":600,"url":"https:\/\/nachtwinkeldelivery.be\/wp-content\/uploads\/2025\/12\/10889505.jpg","type":"image\/jpeg"}],"twitter_card":"summary_large_image","schema":{"@context":"https:\/\/schema.org","@graph":[{"@type":"WebPage","@id":"https:\/\/nachtwinkeldelivery.be\/product\/elixir-danvers-liqueur-07-l\/","url":"https:\/\/nachtwinkeldelivery.be\/product\/elixir-danvers-liqueur-07-l\/","name":"Elixir d'Anvers Liqueur 0,7 L - Nachtwinkel Delivery Antwerpen","isPartOf":{"@id":"https:\/\/nachtwinkeldelivery.be\/#website"},"primaryImageOfPage":{"@id":"https:\/\/nachtwinkeldelivery.be\/product\/elixir-danvers-liqueur-07-l\/#primaryimage"},"image":{"@id":"https:\/\/nachtwinkeldelivery.be\/product\/elixir-danvers-liqueur-07-l\/#primaryimage"},"thumbnailUrl":"https:\/\/i0.wp.com\/nachtwinkeldelivery.be\/wp-content\/uploads\/2025\/12\/10889505.jpg?fit=600%2C600&ssl=1","datePublished":"2025-12-20T02:58:40+00:00","dateModified":"2025-12-20T02:58:44+00:00","breadcrumb":{"@id":"https:\/\/nachtwinkeldelivery.be\/product\/elixir-danvers-liqueur-07-l\/#breadcrumb"},"inLanguage":"fr-BE","potentialAction":[{"@type":"ReadAction","target":["https:\/\/nachtwinkeldelivery.be\/product\/elixir-danvers-liqueur-07-l\/"]}]},{"@type":"ImageObject","inLanguage":"fr-BE","@id":"https:\/\/nachtwinkeldelivery.be\/product\/elixir-danvers-liqueur-07-l\/#primaryimage","url":"https:\/\/i0.wp.com\/nachtwinkeldelivery.be\/wp-content\/uploads\/2025\/12\/10889505.jpg?fit=600%2C600&ssl=1","contentUrl":"https:\/\/i0.wp.com\/nachtwinkeldelivery.be\/wp-content\/uploads\/2025\/12\/10889505.jpg?fit=600%2C600&ssl=1","width":600,"height":600},{"@type":"BreadcrumbList","@id":"https:\/\/nachtwinkeldelivery.be\/product\/elixir-danvers-liqueur-07-l\/#breadcrumb","itemListElement":[{"@type":"ListItem","position":1,"name":"Home","item":"https:\/\/nachtwinkeldelivery.be\/"},{"@type":"ListItem","position":2,"name":"Shop","item":"https:\/\/nachtwinkeldelivery.be\/shop\/"},{"@type":"ListItem","position":3,"name":"Elixir d&#8217;Anvers Liqueur 0,7 L"}]},{"@type":"WebSite","@id":"https:\/\/nachtwinkeldelivery.be\/#website","url":"https:\/\/nachtwinkeldelivery.be\/","name":"Livraison Nightshop Anvers","description":"Nachtwinkel Delivery","publisher":{"@id":"https:\/\/nachtwinkeldelivery.be\/#organization"},"potentialAction":[{"@type":"SearchAction","target":{"@type":"EntryPoint","urlTemplate":"https:\/\/nachtwinkeldelivery.be\/?s={search_term_string}"},"query-input":{"@type":"PropertyValueSpecification","valueRequired":true,"valueName":"search_term_string"}}],"inLanguage":"fr-BE"},{"@type":"Organization","@id":"https:\/\/nachtwinkeldelivery.be\/#organization","name":"Livraison Nightshop Anvers","url":"https:\/\/nachtwinkeldelivery.be\/","logo":{"@type":"ImageObject","inLanguage":"fr-BE","@id":"https:\/\/nachtwinkeldelivery.be\/#\/schema\/logo\/image\/","url":"https:\/\/nachtwinkeldelivery.be\/wp-content\/uploads\/2025\/12\/Gemini_Generated_Image_8hhdu98hhdu98hhd-removebg-preview.png","contentUrl":"https:\/\/nachtwinkeldelivery.be\/wp-content\/uploads\/2025\/12\/Gemini_Generated_Image_8hhdu98hhdu98hhd-removebg-preview.png","width":939,"height":266,"caption":"Nachtwinkel Delivery Antwerpen"},"image":{"@id":"https:\/\/nachtwinkeldelivery.be\/#\/schema\/logo\/image\/"},"sameAs":["https:\/\/web.facebook.com\/p\/Nachtwinkeldelivery-100063950088979\/"]}]}},"jetpack_sharing_enabled":true,"_links":{"self":[{"href":"https:\/\/nachtwinkeldelivery.be\/fr\/wp-json\/wp\/v2\/product\/1618","targetHints":{"allow":["GET"]}}],"collection":[{"href":"https:\/\/nachtwinkeldelivery.be\/fr\/wp-json\/wp\/v2\/product"}],"about":[{"href":"https:\/\/nachtwinkeldelivery.be\/fr\/wp-json\/wp\/v2\/types\/product"}],"replies":[{"embeddable":true,"href":"https:\/\/nachtwinkeldelivery.be\/fr\/wp-json\/wp\/v2\/comments?post=1618"}],"wp:featuredmedia":[{"embeddable":true,"href":"https:\/\/nachtwinkeldelivery.be\/fr\/wp-json\/wp\/v2\/media\/1522"}],"wp:attachment":[{"href":"https:\/\/nachtwinkeldelivery.be\/fr\/wp-json\/wp\/v2\/media?parent=1618"}],"wp:term":[{"taxonomy":"product_brand","embeddable":true,"href":"https:\/\/nachtwinkeldelivery.be\/fr\/wp-json\/wp\/v2\/product_brand?post=1618"},{"taxonomy":"product_cat","embeddable":true,"href":"https:\/\/nachtwinkeldelivery.be\/fr\/wp-json\/wp\/v2\/product_cat?post=1618"},{"taxonomy":"product_tag","embeddable":true,"href":"https:\/\/nachtwinkeldelivery.be\/fr\/wp-json\/wp\/v2\/product_tag?post=1618"}],"curies":[{"name":"wp","href":"https:\/\/api.w.org\/{rel}","templated":true}]}}