{"id":1620,"date":"2025-12-20T02:58:40","date_gmt":"2025-12-20T02:58:40","guid":{"rendered":"https:\/\/noodpakket-emergency.shop\/?post_type=product&#038;p=1620"},"modified":"2025-12-20T02:58:45","modified_gmt":"2025-12-20T02:58:45","slug":"havana-club-rum-anejo-especial-40","status":"publish","type":"product","link":"https:\/\/nachtwinkeldelivery.be\/fr\/produit\/havana-club-rum-anejo-especial-40\/","title":{"rendered":"Rhum Havana Club, Anejo Especial, 40%"},"content":{"rendered":"<ol>\n<li>Il s'agit d'un m\u00e9lange sp\u00e9cial de rhums blancs et de rhums vieux d'au moins 5 ans. Il en r\u00e9sulte un rhum chaud, de couleur dor\u00e9e.<\/li>\n<li>Le rhum a subi une double maturation. D'abord dans d'anciens f\u00fbts de bourbon am\u00e9ricain, puis dans des f\u00fbts de whisky irlandais frais. La deuxi\u00e8me maturation permet d'obtenir une texture cr\u00e9meuse.<\/li>\n<\/ol>\n<p>Si l'on additionne 1 et 2, on obtient un rhum brun aux saveurs \u00e9quilibr\u00e9es et aux douces notes de vanille. La douceur est accompagn\u00e9e d'\u00e9pices subtiles, le meilleur du tabac et du ch\u00eane.<\/p>\n<p>Cela rend cet Anejo Especial d\u00e9licieux comme base d'un Cubra Libre !<\/p>","protected":false},"excerpt":{"rendered":"<p>Het is een bijzondere blend van witte en oude rum van minstens 5 jaar. Het resulteert in een warme, goudkleurige rum. De rum onderging een dubbele rijping. Eerst in ex Amerikaanse bourbon vaten, later in verse Ierse whiskyvaten. De 2de rijping zorgt voor een romige textuur. Voeg 1 en 2<\/p>","protected":false},"featured_media":1524,"comment_status":"open","ping_status":"closed","template":"","meta":[],"product_brand":[],"product_cat":[96],"product_tag":[],"class_list":{"0":"post-1620","1":"product","2":"type-product","3":"status-publish","4":"has-post-thumbnail","6":"product_cat-alcohol","8":"first","9":"instock","10":"taxable","11":"shipping-taxable","12":"purchasable","13":"product-type-simple"},"yoast_head":"<!-- This site is optimized with the Yoast SEO plugin v27.1.1 - https:\/\/yoast.com\/product\/yoast-seo-wordpress\/ -->\n<title>Havana Club rum, Anejo Especial, 40% - Nachtwinkel Delivery Antwerpen<\/title>\n<meta name=\"robots\" content=\"index, follow, max-snippet:-1, max-image-preview:large, max-video-preview:-1\" \/>\n<link rel=\"canonical\" href=\"https:\/\/nachtwinkeldelivery.be\/fr\/produit\/havana-club-rum-anejo-especial-40\/\" \/>\n<meta property=\"og:locale\" content=\"fr_FR\" \/>\n<meta property=\"og:type\" content=\"article\" \/>\n<meta property=\"og:title\" content=\"Havana Club rum, Anejo Especial, 40% - Nachtwinkel Delivery Antwerpen\" \/>\n<meta property=\"og:description\" content=\"Het is een bijzondere blend van witte en oude rum van minstens 5 jaar. Het resulteert in een warme, goudkleurige rum. De rum onderging een dubbele rijping. Eerst in ex Amerikaanse bourbon vaten, later in verse Ierse whiskyvaten. De 2de rijping zorgt voor een romige textuur. Voeg 1 en 2\" \/>\n<meta property=\"og:url\" content=\"https:\/\/nachtwinkeldelivery.be\/fr\/produit\/havana-club-rum-anejo-especial-40\/\" \/>\n<meta property=\"og:site_name\" content=\"Nachtwinkel Delivery Antwerpen\" \/>\n<meta property=\"article:publisher\" content=\"https:\/\/web.facebook.com\/p\/Nachtwinkeldelivery-100063950088979\/\" \/>\n<meta property=\"article:modified_time\" content=\"2025-12-20T02:58:45+00:00\" \/>\n<meta property=\"og:image\" content=\"https:\/\/nachtwinkeldelivery.be\/wp-content\/uploads\/2025\/12\/havana-club-havana-club-rum-anejo-especial-40-100c.png\" \/>\n\t<meta property=\"og:image:width\" content=\"600\" \/>\n\t<meta property=\"og:image:height\" content=\"600\" \/>\n\t<meta property=\"og:image:type\" content=\"image\/png\" \/>\n<meta name=\"twitter:card\" content=\"summary_large_image\" \/>\n<script type=\"application\/ld+json\" class=\"yoast-schema-graph\">{\"@context\":\"https:\/\/schema.org\",\"@graph\":[{\"@type\":\"WebPage\",\"@id\":\"https:\/\/nachtwinkeldelivery.be\/product\/havana-club-rum-anejo-especial-40\/\",\"url\":\"https:\/\/nachtwinkeldelivery.be\/product\/havana-club-rum-anejo-especial-40\/\",\"name\":\"Havana Club rum, Anejo Especial, 40% - Nachtwinkel Delivery Antwerpen\",\"isPartOf\":{\"@id\":\"https:\/\/nachtwinkeldelivery.be\/#website\"},\"primaryImageOfPage\":{\"@id\":\"https:\/\/nachtwinkeldelivery.be\/product\/havana-club-rum-anejo-especial-40\/#primaryimage\"},\"image\":{\"@id\":\"https:\/\/nachtwinkeldelivery.be\/product\/havana-club-rum-anejo-especial-40\/#primaryimage\"},\"thumbnailUrl\":\"https:\/\/i0.wp.com\/nachtwinkeldelivery.be\/wp-content\/uploads\/2025\/12\/havana-club-havana-club-rum-anejo-especial-40-100c.png?fit=600%2C600&ssl=1\",\"datePublished\":\"2025-12-20T02:58:40+00:00\",\"dateModified\":\"2025-12-20T02:58:45+00:00\",\"breadcrumb\":{\"@id\":\"https:\/\/nachtwinkeldelivery.be\/product\/havana-club-rum-anejo-especial-40\/#breadcrumb\"},\"inLanguage\":\"fr-BE\",\"potentialAction\":[{\"@type\":\"ReadAction\",\"target\":[\"https:\/\/nachtwinkeldelivery.be\/product\/havana-club-rum-anejo-especial-40\/\"]}]},{\"@type\":\"ImageObject\",\"inLanguage\":\"fr-BE\",\"@id\":\"https:\/\/nachtwinkeldelivery.be\/product\/havana-club-rum-anejo-especial-40\/#primaryimage\",\"url\":\"https:\/\/i0.wp.com\/nachtwinkeldelivery.be\/wp-content\/uploads\/2025\/12\/havana-club-havana-club-rum-anejo-especial-40-100c.png?fit=600%2C600&ssl=1\",\"contentUrl\":\"https:\/\/i0.wp.com\/nachtwinkeldelivery.be\/wp-content\/uploads\/2025\/12\/havana-club-havana-club-rum-anejo-especial-40-100c.png?fit=600%2C600&ssl=1\",\"width\":600,\"height\":600},{\"@type\":\"BreadcrumbList\",\"@id\":\"https:\/\/nachtwinkeldelivery.be\/product\/havana-club-rum-anejo-especial-40\/#breadcrumb\",\"itemListElement\":[{\"@type\":\"ListItem\",\"position\":1,\"name\":\"Home\",\"item\":\"https:\/\/nachtwinkeldelivery.be\/\"},{\"@type\":\"ListItem\",\"position\":2,\"name\":\"Shop\",\"item\":\"https:\/\/nachtwinkeldelivery.be\/shop\/\"},{\"@type\":\"ListItem\",\"position\":3,\"name\":\"Havana Club rum, Anejo Especial, 40%\"}]},{\"@type\":\"WebSite\",\"@id\":\"https:\/\/nachtwinkeldelivery.be\/#website\",\"url\":\"https:\/\/nachtwinkeldelivery.be\/\",\"name\":\"Nachtwinkel Delivery Antwerpen\",\"description\":\"Nachtwinkel Delivery\",\"publisher\":{\"@id\":\"https:\/\/nachtwinkeldelivery.be\/#organization\"},\"potentialAction\":[{\"@type\":\"SearchAction\",\"target\":{\"@type\":\"EntryPoint\",\"urlTemplate\":\"https:\/\/nachtwinkeldelivery.be\/?s={search_term_string}\"},\"query-input\":{\"@type\":\"PropertyValueSpecification\",\"valueRequired\":true,\"valueName\":\"search_term_string\"}}],\"inLanguage\":\"fr-BE\"},{\"@type\":\"Organization\",\"@id\":\"https:\/\/nachtwinkeldelivery.be\/#organization\",\"name\":\"Nachtwinkel Delivery Antwerpen\",\"url\":\"https:\/\/nachtwinkeldelivery.be\/\",\"logo\":{\"@type\":\"ImageObject\",\"inLanguage\":\"fr-BE\",\"@id\":\"https:\/\/nachtwinkeldelivery.be\/#\/schema\/logo\/image\/\",\"url\":\"https:\/\/nachtwinkeldelivery.be\/wp-content\/uploads\/2025\/12\/Gemini_Generated_Image_8hhdu98hhdu98hhd-removebg-preview.png\",\"contentUrl\":\"https:\/\/nachtwinkeldelivery.be\/wp-content\/uploads\/2025\/12\/Gemini_Generated_Image_8hhdu98hhdu98hhd-removebg-preview.png\",\"width\":939,\"height\":266,\"caption\":\"Nachtwinkel Delivery Antwerpen\"},\"image\":{\"@id\":\"https:\/\/nachtwinkeldelivery.be\/#\/schema\/logo\/image\/\"},\"sameAs\":[\"https:\/\/web.facebook.com\/p\/Nachtwinkeldelivery-100063950088979\/\"]}]}<\/script>\n<!-- \/ Yoast SEO plugin. -->","yoast_head_json":{"title":"Havana Club rum, Anejo Especial, 40% - Nachtwinkel Delivery Antwerpen","robots":{"index":"index","follow":"follow","max-snippet":"max-snippet:-1","max-image-preview":"max-image-preview:large","max-video-preview":"max-video-preview:-1"},"canonical":"https:\/\/nachtwinkeldelivery.be\/fr\/produit\/havana-club-rum-anejo-especial-40\/","og_locale":"fr_FR","og_type":"article","og_title":"Havana Club rum, Anejo Especial, 40% - Nachtwinkel Delivery Antwerpen","og_description":"Het is een bijzondere blend van witte en oude rum van minstens 5 jaar. Het resulteert in een warme, goudkleurige rum. De rum onderging een dubbele rijping. Eerst in ex Amerikaanse bourbon vaten, later in verse Ierse whiskyvaten. De 2de rijping zorgt voor een romige textuur. Voeg 1 en 2","og_url":"https:\/\/nachtwinkeldelivery.be\/fr\/produit\/havana-club-rum-anejo-especial-40\/","og_site_name":"Nachtwinkel Delivery Antwerpen","article_publisher":"https:\/\/web.facebook.com\/p\/Nachtwinkeldelivery-100063950088979\/","article_modified_time":"2025-12-20T02:58:45+00:00","og_image":[{"width":600,"height":600,"url":"https:\/\/nachtwinkeldelivery.be\/wp-content\/uploads\/2025\/12\/havana-club-havana-club-rum-anejo-especial-40-100c.png","type":"image\/png"}],"twitter_card":"summary_large_image","schema":{"@context":"https:\/\/schema.org","@graph":[{"@type":"WebPage","@id":"https:\/\/nachtwinkeldelivery.be\/product\/havana-club-rum-anejo-especial-40\/","url":"https:\/\/nachtwinkeldelivery.be\/product\/havana-club-rum-anejo-especial-40\/","name":"Havana Club rum, Anejo Especial, 40% - Nachtwinkel Delivery Antwerpen","isPartOf":{"@id":"https:\/\/nachtwinkeldelivery.be\/#website"},"primaryImageOfPage":{"@id":"https:\/\/nachtwinkeldelivery.be\/product\/havana-club-rum-anejo-especial-40\/#primaryimage"},"image":{"@id":"https:\/\/nachtwinkeldelivery.be\/product\/havana-club-rum-anejo-especial-40\/#primaryimage"},"thumbnailUrl":"https:\/\/i0.wp.com\/nachtwinkeldelivery.be\/wp-content\/uploads\/2025\/12\/havana-club-havana-club-rum-anejo-especial-40-100c.png?fit=600%2C600&ssl=1","datePublished":"2025-12-20T02:58:40+00:00","dateModified":"2025-12-20T02:58:45+00:00","breadcrumb":{"@id":"https:\/\/nachtwinkeldelivery.be\/product\/havana-club-rum-anejo-especial-40\/#breadcrumb"},"inLanguage":"fr-BE","potentialAction":[{"@type":"ReadAction","target":["https:\/\/nachtwinkeldelivery.be\/product\/havana-club-rum-anejo-especial-40\/"]}]},{"@type":"ImageObject","inLanguage":"fr-BE","@id":"https:\/\/nachtwinkeldelivery.be\/product\/havana-club-rum-anejo-especial-40\/#primaryimage","url":"https:\/\/i0.wp.com\/nachtwinkeldelivery.be\/wp-content\/uploads\/2025\/12\/havana-club-havana-club-rum-anejo-especial-40-100c.png?fit=600%2C600&ssl=1","contentUrl":"https:\/\/i0.wp.com\/nachtwinkeldelivery.be\/wp-content\/uploads\/2025\/12\/havana-club-havana-club-rum-anejo-especial-40-100c.png?fit=600%2C600&ssl=1","width":600,"height":600},{"@type":"BreadcrumbList","@id":"https:\/\/nachtwinkeldelivery.be\/product\/havana-club-rum-anejo-especial-40\/#breadcrumb","itemListElement":[{"@type":"ListItem","position":1,"name":"Home","item":"https:\/\/nachtwinkeldelivery.be\/"},{"@type":"ListItem","position":2,"name":"Shop","item":"https:\/\/nachtwinkeldelivery.be\/shop\/"},{"@type":"ListItem","position":3,"name":"Havana Club rum, Anejo Especial, 40%"}]},{"@type":"WebSite","@id":"https:\/\/nachtwinkeldelivery.be\/#website","url":"https:\/\/nachtwinkeldelivery.be\/","name":"Livraison Nightshop Anvers","description":"Nachtwinkel Delivery","publisher":{"@id":"https:\/\/nachtwinkeldelivery.be\/#organization"},"potentialAction":[{"@type":"SearchAction","target":{"@type":"EntryPoint","urlTemplate":"https:\/\/nachtwinkeldelivery.be\/?s={search_term_string}"},"query-input":{"@type":"PropertyValueSpecification","valueRequired":true,"valueName":"search_term_string"}}],"inLanguage":"fr-BE"},{"@type":"Organization","@id":"https:\/\/nachtwinkeldelivery.be\/#organization","name":"Livraison Nightshop Anvers","url":"https:\/\/nachtwinkeldelivery.be\/","logo":{"@type":"ImageObject","inLanguage":"fr-BE","@id":"https:\/\/nachtwinkeldelivery.be\/#\/schema\/logo\/image\/","url":"https:\/\/nachtwinkeldelivery.be\/wp-content\/uploads\/2025\/12\/Gemini_Generated_Image_8hhdu98hhdu98hhd-removebg-preview.png","contentUrl":"https:\/\/nachtwinkeldelivery.be\/wp-content\/uploads\/2025\/12\/Gemini_Generated_Image_8hhdu98hhdu98hhd-removebg-preview.png","width":939,"height":266,"caption":"Nachtwinkel Delivery Antwerpen"},"image":{"@id":"https:\/\/nachtwinkeldelivery.be\/#\/schema\/logo\/image\/"},"sameAs":["https:\/\/web.facebook.com\/p\/Nachtwinkeldelivery-100063950088979\/"]}]}},"jetpack_sharing_enabled":true,"_links":{"self":[{"href":"https:\/\/nachtwinkeldelivery.be\/fr\/wp-json\/wp\/v2\/product\/1620","targetHints":{"allow":["GET"]}}],"collection":[{"href":"https:\/\/nachtwinkeldelivery.be\/fr\/wp-json\/wp\/v2\/product"}],"about":[{"href":"https:\/\/nachtwinkeldelivery.be\/fr\/wp-json\/wp\/v2\/types\/product"}],"replies":[{"embeddable":true,"href":"https:\/\/nachtwinkeldelivery.be\/fr\/wp-json\/wp\/v2\/comments?post=1620"}],"wp:featuredmedia":[{"embeddable":true,"href":"https:\/\/nachtwinkeldelivery.be\/fr\/wp-json\/wp\/v2\/media\/1524"}],"wp:attachment":[{"href":"https:\/\/nachtwinkeldelivery.be\/fr\/wp-json\/wp\/v2\/media?parent=1620"}],"wp:term":[{"taxonomy":"product_brand","embeddable":true,"href":"https:\/\/nachtwinkeldelivery.be\/fr\/wp-json\/wp\/v2\/product_brand?post=1620"},{"taxonomy":"product_cat","embeddable":true,"href":"https:\/\/nachtwinkeldelivery.be\/fr\/wp-json\/wp\/v2\/product_cat?post=1620"},{"taxonomy":"product_tag","embeddable":true,"href":"https:\/\/nachtwinkeldelivery.be\/fr\/wp-json\/wp\/v2\/product_tag?post=1620"}],"curies":[{"name":"wp","href":"https:\/\/api.w.org\/{rel}","templated":true}]}}