{"id":1624,"date":"2025-12-20T02:58:40","date_gmt":"2025-12-20T02:58:40","guid":{"rendered":"https:\/\/noodpakket-emergency.shop\/?post_type=product&#038;p=1624"},"modified":"2025-12-20T02:58:45","modified_gmt":"2025-12-20T02:58:45","slug":"pistoleros-silver-tequila-70cl","status":"publish","type":"product","link":"https:\/\/nachtwinkeldelivery.be\/fr\/produit\/pistoleros-silver-tequila-70cl\/","title":{"rendered":"Pistoleros Silver Tequila 70cl"},"content":{"rendered":"<div class=\"product-info-wrapper\">\n<div class=\"product attribute overview\">\n<div class=\"value\">Tequila Pistoleros 35 % vol. 70<\/div>\n<\/div>\n<\/div>\n<div class=\"product media\">\n<div class=\"gallery-placeholder\" data-gallery-role=\"gallery-placeholder\" data-zoom-text=\"Vergroten\">\n<div class=\"fotorama--hidden\"><\/div>\n<div class=\"fotorama-item fotorama fotorama1645862152430\" data-gallery-role=\"gallery\">\n<div tabindex=\"-1\" data-gallery-role=\"fotorama__focusable-start\"><\/div>\n<div class=\"fotorama__wrap fotorama__wrap--css3 fotorama__wrap--slide fotorama__wrap--toggle-arrows\">\n<div class=\"fotorama__stage\" data-fotorama-stage=\"fotorama__stage\">\n<div class=\"fotorama__stage__shaft\" tabindex=\"0\" data-gallery-role=\"stage-shaft\">\n<div class=\"fotorama__stage__frame fotorama__active fotorama_vertical_ratio fotorama__loaded fotorama__loaded--img\" aria-hidden=\"false\" data-active=\"true\"><img data-recalc-dims=\"1\" decoding=\"async\" class=\"fotorama__img\" src=\"https:\/\/i0.wp.com\/www.prikentik.be\/media\/catalog\/product\/cache\/23d9da881b836928ceaa9fe24f71827f\/t\/e\/tequila-pistoleros-silver-fles-70cl.jpg?ssl=1\" alt=\"Tequila Pistoleros  Silver fles 70cl\" aria-hidden=\"false\" \/><\/div>\n<\/div>\n<\/div>\n<\/div>\n<div tabindex=\"-1\" data-gallery-role=\"fotorama__focusable-end\"><\/div>\n<\/div>\n<\/div>\n<p><span id=\"gallery-next-area\" tabindex=\"-1\"><\/span><\/div>\n<div class=\"product info detailed\"><\/div>\n<div class=\"product-detail-bottom\">\n<div class=\"widget block block-static-block\">\n<p>Toutes les informations sur les produits peuvent \u00eatre demand\u00e9es \u00e0 tout moment.<\/p>\n<\/div>\n<\/div>","protected":false},"excerpt":{"rendered":"<p>Tequila Pistoleros 35 % vol. 70 Alle productinformatie kan te allen tijde opgevraa<\/p>","protected":false},"featured_media":1528,"comment_status":"open","ping_status":"closed","template":"","meta":[],"product_brand":[],"product_cat":[96],"product_tag":[],"class_list":{"0":"post-1624","1":"product","2":"type-product","3":"status-publish","4":"has-post-thumbnail","6":"product_cat-alcohol","8":"first","9":"instock","10":"taxable","11":"shipping-taxable","12":"purchasable","13":"product-type-simple"},"yoast_head":"<!-- This site is optimized with the Yoast SEO plugin v27.1.1 - https:\/\/yoast.com\/product\/yoast-seo-wordpress\/ -->\n<title>Pistoleros Silver Tequila 70cl - Nachtwinkel Delivery Antwerpen<\/title>\n<meta name=\"robots\" content=\"index, follow, max-snippet:-1, max-image-preview:large, max-video-preview:-1\" \/>\n<link rel=\"canonical\" href=\"https:\/\/nachtwinkeldelivery.be\/fr\/produit\/pistoleros-silver-tequila-70cl\/\" \/>\n<meta property=\"og:locale\" content=\"fr_FR\" \/>\n<meta property=\"og:type\" content=\"article\" \/>\n<meta property=\"og:title\" content=\"Pistoleros Silver Tequila 70cl - Nachtwinkel Delivery Antwerpen\" \/>\n<meta property=\"og:description\" content=\"Tequila Pistoleros 35 % vol. 70 Alle productinformatie kan te allen tijde opgevraa\" \/>\n<meta property=\"og:url\" content=\"https:\/\/nachtwinkeldelivery.be\/fr\/produit\/pistoleros-silver-tequila-70cl\/\" \/>\n<meta property=\"og:site_name\" content=\"Nachtwinkel Delivery Antwerpen\" \/>\n<meta property=\"article:publisher\" content=\"https:\/\/web.facebook.com\/p\/Nachtwinkeldelivery-100063950088979\/\" \/>\n<meta property=\"article:modified_time\" content=\"2025-12-20T02:58:45+00:00\" \/>\n<meta property=\"og:image\" content=\"https:\/\/nachtwinkeldelivery.be\/wp-content\/uploads\/2025\/12\/tequila-silver-pistoleros-70cl-goedkoopdrank.jpg\" \/>\n\t<meta property=\"og:image:width\" content=\"450\" \/>\n\t<meta property=\"og:image:height\" content=\"450\" \/>\n\t<meta property=\"og:image:type\" content=\"image\/jpeg\" \/>\n<meta name=\"twitter:card\" content=\"summary_large_image\" \/>\n<script type=\"application\/ld+json\" class=\"yoast-schema-graph\">{\"@context\":\"https:\/\/schema.org\",\"@graph\":[{\"@type\":\"WebPage\",\"@id\":\"https:\/\/nachtwinkeldelivery.be\/product\/pistoleros-silver-tequila-70cl\/\",\"url\":\"https:\/\/nachtwinkeldelivery.be\/product\/pistoleros-silver-tequila-70cl\/\",\"name\":\"Pistoleros Silver Tequila 70cl - Nachtwinkel Delivery Antwerpen\",\"isPartOf\":{\"@id\":\"https:\/\/nachtwinkeldelivery.be\/#website\"},\"primaryImageOfPage\":{\"@id\":\"https:\/\/nachtwinkeldelivery.be\/product\/pistoleros-silver-tequila-70cl\/#primaryimage\"},\"image\":{\"@id\":\"https:\/\/nachtwinkeldelivery.be\/product\/pistoleros-silver-tequila-70cl\/#primaryimage\"},\"thumbnailUrl\":\"https:\/\/i0.wp.com\/nachtwinkeldelivery.be\/wp-content\/uploads\/2025\/12\/tequila-silver-pistoleros-70cl-goedkoopdrank.jpg?fit=450%2C450&ssl=1\",\"datePublished\":\"2025-12-20T02:58:40+00:00\",\"dateModified\":\"2025-12-20T02:58:45+00:00\",\"breadcrumb\":{\"@id\":\"https:\/\/nachtwinkeldelivery.be\/product\/pistoleros-silver-tequila-70cl\/#breadcrumb\"},\"inLanguage\":\"fr-BE\",\"potentialAction\":[{\"@type\":\"ReadAction\",\"target\":[\"https:\/\/nachtwinkeldelivery.be\/product\/pistoleros-silver-tequila-70cl\/\"]}]},{\"@type\":\"ImageObject\",\"inLanguage\":\"fr-BE\",\"@id\":\"https:\/\/nachtwinkeldelivery.be\/product\/pistoleros-silver-tequila-70cl\/#primaryimage\",\"url\":\"https:\/\/i0.wp.com\/nachtwinkeldelivery.be\/wp-content\/uploads\/2025\/12\/tequila-silver-pistoleros-70cl-goedkoopdrank.jpg?fit=450%2C450&ssl=1\",\"contentUrl\":\"https:\/\/i0.wp.com\/nachtwinkeldelivery.be\/wp-content\/uploads\/2025\/12\/tequila-silver-pistoleros-70cl-goedkoopdrank.jpg?fit=450%2C450&ssl=1\",\"width\":450,\"height\":450},{\"@type\":\"BreadcrumbList\",\"@id\":\"https:\/\/nachtwinkeldelivery.be\/product\/pistoleros-silver-tequila-70cl\/#breadcrumb\",\"itemListElement\":[{\"@type\":\"ListItem\",\"position\":1,\"name\":\"Home\",\"item\":\"https:\/\/nachtwinkeldelivery.be\/\"},{\"@type\":\"ListItem\",\"position\":2,\"name\":\"Shop\",\"item\":\"https:\/\/nachtwinkeldelivery.be\/shop\/\"},{\"@type\":\"ListItem\",\"position\":3,\"name\":\"Pistoleros Silver Tequila 70cl\"}]},{\"@type\":\"WebSite\",\"@id\":\"https:\/\/nachtwinkeldelivery.be\/#website\",\"url\":\"https:\/\/nachtwinkeldelivery.be\/\",\"name\":\"Nachtwinkel Delivery Antwerpen\",\"description\":\"Nachtwinkel Delivery\",\"publisher\":{\"@id\":\"https:\/\/nachtwinkeldelivery.be\/#organization\"},\"potentialAction\":[{\"@type\":\"SearchAction\",\"target\":{\"@type\":\"EntryPoint\",\"urlTemplate\":\"https:\/\/nachtwinkeldelivery.be\/?s={search_term_string}\"},\"query-input\":{\"@type\":\"PropertyValueSpecification\",\"valueRequired\":true,\"valueName\":\"search_term_string\"}}],\"inLanguage\":\"fr-BE\"},{\"@type\":\"Organization\",\"@id\":\"https:\/\/nachtwinkeldelivery.be\/#organization\",\"name\":\"Nachtwinkel Delivery Antwerpen\",\"url\":\"https:\/\/nachtwinkeldelivery.be\/\",\"logo\":{\"@type\":\"ImageObject\",\"inLanguage\":\"fr-BE\",\"@id\":\"https:\/\/nachtwinkeldelivery.be\/#\/schema\/logo\/image\/\",\"url\":\"https:\/\/nachtwinkeldelivery.be\/wp-content\/uploads\/2025\/12\/Gemini_Generated_Image_8hhdu98hhdu98hhd-removebg-preview.png\",\"contentUrl\":\"https:\/\/nachtwinkeldelivery.be\/wp-content\/uploads\/2025\/12\/Gemini_Generated_Image_8hhdu98hhdu98hhd-removebg-preview.png\",\"width\":939,\"height\":266,\"caption\":\"Nachtwinkel Delivery Antwerpen\"},\"image\":{\"@id\":\"https:\/\/nachtwinkeldelivery.be\/#\/schema\/logo\/image\/\"},\"sameAs\":[\"https:\/\/web.facebook.com\/p\/Nachtwinkeldelivery-100063950088979\/\"]}]}<\/script>\n<!-- \/ Yoast SEO plugin. -->","yoast_head_json":{"title":"Pistoleros Silver Tequila 70cl - Nachtwinkel Delivery Antwerpen","robots":{"index":"index","follow":"follow","max-snippet":"max-snippet:-1","max-image-preview":"max-image-preview:large","max-video-preview":"max-video-preview:-1"},"canonical":"https:\/\/nachtwinkeldelivery.be\/fr\/produit\/pistoleros-silver-tequila-70cl\/","og_locale":"fr_FR","og_type":"article","og_title":"Pistoleros Silver Tequila 70cl - Nachtwinkel Delivery Antwerpen","og_description":"Tequila Pistoleros 35 % vol. 70 Alle productinformatie kan te allen tijde opgevraa","og_url":"https:\/\/nachtwinkeldelivery.be\/fr\/produit\/pistoleros-silver-tequila-70cl\/","og_site_name":"Nachtwinkel Delivery Antwerpen","article_publisher":"https:\/\/web.facebook.com\/p\/Nachtwinkeldelivery-100063950088979\/","article_modified_time":"2025-12-20T02:58:45+00:00","og_image":[{"width":450,"height":450,"url":"https:\/\/nachtwinkeldelivery.be\/wp-content\/uploads\/2025\/12\/tequila-silver-pistoleros-70cl-goedkoopdrank.jpg","type":"image\/jpeg"}],"twitter_card":"summary_large_image","schema":{"@context":"https:\/\/schema.org","@graph":[{"@type":"WebPage","@id":"https:\/\/nachtwinkeldelivery.be\/product\/pistoleros-silver-tequila-70cl\/","url":"https:\/\/nachtwinkeldelivery.be\/product\/pistoleros-silver-tequila-70cl\/","name":"Pistoleros Silver Tequila 70cl - Nachtwinkel Delivery Antwerpen","isPartOf":{"@id":"https:\/\/nachtwinkeldelivery.be\/#website"},"primaryImageOfPage":{"@id":"https:\/\/nachtwinkeldelivery.be\/product\/pistoleros-silver-tequila-70cl\/#primaryimage"},"image":{"@id":"https:\/\/nachtwinkeldelivery.be\/product\/pistoleros-silver-tequila-70cl\/#primaryimage"},"thumbnailUrl":"https:\/\/i0.wp.com\/nachtwinkeldelivery.be\/wp-content\/uploads\/2025\/12\/tequila-silver-pistoleros-70cl-goedkoopdrank.jpg?fit=450%2C450&ssl=1","datePublished":"2025-12-20T02:58:40+00:00","dateModified":"2025-12-20T02:58:45+00:00","breadcrumb":{"@id":"https:\/\/nachtwinkeldelivery.be\/product\/pistoleros-silver-tequila-70cl\/#breadcrumb"},"inLanguage":"fr-BE","potentialAction":[{"@type":"ReadAction","target":["https:\/\/nachtwinkeldelivery.be\/product\/pistoleros-silver-tequila-70cl\/"]}]},{"@type":"ImageObject","inLanguage":"fr-BE","@id":"https:\/\/nachtwinkeldelivery.be\/product\/pistoleros-silver-tequila-70cl\/#primaryimage","url":"https:\/\/i0.wp.com\/nachtwinkeldelivery.be\/wp-content\/uploads\/2025\/12\/tequila-silver-pistoleros-70cl-goedkoopdrank.jpg?fit=450%2C450&ssl=1","contentUrl":"https:\/\/i0.wp.com\/nachtwinkeldelivery.be\/wp-content\/uploads\/2025\/12\/tequila-silver-pistoleros-70cl-goedkoopdrank.jpg?fit=450%2C450&ssl=1","width":450,"height":450},{"@type":"BreadcrumbList","@id":"https:\/\/nachtwinkeldelivery.be\/product\/pistoleros-silver-tequila-70cl\/#breadcrumb","itemListElement":[{"@type":"ListItem","position":1,"name":"Home","item":"https:\/\/nachtwinkeldelivery.be\/"},{"@type":"ListItem","position":2,"name":"Shop","item":"https:\/\/nachtwinkeldelivery.be\/shop\/"},{"@type":"ListItem","position":3,"name":"Pistoleros Silver Tequila 70cl"}]},{"@type":"WebSite","@id":"https:\/\/nachtwinkeldelivery.be\/#website","url":"https:\/\/nachtwinkeldelivery.be\/","name":"Livraison Nightshop Anvers","description":"Nachtwinkel Delivery","publisher":{"@id":"https:\/\/nachtwinkeldelivery.be\/#organization"},"potentialAction":[{"@type":"SearchAction","target":{"@type":"EntryPoint","urlTemplate":"https:\/\/nachtwinkeldelivery.be\/?s={search_term_string}"},"query-input":{"@type":"PropertyValueSpecification","valueRequired":true,"valueName":"search_term_string"}}],"inLanguage":"fr-BE"},{"@type":"Organization","@id":"https:\/\/nachtwinkeldelivery.be\/#organization","name":"Livraison Nightshop Anvers","url":"https:\/\/nachtwinkeldelivery.be\/","logo":{"@type":"ImageObject","inLanguage":"fr-BE","@id":"https:\/\/nachtwinkeldelivery.be\/#\/schema\/logo\/image\/","url":"https:\/\/nachtwinkeldelivery.be\/wp-content\/uploads\/2025\/12\/Gemini_Generated_Image_8hhdu98hhdu98hhd-removebg-preview.png","contentUrl":"https:\/\/nachtwinkeldelivery.be\/wp-content\/uploads\/2025\/12\/Gemini_Generated_Image_8hhdu98hhdu98hhd-removebg-preview.png","width":939,"height":266,"caption":"Nachtwinkel Delivery Antwerpen"},"image":{"@id":"https:\/\/nachtwinkeldelivery.be\/#\/schema\/logo\/image\/"},"sameAs":["https:\/\/web.facebook.com\/p\/Nachtwinkeldelivery-100063950088979\/"]}]}},"jetpack_sharing_enabled":true,"_links":{"self":[{"href":"https:\/\/nachtwinkeldelivery.be\/fr\/wp-json\/wp\/v2\/product\/1624","targetHints":{"allow":["GET"]}}],"collection":[{"href":"https:\/\/nachtwinkeldelivery.be\/fr\/wp-json\/wp\/v2\/product"}],"about":[{"href":"https:\/\/nachtwinkeldelivery.be\/fr\/wp-json\/wp\/v2\/types\/product"}],"replies":[{"embeddable":true,"href":"https:\/\/nachtwinkeldelivery.be\/fr\/wp-json\/wp\/v2\/comments?post=1624"}],"wp:featuredmedia":[{"embeddable":true,"href":"https:\/\/nachtwinkeldelivery.be\/fr\/wp-json\/wp\/v2\/media\/1528"}],"wp:attachment":[{"href":"https:\/\/nachtwinkeldelivery.be\/fr\/wp-json\/wp\/v2\/media?parent=1624"}],"wp:term":[{"taxonomy":"product_brand","embeddable":true,"href":"https:\/\/nachtwinkeldelivery.be\/fr\/wp-json\/wp\/v2\/product_brand?post=1624"},{"taxonomy":"product_cat","embeddable":true,"href":"https:\/\/nachtwinkeldelivery.be\/fr\/wp-json\/wp\/v2\/product_cat?post=1624"},{"taxonomy":"product_tag","embeddable":true,"href":"https:\/\/nachtwinkeldelivery.be\/fr\/wp-json\/wp\/v2\/product_tag?post=1624"}],"curies":[{"name":"wp","href":"https:\/\/api.w.org\/{rel}","templated":true}]}}