{"id":5278,"date":"2026-01-02T02:38:34","date_gmt":"2026-01-02T02:38:34","guid":{"rendered":"https:\/\/nachtwinkeldelivery.be\/?post_type=product&#038;p=5278"},"modified":"2026-01-02T02:39:39","modified_gmt":"2026-01-02T02:39:39","slug":"miami-night-pack","status":"publish","type":"product","link":"https:\/\/nachtwinkeldelivery.be\/fr\/produit\/miami-night-pack\/","title":{"rendered":"Pack Miami Night"},"content":{"rendered":"<p>Description :<br \/>\nFaites entrer les vibrations de Miami dans votre maison.<br \/>\nUne combinaison fra\u00eeche et \u00e9nergique avec de la vodka premium, du Red Bull, des gla\u00e7ons et des chips.<br \/>\nParfait pour les f\u00eates et les longues soir\u00e9es.<\/p>\n<p>\u2714\ufe0f Les vibrations de la f\u00eate<br \/>\n\u2714\ufe0f \u00c9nergie et go\u00fbt de premi\u00e8re qualit\u00e9<br \/>\n\u2714\ufe0f Livraison gratuite<\/p>\n<p>Contenu :<br \/>\n\t- 1\u00d7 Vodka de qualit\u00e9 sup\u00e9rieure<br \/>\n\t- Red Bull<br \/>\n\t- Gla\u00e7ons<br \/>\n\t- Chips<\/p>","protected":false},"excerpt":{"rendered":"<p>\t- 1\u00d7 Vodka de qualit\u00e9 sup\u00e9rieure<br \/>\n\t- Red Bull<br \/>\n\t- Gla\u00e7ons<br \/>\n\t- Chips<\/p>","protected":false},"featured_media":5279,"comment_status":"open","ping_status":"closed","template":"","meta":[],"product_brand":[],"product_cat":[108],"product_tag":[],"class_list":{"0":"post-5278","1":"product","2":"type-product","3":"status-publish","4":"has-post-thumbnail","6":"product_cat-vip-pakketten","8":"first","9":"instock","10":"taxable","11":"shipping-taxable","12":"purchasable","13":"product-type-simple"},"yoast_head":"<!-- This site is optimized with the Yoast SEO plugin v27.1.1 - https:\/\/yoast.com\/product\/yoast-seo-wordpress\/ -->\n<title>Miami Night Pack - Nachtwinkel Delivery Antwerpen<\/title>\n<meta name=\"robots\" content=\"index, follow, max-snippet:-1, max-image-preview:large, max-video-preview:-1\" \/>\n<link rel=\"canonical\" href=\"https:\/\/nachtwinkeldelivery.be\/fr\/produit\/miami-night-pack\/\" \/>\n<meta property=\"og:locale\" content=\"fr_FR\" \/>\n<meta property=\"og:type\" content=\"article\" \/>\n<meta property=\"og:title\" content=\"Miami Night Pack - Nachtwinkel Delivery Antwerpen\" \/>\n<meta property=\"og:description\" content=\"\u2022 1\u00d7 Premium Vodka  \u2022 Red Bull  \u2022 IJsblokjes  \u2022 Chips\" \/>\n<meta property=\"og:url\" content=\"https:\/\/nachtwinkeldelivery.be\/fr\/produit\/miami-night-pack\/\" \/>\n<meta property=\"og:site_name\" content=\"Nachtwinkel Delivery Antwerpen\" \/>\n<meta property=\"article:publisher\" content=\"https:\/\/web.facebook.com\/p\/Nachtwinkeldelivery-100063950088979\/\" \/>\n<meta property=\"article:modified_time\" content=\"2026-01-02T02:39:39+00:00\" \/>\n<meta property=\"og:image\" content=\"https:\/\/nachtwinkeldelivery.be\/wp-content\/uploads\/2026\/01\/WhatsApp-Image-2026-01-02-at-03.01.41.jpeg\" \/>\n\t<meta property=\"og:image:width\" content=\"1024\" \/>\n\t<meta property=\"og:image:height\" content=\"1536\" \/>\n\t<meta property=\"og:image:type\" content=\"image\/jpeg\" \/>\n<meta name=\"twitter:card\" content=\"summary_large_image\" \/>\n<meta name=\"twitter:label1\" content=\"Dur\u00e9e de lecture est.\" \/>\n\t<meta name=\"twitter:data1\" content=\"1 minute\" \/>\n<script type=\"application\/ld+json\" class=\"yoast-schema-graph\">{\"@context\":\"https:\/\/schema.org\",\"@graph\":[{\"@type\":\"WebPage\",\"@id\":\"https:\/\/nachtwinkeldelivery.be\/product\/miami-night-pack\/\",\"url\":\"https:\/\/nachtwinkeldelivery.be\/product\/miami-night-pack\/\",\"name\":\"Miami Night Pack - Nachtwinkel Delivery Antwerpen\",\"isPartOf\":{\"@id\":\"https:\/\/nachtwinkeldelivery.be\/#website\"},\"primaryImageOfPage\":{\"@id\":\"https:\/\/nachtwinkeldelivery.be\/product\/miami-night-pack\/#primaryimage\"},\"image\":{\"@id\":\"https:\/\/nachtwinkeldelivery.be\/product\/miami-night-pack\/#primaryimage\"},\"thumbnailUrl\":\"https:\/\/i0.wp.com\/nachtwinkeldelivery.be\/wp-content\/uploads\/2026\/01\/WhatsApp-Image-2026-01-02-at-03.01.41.jpeg?fit=1024%2C1536&ssl=1\",\"datePublished\":\"2026-01-02T02:38:34+00:00\",\"dateModified\":\"2026-01-02T02:39:39+00:00\",\"breadcrumb\":{\"@id\":\"https:\/\/nachtwinkeldelivery.be\/product\/miami-night-pack\/#breadcrumb\"},\"inLanguage\":\"fr-BE\",\"potentialAction\":[{\"@type\":\"ReadAction\",\"target\":[\"https:\/\/nachtwinkeldelivery.be\/product\/miami-night-pack\/\"]}]},{\"@type\":\"ImageObject\",\"inLanguage\":\"fr-BE\",\"@id\":\"https:\/\/nachtwinkeldelivery.be\/product\/miami-night-pack\/#primaryimage\",\"url\":\"https:\/\/i0.wp.com\/nachtwinkeldelivery.be\/wp-content\/uploads\/2026\/01\/WhatsApp-Image-2026-01-02-at-03.01.41.jpeg?fit=1024%2C1536&ssl=1\",\"contentUrl\":\"https:\/\/i0.wp.com\/nachtwinkeldelivery.be\/wp-content\/uploads\/2026\/01\/WhatsApp-Image-2026-01-02-at-03.01.41.jpeg?fit=1024%2C1536&ssl=1\",\"width\":1024,\"height\":1536},{\"@type\":\"BreadcrumbList\",\"@id\":\"https:\/\/nachtwinkeldelivery.be\/product\/miami-night-pack\/#breadcrumb\",\"itemListElement\":[{\"@type\":\"ListItem\",\"position\":1,\"name\":\"Home\",\"item\":\"https:\/\/nachtwinkeldelivery.be\/\"},{\"@type\":\"ListItem\",\"position\":2,\"name\":\"Shop\",\"item\":\"https:\/\/nachtwinkeldelivery.be\/shop\/\"},{\"@type\":\"ListItem\",\"position\":3,\"name\":\"Miami Night Pack\"}]},{\"@type\":\"WebSite\",\"@id\":\"https:\/\/nachtwinkeldelivery.be\/#website\",\"url\":\"https:\/\/nachtwinkeldelivery.be\/\",\"name\":\"Nachtwinkel Delivery Antwerpen\",\"description\":\"Nachtwinkel Delivery\",\"publisher\":{\"@id\":\"https:\/\/nachtwinkeldelivery.be\/#organization\"},\"potentialAction\":[{\"@type\":\"SearchAction\",\"target\":{\"@type\":\"EntryPoint\",\"urlTemplate\":\"https:\/\/nachtwinkeldelivery.be\/?s={search_term_string}\"},\"query-input\":{\"@type\":\"PropertyValueSpecification\",\"valueRequired\":true,\"valueName\":\"search_term_string\"}}],\"inLanguage\":\"fr-BE\"},{\"@type\":\"Organization\",\"@id\":\"https:\/\/nachtwinkeldelivery.be\/#organization\",\"name\":\"Nachtwinkel Delivery Antwerpen\",\"url\":\"https:\/\/nachtwinkeldelivery.be\/\",\"logo\":{\"@type\":\"ImageObject\",\"inLanguage\":\"fr-BE\",\"@id\":\"https:\/\/nachtwinkeldelivery.be\/#\/schema\/logo\/image\/\",\"url\":\"https:\/\/nachtwinkeldelivery.be\/wp-content\/uploads\/2025\/12\/Gemini_Generated_Image_8hhdu98hhdu98hhd-removebg-preview.png\",\"contentUrl\":\"https:\/\/nachtwinkeldelivery.be\/wp-content\/uploads\/2025\/12\/Gemini_Generated_Image_8hhdu98hhdu98hhd-removebg-preview.png\",\"width\":939,\"height\":266,\"caption\":\"Nachtwinkel Delivery Antwerpen\"},\"image\":{\"@id\":\"https:\/\/nachtwinkeldelivery.be\/#\/schema\/logo\/image\/\"},\"sameAs\":[\"https:\/\/web.facebook.com\/p\/Nachtwinkeldelivery-100063950088979\/\"]}]}<\/script>\n<!-- \/ Yoast SEO plugin. -->","yoast_head_json":{"title":"Miami Night Pack - Nachtwinkel Delivery Antwerpen","robots":{"index":"index","follow":"follow","max-snippet":"max-snippet:-1","max-image-preview":"max-image-preview:large","max-video-preview":"max-video-preview:-1"},"canonical":"https:\/\/nachtwinkeldelivery.be\/fr\/produit\/miami-night-pack\/","og_locale":"fr_FR","og_type":"article","og_title":"Miami Night Pack - Nachtwinkel Delivery Antwerpen","og_description":"\u2022 1\u00d7 Premium Vodka  \u2022 Red Bull  \u2022 IJsblokjes  \u2022 Chips","og_url":"https:\/\/nachtwinkeldelivery.be\/fr\/produit\/miami-night-pack\/","og_site_name":"Nachtwinkel Delivery Antwerpen","article_publisher":"https:\/\/web.facebook.com\/p\/Nachtwinkeldelivery-100063950088979\/","article_modified_time":"2026-01-02T02:39:39+00:00","og_image":[{"width":1024,"height":1536,"url":"https:\/\/nachtwinkeldelivery.be\/wp-content\/uploads\/2026\/01\/WhatsApp-Image-2026-01-02-at-03.01.41.jpeg","type":"image\/jpeg"}],"twitter_card":"summary_large_image","twitter_misc":{"Dur\u00e9e de lecture est.":"1 minute"},"schema":{"@context":"https:\/\/schema.org","@graph":[{"@type":"WebPage","@id":"https:\/\/nachtwinkeldelivery.be\/product\/miami-night-pack\/","url":"https:\/\/nachtwinkeldelivery.be\/product\/miami-night-pack\/","name":"Miami Night Pack - Nachtwinkel Delivery Antwerpen","isPartOf":{"@id":"https:\/\/nachtwinkeldelivery.be\/#website"},"primaryImageOfPage":{"@id":"https:\/\/nachtwinkeldelivery.be\/product\/miami-night-pack\/#primaryimage"},"image":{"@id":"https:\/\/nachtwinkeldelivery.be\/product\/miami-night-pack\/#primaryimage"},"thumbnailUrl":"https:\/\/i0.wp.com\/nachtwinkeldelivery.be\/wp-content\/uploads\/2026\/01\/WhatsApp-Image-2026-01-02-at-03.01.41.jpeg?fit=1024%2C1536&ssl=1","datePublished":"2026-01-02T02:38:34+00:00","dateModified":"2026-01-02T02:39:39+00:00","breadcrumb":{"@id":"https:\/\/nachtwinkeldelivery.be\/product\/miami-night-pack\/#breadcrumb"},"inLanguage":"fr-BE","potentialAction":[{"@type":"ReadAction","target":["https:\/\/nachtwinkeldelivery.be\/product\/miami-night-pack\/"]}]},{"@type":"ImageObject","inLanguage":"fr-BE","@id":"https:\/\/nachtwinkeldelivery.be\/product\/miami-night-pack\/#primaryimage","url":"https:\/\/i0.wp.com\/nachtwinkeldelivery.be\/wp-content\/uploads\/2026\/01\/WhatsApp-Image-2026-01-02-at-03.01.41.jpeg?fit=1024%2C1536&ssl=1","contentUrl":"https:\/\/i0.wp.com\/nachtwinkeldelivery.be\/wp-content\/uploads\/2026\/01\/WhatsApp-Image-2026-01-02-at-03.01.41.jpeg?fit=1024%2C1536&ssl=1","width":1024,"height":1536},{"@type":"BreadcrumbList","@id":"https:\/\/nachtwinkeldelivery.be\/product\/miami-night-pack\/#breadcrumb","itemListElement":[{"@type":"ListItem","position":1,"name":"Home","item":"https:\/\/nachtwinkeldelivery.be\/"},{"@type":"ListItem","position":2,"name":"Shop","item":"https:\/\/nachtwinkeldelivery.be\/shop\/"},{"@type":"ListItem","position":3,"name":"Miami Night Pack"}]},{"@type":"WebSite","@id":"https:\/\/nachtwinkeldelivery.be\/#website","url":"https:\/\/nachtwinkeldelivery.be\/","name":"Livraison Nightshop Anvers","description":"Nachtwinkel Delivery","publisher":{"@id":"https:\/\/nachtwinkeldelivery.be\/#organization"},"potentialAction":[{"@type":"SearchAction","target":{"@type":"EntryPoint","urlTemplate":"https:\/\/nachtwinkeldelivery.be\/?s={search_term_string}"},"query-input":{"@type":"PropertyValueSpecification","valueRequired":true,"valueName":"search_term_string"}}],"inLanguage":"fr-BE"},{"@type":"Organization","@id":"https:\/\/nachtwinkeldelivery.be\/#organization","name":"Livraison Nightshop Anvers","url":"https:\/\/nachtwinkeldelivery.be\/","logo":{"@type":"ImageObject","inLanguage":"fr-BE","@id":"https:\/\/nachtwinkeldelivery.be\/#\/schema\/logo\/image\/","url":"https:\/\/nachtwinkeldelivery.be\/wp-content\/uploads\/2025\/12\/Gemini_Generated_Image_8hhdu98hhdu98hhd-removebg-preview.png","contentUrl":"https:\/\/nachtwinkeldelivery.be\/wp-content\/uploads\/2025\/12\/Gemini_Generated_Image_8hhdu98hhdu98hhd-removebg-preview.png","width":939,"height":266,"caption":"Nachtwinkel Delivery Antwerpen"},"image":{"@id":"https:\/\/nachtwinkeldelivery.be\/#\/schema\/logo\/image\/"},"sameAs":["https:\/\/web.facebook.com\/p\/Nachtwinkeldelivery-100063950088979\/"]}]}},"jetpack_sharing_enabled":true,"_links":{"self":[{"href":"https:\/\/nachtwinkeldelivery.be\/fr\/wp-json\/wp\/v2\/product\/5278","targetHints":{"allow":["GET"]}}],"collection":[{"href":"https:\/\/nachtwinkeldelivery.be\/fr\/wp-json\/wp\/v2\/product"}],"about":[{"href":"https:\/\/nachtwinkeldelivery.be\/fr\/wp-json\/wp\/v2\/types\/product"}],"replies":[{"embeddable":true,"href":"https:\/\/nachtwinkeldelivery.be\/fr\/wp-json\/wp\/v2\/comments?post=5278"}],"wp:featuredmedia":[{"embeddable":true,"href":"https:\/\/nachtwinkeldelivery.be\/fr\/wp-json\/wp\/v2\/media\/5279"}],"wp:attachment":[{"href":"https:\/\/nachtwinkeldelivery.be\/fr\/wp-json\/wp\/v2\/media?parent=5278"}],"wp:term":[{"taxonomy":"product_brand","embeddable":true,"href":"https:\/\/nachtwinkeldelivery.be\/fr\/wp-json\/wp\/v2\/product_brand?post=5278"},{"taxonomy":"product_cat","embeddable":true,"href":"https:\/\/nachtwinkeldelivery.be\/fr\/wp-json\/wp\/v2\/product_cat?post=5278"},{"taxonomy":"product_tag","embeddable":true,"href":"https:\/\/nachtwinkeldelivery.be\/fr\/wp-json\/wp\/v2\/product_tag?post=5278"}],"curies":[{"name":"wp","href":"https:\/\/api.w.org\/{rel}","templated":true}]}}