{"id":5282,"date":"2026-01-02T02:43:01","date_gmt":"2026-01-02T02:43:01","guid":{"rendered":"https:\/\/nachtwinkeldelivery.be\/?post_type=product&#038;p=5282"},"modified":"2026-01-02T02:43:01","modified_gmt":"2026-01-02T02:43:01","slug":"nachty-signature-pack","status":"publish","type":"product","link":"https:\/\/nachtwinkeldelivery.be\/fr\/produit\/nachty-signature-pack\/","title":{"rendered":"Pack Signature Nachty"},"content":{"rendered":"<p>Description :<br \/>\nNotre s\u00e9lection la plus exclusive, con\u00e7ue pour les moments sp\u00e9ciaux.<br \/>\nSavourez une combinaison raffin\u00e9e de champagne Mo\u00ebt, de vins ros\u00e9s et de cava, agr\u00e9ment\u00e9e d'en-cas de luxe, de boissons fra\u00eeches et d'un cadeau surprise.<\/p>\n<p>Une v\u00e9ritable exp\u00e9rience de signature, livr\u00e9e avec style \u00e0 votre domicile.<\/p>\n<p>\u2714\ufe0f Champagne et s\u00e9lection de vins<br \/>\n\u2714\ufe0f En-cas de luxe<br \/>\n\u2714\ufe0f Comprend les boissons fra\u00eeches et la glace<br \/>\n\u2714\ufe0f Cadeau surprise inclus \ud83c\udf81<br \/>\n\u2714\ufe0f Livraison gratuite<\/p>\n<p>Contenu :<br \/>\n\t- 1\u00d7 Mo\u00ebt Champagne<br \/>\n\t- 2\u00d7 vin ros\u00e9<br \/>\n\t- 1\u00d7 Cava<br \/>\n\t- Fromage et noix<br \/>\n\t- Rouge Spa<br \/>\n\t- Spa Blue<br \/>\n\t- Gla\u00e7ons<br \/>\n\t- \ud83c\udf81 Cadeau surprise<\/p>","protected":false},"excerpt":{"rendered":"<p>\t- 1\u00d7 Mo\u00ebt Champagne<br \/>\n\t- 2\u00d7 vin ros\u00e9<br \/>\n\t- 1\u00d7 Cava<br \/>\n\t- Fromage et noix<br \/>\n\t- Rouge Spa<br \/>\n\t- Spa Blue<br \/>\n\t- Gla\u00e7ons<br \/>\n\t- \ud83c\udf81 Cadeau surprise<\/p>","protected":false},"featured_media":5283,"comment_status":"open","ping_status":"closed","template":"","meta":[],"product_brand":[],"product_cat":[108],"product_tag":[],"class_list":{"0":"post-5282","1":"product","2":"type-product","3":"status-publish","4":"has-post-thumbnail","6":"product_cat-vip-pakketten","8":"first","9":"instock","10":"taxable","11":"shipping-taxable","12":"purchasable","13":"product-type-simple"},"yoast_head":"<!-- This site is optimized with the Yoast SEO plugin v27.1.1 - https:\/\/yoast.com\/product\/yoast-seo-wordpress\/ -->\n<title>Nachty Signature Pack - Nachtwinkel Delivery Antwerpen<\/title>\n<meta name=\"robots\" content=\"index, follow, max-snippet:-1, max-image-preview:large, max-video-preview:-1\" \/>\n<link rel=\"canonical\" href=\"https:\/\/nachtwinkeldelivery.be\/fr\/produit\/nachty-signature-pack\/\" \/>\n<meta property=\"og:locale\" content=\"fr_FR\" \/>\n<meta property=\"og:type\" content=\"article\" \/>\n<meta property=\"og:title\" content=\"Nachty Signature Pack - Nachtwinkel Delivery Antwerpen\" \/>\n<meta property=\"og:description\" content=\"\u2022 1\u00d7 Mo\u00ebt Champagne  \u2022 2\u00d7 Ros\u00e9 wijn  \u2022 1\u00d7 Cava  \u2022 Kaas &amp; nootjes  \u2022 Spa Rood  \u2022 Spa Blauw  \u2022 IJsblokjes  \u2022 \ud83c\udf81 Verrassingscadeau\" \/>\n<meta property=\"og:url\" content=\"https:\/\/nachtwinkeldelivery.be\/fr\/produit\/nachty-signature-pack\/\" \/>\n<meta property=\"og:site_name\" content=\"Nachtwinkel Delivery Antwerpen\" \/>\n<meta property=\"article:publisher\" content=\"https:\/\/web.facebook.com\/p\/Nachtwinkeldelivery-100063950088979\/\" \/>\n<meta property=\"og:image\" content=\"https:\/\/nachtwinkeldelivery.be\/wp-content\/uploads\/2026\/01\/WhatsApp-Image-2026-01-02-at-03.22.59.jpeg\" \/>\n\t<meta property=\"og:image:width\" content=\"1024\" \/>\n\t<meta property=\"og:image:height\" content=\"1536\" \/>\n\t<meta property=\"og:image:type\" content=\"image\/jpeg\" \/>\n<meta name=\"twitter:card\" content=\"summary_large_image\" \/>\n<script type=\"application\/ld+json\" class=\"yoast-schema-graph\">{\"@context\":\"https:\/\/schema.org\",\"@graph\":[{\"@type\":\"WebPage\",\"@id\":\"https:\/\/nachtwinkeldelivery.be\/product\/nachty-signature-pack\/\",\"url\":\"https:\/\/nachtwinkeldelivery.be\/product\/nachty-signature-pack\/\",\"name\":\"Nachty Signature Pack - Nachtwinkel Delivery Antwerpen\",\"isPartOf\":{\"@id\":\"https:\/\/nachtwinkeldelivery.be\/#website\"},\"primaryImageOfPage\":{\"@id\":\"https:\/\/nachtwinkeldelivery.be\/product\/nachty-signature-pack\/#primaryimage\"},\"image\":{\"@id\":\"https:\/\/nachtwinkeldelivery.be\/product\/nachty-signature-pack\/#primaryimage\"},\"thumbnailUrl\":\"https:\/\/i0.wp.com\/nachtwinkeldelivery.be\/wp-content\/uploads\/2026\/01\/WhatsApp-Image-2026-01-02-at-03.22.59.jpeg?fit=1024%2C1536&ssl=1\",\"datePublished\":\"2026-01-02T02:43:01+00:00\",\"breadcrumb\":{\"@id\":\"https:\/\/nachtwinkeldelivery.be\/product\/nachty-signature-pack\/#breadcrumb\"},\"inLanguage\":\"fr-BE\",\"potentialAction\":[{\"@type\":\"ReadAction\",\"target\":[\"https:\/\/nachtwinkeldelivery.be\/product\/nachty-signature-pack\/\"]}]},{\"@type\":\"ImageObject\",\"inLanguage\":\"fr-BE\",\"@id\":\"https:\/\/nachtwinkeldelivery.be\/product\/nachty-signature-pack\/#primaryimage\",\"url\":\"https:\/\/i0.wp.com\/nachtwinkeldelivery.be\/wp-content\/uploads\/2026\/01\/WhatsApp-Image-2026-01-02-at-03.22.59.jpeg?fit=1024%2C1536&ssl=1\",\"contentUrl\":\"https:\/\/i0.wp.com\/nachtwinkeldelivery.be\/wp-content\/uploads\/2026\/01\/WhatsApp-Image-2026-01-02-at-03.22.59.jpeg?fit=1024%2C1536&ssl=1\",\"width\":1024,\"height\":1536},{\"@type\":\"BreadcrumbList\",\"@id\":\"https:\/\/nachtwinkeldelivery.be\/product\/nachty-signature-pack\/#breadcrumb\",\"itemListElement\":[{\"@type\":\"ListItem\",\"position\":1,\"name\":\"Home\",\"item\":\"https:\/\/nachtwinkeldelivery.be\/\"},{\"@type\":\"ListItem\",\"position\":2,\"name\":\"Shop\",\"item\":\"https:\/\/nachtwinkeldelivery.be\/shop\/\"},{\"@type\":\"ListItem\",\"position\":3,\"name\":\"Nachty Signature Pack\"}]},{\"@type\":\"WebSite\",\"@id\":\"https:\/\/nachtwinkeldelivery.be\/#website\",\"url\":\"https:\/\/nachtwinkeldelivery.be\/\",\"name\":\"Nachtwinkel Delivery Antwerpen\",\"description\":\"Nachtwinkel Delivery\",\"publisher\":{\"@id\":\"https:\/\/nachtwinkeldelivery.be\/#organization\"},\"potentialAction\":[{\"@type\":\"SearchAction\",\"target\":{\"@type\":\"EntryPoint\",\"urlTemplate\":\"https:\/\/nachtwinkeldelivery.be\/?s={search_term_string}\"},\"query-input\":{\"@type\":\"PropertyValueSpecification\",\"valueRequired\":true,\"valueName\":\"search_term_string\"}}],\"inLanguage\":\"fr-BE\"},{\"@type\":\"Organization\",\"@id\":\"https:\/\/nachtwinkeldelivery.be\/#organization\",\"name\":\"Nachtwinkel Delivery Antwerpen\",\"url\":\"https:\/\/nachtwinkeldelivery.be\/\",\"logo\":{\"@type\":\"ImageObject\",\"inLanguage\":\"fr-BE\",\"@id\":\"https:\/\/nachtwinkeldelivery.be\/#\/schema\/logo\/image\/\",\"url\":\"https:\/\/nachtwinkeldelivery.be\/wp-content\/uploads\/2025\/12\/Gemini_Generated_Image_8hhdu98hhdu98hhd-removebg-preview.png\",\"contentUrl\":\"https:\/\/nachtwinkeldelivery.be\/wp-content\/uploads\/2025\/12\/Gemini_Generated_Image_8hhdu98hhdu98hhd-removebg-preview.png\",\"width\":939,\"height\":266,\"caption\":\"Nachtwinkel Delivery Antwerpen\"},\"image\":{\"@id\":\"https:\/\/nachtwinkeldelivery.be\/#\/schema\/logo\/image\/\"},\"sameAs\":[\"https:\/\/web.facebook.com\/p\/Nachtwinkeldelivery-100063950088979\/\"]}]}<\/script>\n<!-- \/ Yoast SEO plugin. -->","yoast_head_json":{"title":"Nachty Signature Pack - Nachtwinkel Delivery Antwerpen","robots":{"index":"index","follow":"follow","max-snippet":"max-snippet:-1","max-image-preview":"max-image-preview:large","max-video-preview":"max-video-preview:-1"},"canonical":"https:\/\/nachtwinkeldelivery.be\/fr\/produit\/nachty-signature-pack\/","og_locale":"fr_FR","og_type":"article","og_title":"Nachty Signature Pack - Nachtwinkel Delivery Antwerpen","og_description":"\u2022 1\u00d7 Mo\u00ebt Champagne  \u2022 2\u00d7 Ros\u00e9 wijn  \u2022 1\u00d7 Cava  \u2022 Kaas & nootjes  \u2022 Spa Rood  \u2022 Spa Blauw  \u2022 IJsblokjes  \u2022 \ud83c\udf81 Verrassingscadeau","og_url":"https:\/\/nachtwinkeldelivery.be\/fr\/produit\/nachty-signature-pack\/","og_site_name":"Nachtwinkel Delivery Antwerpen","article_publisher":"https:\/\/web.facebook.com\/p\/Nachtwinkeldelivery-100063950088979\/","og_image":[{"width":1024,"height":1536,"url":"https:\/\/nachtwinkeldelivery.be\/wp-content\/uploads\/2026\/01\/WhatsApp-Image-2026-01-02-at-03.22.59.jpeg","type":"image\/jpeg"}],"twitter_card":"summary_large_image","schema":{"@context":"https:\/\/schema.org","@graph":[{"@type":"WebPage","@id":"https:\/\/nachtwinkeldelivery.be\/product\/nachty-signature-pack\/","url":"https:\/\/nachtwinkeldelivery.be\/product\/nachty-signature-pack\/","name":"Nachty Signature Pack - Nachtwinkel Delivery Antwerpen","isPartOf":{"@id":"https:\/\/nachtwinkeldelivery.be\/#website"},"primaryImageOfPage":{"@id":"https:\/\/nachtwinkeldelivery.be\/product\/nachty-signature-pack\/#primaryimage"},"image":{"@id":"https:\/\/nachtwinkeldelivery.be\/product\/nachty-signature-pack\/#primaryimage"},"thumbnailUrl":"https:\/\/i0.wp.com\/nachtwinkeldelivery.be\/wp-content\/uploads\/2026\/01\/WhatsApp-Image-2026-01-02-at-03.22.59.jpeg?fit=1024%2C1536&ssl=1","datePublished":"2026-01-02T02:43:01+00:00","breadcrumb":{"@id":"https:\/\/nachtwinkeldelivery.be\/product\/nachty-signature-pack\/#breadcrumb"},"inLanguage":"fr-BE","potentialAction":[{"@type":"ReadAction","target":["https:\/\/nachtwinkeldelivery.be\/product\/nachty-signature-pack\/"]}]},{"@type":"ImageObject","inLanguage":"fr-BE","@id":"https:\/\/nachtwinkeldelivery.be\/product\/nachty-signature-pack\/#primaryimage","url":"https:\/\/i0.wp.com\/nachtwinkeldelivery.be\/wp-content\/uploads\/2026\/01\/WhatsApp-Image-2026-01-02-at-03.22.59.jpeg?fit=1024%2C1536&ssl=1","contentUrl":"https:\/\/i0.wp.com\/nachtwinkeldelivery.be\/wp-content\/uploads\/2026\/01\/WhatsApp-Image-2026-01-02-at-03.22.59.jpeg?fit=1024%2C1536&ssl=1","width":1024,"height":1536},{"@type":"BreadcrumbList","@id":"https:\/\/nachtwinkeldelivery.be\/product\/nachty-signature-pack\/#breadcrumb","itemListElement":[{"@type":"ListItem","position":1,"name":"Home","item":"https:\/\/nachtwinkeldelivery.be\/"},{"@type":"ListItem","position":2,"name":"Shop","item":"https:\/\/nachtwinkeldelivery.be\/shop\/"},{"@type":"ListItem","position":3,"name":"Nachty Signature Pack"}]},{"@type":"WebSite","@id":"https:\/\/nachtwinkeldelivery.be\/#website","url":"https:\/\/nachtwinkeldelivery.be\/","name":"Livraison Nightshop Anvers","description":"Nachtwinkel Delivery","publisher":{"@id":"https:\/\/nachtwinkeldelivery.be\/#organization"},"potentialAction":[{"@type":"SearchAction","target":{"@type":"EntryPoint","urlTemplate":"https:\/\/nachtwinkeldelivery.be\/?s={search_term_string}"},"query-input":{"@type":"PropertyValueSpecification","valueRequired":true,"valueName":"search_term_string"}}],"inLanguage":"fr-BE"},{"@type":"Organization","@id":"https:\/\/nachtwinkeldelivery.be\/#organization","name":"Livraison Nightshop Anvers","url":"https:\/\/nachtwinkeldelivery.be\/","logo":{"@type":"ImageObject","inLanguage":"fr-BE","@id":"https:\/\/nachtwinkeldelivery.be\/#\/schema\/logo\/image\/","url":"https:\/\/nachtwinkeldelivery.be\/wp-content\/uploads\/2025\/12\/Gemini_Generated_Image_8hhdu98hhdu98hhd-removebg-preview.png","contentUrl":"https:\/\/nachtwinkeldelivery.be\/wp-content\/uploads\/2025\/12\/Gemini_Generated_Image_8hhdu98hhdu98hhd-removebg-preview.png","width":939,"height":266,"caption":"Nachtwinkel Delivery Antwerpen"},"image":{"@id":"https:\/\/nachtwinkeldelivery.be\/#\/schema\/logo\/image\/"},"sameAs":["https:\/\/web.facebook.com\/p\/Nachtwinkeldelivery-100063950088979\/"]}]}},"jetpack_sharing_enabled":true,"_links":{"self":[{"href":"https:\/\/nachtwinkeldelivery.be\/fr\/wp-json\/wp\/v2\/product\/5282","targetHints":{"allow":["GET"]}}],"collection":[{"href":"https:\/\/nachtwinkeldelivery.be\/fr\/wp-json\/wp\/v2\/product"}],"about":[{"href":"https:\/\/nachtwinkeldelivery.be\/fr\/wp-json\/wp\/v2\/types\/product"}],"replies":[{"embeddable":true,"href":"https:\/\/nachtwinkeldelivery.be\/fr\/wp-json\/wp\/v2\/comments?post=5282"}],"wp:featuredmedia":[{"embeddable":true,"href":"https:\/\/nachtwinkeldelivery.be\/fr\/wp-json\/wp\/v2\/media\/5283"}],"wp:attachment":[{"href":"https:\/\/nachtwinkeldelivery.be\/fr\/wp-json\/wp\/v2\/media?parent=5282"}],"wp:term":[{"taxonomy":"product_brand","embeddable":true,"href":"https:\/\/nachtwinkeldelivery.be\/fr\/wp-json\/wp\/v2\/product_brand?post=5282"},{"taxonomy":"product_cat","embeddable":true,"href":"https:\/\/nachtwinkeldelivery.be\/fr\/wp-json\/wp\/v2\/product_cat?post=5282"},{"taxonomy":"product_tag","embeddable":true,"href":"https:\/\/nachtwinkeldelivery.be\/fr\/wp-json\/wp\/v2\/product_tag?post=5282"}],"curies":[{"name":"wp","href":"https:\/\/api.w.org\/{rel}","templated":true}]}}