{"id":5324,"date":"2026-01-15T06:30:21","date_gmt":"2026-01-15T06:30:21","guid":{"rendered":"https:\/\/nachtwinkeldelivery.be\/?post_type=product&#038;p=5324"},"modified":"2026-01-15T06:30:21","modified_gmt":"2026-01-15T06:30:21","slug":"stella-artois-fles-33cl-premium-belgisch-pilsbier","status":"publish","type":"product","link":"https:\/\/nachtwinkeldelivery.be\/fr\/produit\/stella-artois-fles-33cl-premium-belgisch-pilsbier\/","title":{"rendered":"Stella Artois Bouteille 33cl - Bi\u00e8re Pilsner belge de qualit\u00e9 sup\u00e9rieure"},"content":{"rendered":"<h3 data-start=\"518\" data-end=\"574\">\ud83c\udf7a Stella Artois 33cl - L'exp\u00e9rience du bar chez vous<\/h3>\n<p data-start=\"575\" data-end=\"761\">Stella Artois est une bi\u00e8re belge embl\u00e9matique, riche d'une longue tradition. <strong data-start=\"652\" data-end=\"660\">1366<\/strong>. Cette bi\u00e8re de qualit\u00e9 sup\u00e9rieure est connue pour ses <strong data-start=\"700\" data-end=\"760\">couleur vive, amertume d\u00e9licate du houblon et finale fra\u00eeche<\/strong>.<\/p>\n<p data-start=\"763\" data-end=\"984\">Servie dans une bouteille fra\u00eeche, la Stella Artois se pr\u00e9sente parfaitement, comme vous la connaissez dans les pubs et les bars. Id\u00e9al pour combiner avec <strong data-start=\"903\" data-end=\"935\">un petit en-cas, comme des chips<\/strong>, Le restaurant est un lieu de rencontre et d'\u00e9change, pour une exp\u00e9rience de consommation d\u00e9tendue et conviviale.<\/p>\n<h3 data-start=\"986\" data-end=\"1005\">\u2714\ufe0f Profil d'ar\u00f4me<\/h3>\n<ul data-start=\"1006\" data-end=\"1141\">\n<li data-start=\"1006\" data-end=\"1057\">\n<p data-start=\"1008\" data-end=\"1057\"><strong data-start=\"1008\" data-end=\"1017\">Ar\u00f4me<\/strong>: l\u00e9g\u00e8rement malt\u00e9 avec de subtiles notes de houblon<\/p>\n<\/li>\n<li data-start=\"1058\" data-end=\"1102\">\n<p data-start=\"1060\" data-end=\"1102\"><strong data-start=\"1060\" data-end=\"1069\">Saveur<\/strong>: frais, \u00e9l\u00e9gant et l\u00e9g\u00e8rement amer<\/p>\n<\/li>\n<li data-start=\"1103\" data-end=\"1141\">\n<p data-start=\"1105\" data-end=\"1141\"><strong data-start=\"1105\" data-end=\"1116\">Finition<\/strong>: propre et rafra\u00eechissant<\/p>\n<\/li>\n<\/ul>\n<h3 data-start=\"1143\" data-end=\"1160\">\u2744\ufe0f Conseil de service<\/h3>\n<p data-start=\"1161\" data-end=\"1246\">Servir <strong data-start=\"1169\" data-end=\"1193\">bien frais (3-5\u00b0C)<\/strong>. Parfait \u00e0 l'ap\u00e9ritif ou avec un petit en-cas.<\/p>\n<hr data-start=\"1248\" data-end=\"1251\" \/>\n<h2 data-start=\"1253\" data-end=\"1280\">\ud83e\uddfe <strong data-start=\"1259\" data-end=\"1280\">Informations sur le produit<\/strong><\/h2>\n<ul data-start=\"1281\" data-end=\"1438\">\n<li data-start=\"1281\" data-end=\"1308\">\n<p data-start=\"1283\" data-end=\"1308\"><strong data-start=\"1283\" data-end=\"1291\">Marque<\/strong>: Stella Artois<\/p>\n<\/li>\n<li data-start=\"1309\" data-end=\"1331\">\n<p data-start=\"1311\" data-end=\"1331\"><strong data-start=\"1311\" data-end=\"1319\">Type<\/strong>Pilsner : Pilsner<\/p>\n<\/li>\n<li data-start=\"1332\" data-end=\"1353\">\n<p data-start=\"1334\" data-end=\"1353\"><strong data-start=\"1334\" data-end=\"1344\">Contenu<\/strong>: 33 cl<\/p>\n<\/li>\n<li data-start=\"1354\" data-end=\"1390\">\n<p data-start=\"1356\" data-end=\"1390\"><strong data-start=\"1356\" data-end=\"1377\">Teneur en alcool<\/strong>: 5.0% vol.<\/p>\n<\/li>\n<li data-start=\"1391\" data-end=\"1415\">\n<p data-start=\"1393\" data-end=\"1415\"><strong data-start=\"1393\" data-end=\"1405\">Origine<\/strong>: Belgique<\/p>\n<\/li>\n<li data-start=\"1416\" data-end=\"1438\">\n<p data-start=\"1418\" data-end=\"1438\"><strong data-start=\"1418\" data-end=\"1432\">Emballage<\/strong>: Bouteille<\/p>\n<\/li>\n<\/ul>","protected":false},"excerpt":{"rendered":"<p data-start=\"345\" data-end=\"479\">Stella Artois est une bi\u00e8re blonde belge raffin\u00e9e au go\u00fbt frais et l\u00e9g\u00e8rement amer. Id\u00e9ale \u00e0 d\u00e9guster fra\u00eeche, comme au bar.<\/p>","protected":false},"featured_media":5325,"comment_status":"open","ping_status":"closed","template":"","meta":[],"product_brand":[],"product_cat":[96,97],"product_tag":[111,115,114,112],"class_list":{"0":"post-5324","1":"product","2":"type-product","3":"status-publish","4":"has-post-thumbnail","6":"product_cat-alcohol","7":"product_cat-beer","8":"product_tag-beer","9":"product_tag-biere","10":"product_tag-feest","11":"product_tag-jupiler","13":"first","14":"instock","15":"taxable","16":"shipping-taxable","17":"purchasable","18":"product-type-simple"},"yoast_head":"<!-- This site is optimized with the Yoast SEO plugin v27.1.1 - https:\/\/yoast.com\/product\/yoast-seo-wordpress\/ -->\n<title>Stella Artois Fles 33cl \u2013 Premium Belgisch Pilsbier - Nachtwinkel Delivery Antwerpen<\/title>\n<meta name=\"robots\" content=\"index, follow, max-snippet:-1, max-image-preview:large, max-video-preview:-1\" \/>\n<link rel=\"canonical\" href=\"https:\/\/nachtwinkeldelivery.be\/fr\/produit\/stella-artois-fles-33cl-premium-belgisch-pilsbier\/\" \/>\n<meta property=\"og:locale\" content=\"fr_FR\" \/>\n<meta property=\"og:type\" content=\"article\" \/>\n<meta property=\"og:title\" content=\"Stella Artois Fles 33cl \u2013 Premium Belgisch Pilsbier - Nachtwinkel Delivery Antwerpen\" \/>\n<meta property=\"og:description\" content=\"Stella Artois is een verfijnd Belgisch pilsbier met een frisse, licht bittere smaak. Ideaal om gekoeld te genieten, net als in de bar.\" \/>\n<meta property=\"og:url\" content=\"https:\/\/nachtwinkeldelivery.be\/fr\/produit\/stella-artois-fles-33cl-premium-belgisch-pilsbier\/\" \/>\n<meta property=\"og:site_name\" content=\"Nachtwinkel Delivery Antwerpen\" \/>\n<meta property=\"article:publisher\" content=\"https:\/\/web.facebook.com\/p\/Nachtwinkeldelivery-100063950088979\/\" \/>\n<meta property=\"og:image\" content=\"https:\/\/nachtwinkeldelivery.be\/wp-content\/uploads\/2026\/01\/ChatGPT-Image-15-janv.-2026-07_19_35.png\" \/>\n\t<meta property=\"og:image:width\" content=\"1024\" \/>\n\t<meta property=\"og:image:height\" content=\"1536\" \/>\n\t<meta property=\"og:image:type\" content=\"image\/png\" \/>\n<meta name=\"twitter:card\" content=\"summary_large_image\" \/>\n<meta name=\"twitter:label1\" content=\"Dur\u00e9e de lecture est.\" \/>\n\t<meta name=\"twitter:data1\" content=\"1 minute\" \/>\n<script type=\"application\/ld+json\" class=\"yoast-schema-graph\">{\"@context\":\"https:\/\/schema.org\",\"@graph\":[{\"@type\":\"WebPage\",\"@id\":\"https:\/\/nachtwinkeldelivery.be\/product\/stella-artois-fles-33cl-premium-belgisch-pilsbier\/\",\"url\":\"https:\/\/nachtwinkeldelivery.be\/product\/stella-artois-fles-33cl-premium-belgisch-pilsbier\/\",\"name\":\"Stella Artois Fles 33cl \u2013 Premium Belgisch Pilsbier - Nachtwinkel Delivery Antwerpen\",\"isPartOf\":{\"@id\":\"https:\/\/nachtwinkeldelivery.be\/#website\"},\"primaryImageOfPage\":{\"@id\":\"https:\/\/nachtwinkeldelivery.be\/product\/stella-artois-fles-33cl-premium-belgisch-pilsbier\/#primaryimage\"},\"image\":{\"@id\":\"https:\/\/nachtwinkeldelivery.be\/product\/stella-artois-fles-33cl-premium-belgisch-pilsbier\/#primaryimage\"},\"thumbnailUrl\":\"https:\/\/i0.wp.com\/nachtwinkeldelivery.be\/wp-content\/uploads\/2026\/01\/ChatGPT-Image-15-janv.-2026-07_19_35.png?fit=1024%2C1536&ssl=1\",\"datePublished\":\"2026-01-15T06:30:21+00:00\",\"breadcrumb\":{\"@id\":\"https:\/\/nachtwinkeldelivery.be\/product\/stella-artois-fles-33cl-premium-belgisch-pilsbier\/#breadcrumb\"},\"inLanguage\":\"fr-BE\",\"potentialAction\":[{\"@type\":\"ReadAction\",\"target\":[\"https:\/\/nachtwinkeldelivery.be\/product\/stella-artois-fles-33cl-premium-belgisch-pilsbier\/\"]}]},{\"@type\":\"ImageObject\",\"inLanguage\":\"fr-BE\",\"@id\":\"https:\/\/nachtwinkeldelivery.be\/product\/stella-artois-fles-33cl-premium-belgisch-pilsbier\/#primaryimage\",\"url\":\"https:\/\/i0.wp.com\/nachtwinkeldelivery.be\/wp-content\/uploads\/2026\/01\/ChatGPT-Image-15-janv.-2026-07_19_35.png?fit=1024%2C1536&ssl=1\",\"contentUrl\":\"https:\/\/i0.wp.com\/nachtwinkeldelivery.be\/wp-content\/uploads\/2026\/01\/ChatGPT-Image-15-janv.-2026-07_19_35.png?fit=1024%2C1536&ssl=1\",\"width\":1024,\"height\":1536},{\"@type\":\"BreadcrumbList\",\"@id\":\"https:\/\/nachtwinkeldelivery.be\/product\/stella-artois-fles-33cl-premium-belgisch-pilsbier\/#breadcrumb\",\"itemListElement\":[{\"@type\":\"ListItem\",\"position\":1,\"name\":\"Home\",\"item\":\"https:\/\/nachtwinkeldelivery.be\/\"},{\"@type\":\"ListItem\",\"position\":2,\"name\":\"Shop\",\"item\":\"https:\/\/nachtwinkeldelivery.be\/shop\/\"},{\"@type\":\"ListItem\",\"position\":3,\"name\":\"Stella Artois Fles 33cl \u2013 Premium Belgisch Pilsbier\"}]},{\"@type\":\"WebSite\",\"@id\":\"https:\/\/nachtwinkeldelivery.be\/#website\",\"url\":\"https:\/\/nachtwinkeldelivery.be\/\",\"name\":\"Nachtwinkel Delivery Antwerpen\",\"description\":\"Nachtwinkel Delivery\",\"publisher\":{\"@id\":\"https:\/\/nachtwinkeldelivery.be\/#organization\"},\"potentialAction\":[{\"@type\":\"SearchAction\",\"target\":{\"@type\":\"EntryPoint\",\"urlTemplate\":\"https:\/\/nachtwinkeldelivery.be\/?s={search_term_string}\"},\"query-input\":{\"@type\":\"PropertyValueSpecification\",\"valueRequired\":true,\"valueName\":\"search_term_string\"}}],\"inLanguage\":\"fr-BE\"},{\"@type\":\"Organization\",\"@id\":\"https:\/\/nachtwinkeldelivery.be\/#organization\",\"name\":\"Nachtwinkel Delivery Antwerpen\",\"url\":\"https:\/\/nachtwinkeldelivery.be\/\",\"logo\":{\"@type\":\"ImageObject\",\"inLanguage\":\"fr-BE\",\"@id\":\"https:\/\/nachtwinkeldelivery.be\/#\/schema\/logo\/image\/\",\"url\":\"https:\/\/nachtwinkeldelivery.be\/wp-content\/uploads\/2025\/12\/Gemini_Generated_Image_8hhdu98hhdu98hhd-removebg-preview.png\",\"contentUrl\":\"https:\/\/nachtwinkeldelivery.be\/wp-content\/uploads\/2025\/12\/Gemini_Generated_Image_8hhdu98hhdu98hhd-removebg-preview.png\",\"width\":939,\"height\":266,\"caption\":\"Nachtwinkel Delivery Antwerpen\"},\"image\":{\"@id\":\"https:\/\/nachtwinkeldelivery.be\/#\/schema\/logo\/image\/\"},\"sameAs\":[\"https:\/\/web.facebook.com\/p\/Nachtwinkeldelivery-100063950088979\/\"]}]}<\/script>\n<!-- \/ Yoast SEO plugin. -->","yoast_head_json":{"title":"Stella Artois Fles 33cl \u2013 Premium Belgisch Pilsbier - Nachtwinkel Delivery Antwerpen","robots":{"index":"index","follow":"follow","max-snippet":"max-snippet:-1","max-image-preview":"max-image-preview:large","max-video-preview":"max-video-preview:-1"},"canonical":"https:\/\/nachtwinkeldelivery.be\/fr\/produit\/stella-artois-fles-33cl-premium-belgisch-pilsbier\/","og_locale":"fr_FR","og_type":"article","og_title":"Stella Artois Fles 33cl \u2013 Premium Belgisch Pilsbier - Nachtwinkel Delivery Antwerpen","og_description":"Stella Artois is een verfijnd Belgisch pilsbier met een frisse, licht bittere smaak. Ideaal om gekoeld te genieten, net als in de bar.","og_url":"https:\/\/nachtwinkeldelivery.be\/fr\/produit\/stella-artois-fles-33cl-premium-belgisch-pilsbier\/","og_site_name":"Nachtwinkel Delivery Antwerpen","article_publisher":"https:\/\/web.facebook.com\/p\/Nachtwinkeldelivery-100063950088979\/","og_image":[{"width":1024,"height":1536,"url":"https:\/\/nachtwinkeldelivery.be\/wp-content\/uploads\/2026\/01\/ChatGPT-Image-15-janv.-2026-07_19_35.png","type":"image\/png"}],"twitter_card":"summary_large_image","twitter_misc":{"Dur\u00e9e de lecture est.":"1 minute"},"schema":{"@context":"https:\/\/schema.org","@graph":[{"@type":"WebPage","@id":"https:\/\/nachtwinkeldelivery.be\/product\/stella-artois-fles-33cl-premium-belgisch-pilsbier\/","url":"https:\/\/nachtwinkeldelivery.be\/product\/stella-artois-fles-33cl-premium-belgisch-pilsbier\/","name":"Stella Artois Fles 33cl \u2013 Premium Belgisch Pilsbier - Nachtwinkel Delivery Antwerpen","isPartOf":{"@id":"https:\/\/nachtwinkeldelivery.be\/#website"},"primaryImageOfPage":{"@id":"https:\/\/nachtwinkeldelivery.be\/product\/stella-artois-fles-33cl-premium-belgisch-pilsbier\/#primaryimage"},"image":{"@id":"https:\/\/nachtwinkeldelivery.be\/product\/stella-artois-fles-33cl-premium-belgisch-pilsbier\/#primaryimage"},"thumbnailUrl":"https:\/\/i0.wp.com\/nachtwinkeldelivery.be\/wp-content\/uploads\/2026\/01\/ChatGPT-Image-15-janv.-2026-07_19_35.png?fit=1024%2C1536&ssl=1","datePublished":"2026-01-15T06:30:21+00:00","breadcrumb":{"@id":"https:\/\/nachtwinkeldelivery.be\/product\/stella-artois-fles-33cl-premium-belgisch-pilsbier\/#breadcrumb"},"inLanguage":"fr-BE","potentialAction":[{"@type":"ReadAction","target":["https:\/\/nachtwinkeldelivery.be\/product\/stella-artois-fles-33cl-premium-belgisch-pilsbier\/"]}]},{"@type":"ImageObject","inLanguage":"fr-BE","@id":"https:\/\/nachtwinkeldelivery.be\/product\/stella-artois-fles-33cl-premium-belgisch-pilsbier\/#primaryimage","url":"https:\/\/i0.wp.com\/nachtwinkeldelivery.be\/wp-content\/uploads\/2026\/01\/ChatGPT-Image-15-janv.-2026-07_19_35.png?fit=1024%2C1536&ssl=1","contentUrl":"https:\/\/i0.wp.com\/nachtwinkeldelivery.be\/wp-content\/uploads\/2026\/01\/ChatGPT-Image-15-janv.-2026-07_19_35.png?fit=1024%2C1536&ssl=1","width":1024,"height":1536},{"@type":"BreadcrumbList","@id":"https:\/\/nachtwinkeldelivery.be\/product\/stella-artois-fles-33cl-premium-belgisch-pilsbier\/#breadcrumb","itemListElement":[{"@type":"ListItem","position":1,"name":"Home","item":"https:\/\/nachtwinkeldelivery.be\/"},{"@type":"ListItem","position":2,"name":"Shop","item":"https:\/\/nachtwinkeldelivery.be\/shop\/"},{"@type":"ListItem","position":3,"name":"Stella Artois Fles 33cl \u2013 Premium Belgisch Pilsbier"}]},{"@type":"WebSite","@id":"https:\/\/nachtwinkeldelivery.be\/#website","url":"https:\/\/nachtwinkeldelivery.be\/","name":"Livraison Nightshop Anvers","description":"Nachtwinkel Delivery","publisher":{"@id":"https:\/\/nachtwinkeldelivery.be\/#organization"},"potentialAction":[{"@type":"SearchAction","target":{"@type":"EntryPoint","urlTemplate":"https:\/\/nachtwinkeldelivery.be\/?s={search_term_string}"},"query-input":{"@type":"PropertyValueSpecification","valueRequired":true,"valueName":"search_term_string"}}],"inLanguage":"fr-BE"},{"@type":"Organization","@id":"https:\/\/nachtwinkeldelivery.be\/#organization","name":"Livraison Nightshop Anvers","url":"https:\/\/nachtwinkeldelivery.be\/","logo":{"@type":"ImageObject","inLanguage":"fr-BE","@id":"https:\/\/nachtwinkeldelivery.be\/#\/schema\/logo\/image\/","url":"https:\/\/nachtwinkeldelivery.be\/wp-content\/uploads\/2025\/12\/Gemini_Generated_Image_8hhdu98hhdu98hhd-removebg-preview.png","contentUrl":"https:\/\/nachtwinkeldelivery.be\/wp-content\/uploads\/2025\/12\/Gemini_Generated_Image_8hhdu98hhdu98hhd-removebg-preview.png","width":939,"height":266,"caption":"Nachtwinkel Delivery Antwerpen"},"image":{"@id":"https:\/\/nachtwinkeldelivery.be\/#\/schema\/logo\/image\/"},"sameAs":["https:\/\/web.facebook.com\/p\/Nachtwinkeldelivery-100063950088979\/"]}]}},"jetpack_sharing_enabled":true,"_links":{"self":[{"href":"https:\/\/nachtwinkeldelivery.be\/fr\/wp-json\/wp\/v2\/product\/5324","targetHints":{"allow":["GET"]}}],"collection":[{"href":"https:\/\/nachtwinkeldelivery.be\/fr\/wp-json\/wp\/v2\/product"}],"about":[{"href":"https:\/\/nachtwinkeldelivery.be\/fr\/wp-json\/wp\/v2\/types\/product"}],"replies":[{"embeddable":true,"href":"https:\/\/nachtwinkeldelivery.be\/fr\/wp-json\/wp\/v2\/comments?post=5324"}],"wp:featuredmedia":[{"embeddable":true,"href":"https:\/\/nachtwinkeldelivery.be\/fr\/wp-json\/wp\/v2\/media\/5325"}],"wp:attachment":[{"href":"https:\/\/nachtwinkeldelivery.be\/fr\/wp-json\/wp\/v2\/media?parent=5324"}],"wp:term":[{"taxonomy":"product_brand","embeddable":true,"href":"https:\/\/nachtwinkeldelivery.be\/fr\/wp-json\/wp\/v2\/product_brand?post=5324"},{"taxonomy":"product_cat","embeddable":true,"href":"https:\/\/nachtwinkeldelivery.be\/fr\/wp-json\/wp\/v2\/product_cat?post=5324"},{"taxonomy":"product_tag","embeddable":true,"href":"https:\/\/nachtwinkeldelivery.be\/fr\/wp-json\/wp\/v2\/product_tag?post=5324"}],"curies":[{"name":"wp","href":"https:\/\/api.w.org\/{rel}","templated":true}]}}